{"id":2736,"date":"2019-10-14T08:36:33","date_gmt":"2019-10-14T08:36:33","guid":{"rendered":"https:\/\/scantank.ee\/palvelut\/asennus\/"},"modified":"2025-05-22T21:51:44","modified_gmt":"2025-05-22T21:51:44","slug":"asennus","status":"publish","type":"page","link":"https:\/\/www.scantank.ee\/fi\/palvelut\/asennus\/","title":{"rendered":"Asennus"},"content":{"rendered":"<div class=\"wpb-content-wrapper\"><p>[vc_row][vc_column][vc_column_text el_class=&#8221;short&#8221;]<\/p>\n<h2 style=\"text-align: center;\">Tilaa asennus meid\u00e4n kauttamme<\/h2>\n<p>[\/vc_column_text][vc_separator el_width=&#8221;50&#8243; css=&#8221;.vc_custom_1569956337964{margin-top: 3% !important;margin-bottom: 3% !important;}&#8221;]\n<div class=\"wpcf7 no-js\" id=\"wpcf7-f2753-o1\" lang=\"et\" dir=\"ltr\">\n<div class=\"screen-reader-response\"><p role=\"status\" aria-live=\"polite\" aria-atomic=\"true\"><\/p> <ul><\/ul><\/div>\n<form action=\"\/fi\/wp-json\/wp\/v2\/pages\/2736#wpcf7-f2753-o1\" method=\"post\" class=\"wpcf7-form init\" aria-label=\"Contact form\" novalidate=\"novalidate\" data-status=\"init\">\n<div style=\"display: none;\">\n<input type=\"hidden\" name=\"_wpcf7\" value=\"2753\" \/>\n<input type=\"hidden\" name=\"_wpcf7_version\" value=\"5.9.7\" \/>\n<input type=\"hidden\" name=\"_wpcf7_locale\" value=\"et\" \/>\n<input type=\"hidden\" name=\"_wpcf7_unit_tag\" value=\"wpcf7-f2753-o1\" \/>\n<input type=\"hidden\" name=\"_wpcf7_container_post\" value=\"0\" \/>\n<input type=\"hidden\" name=\"_wpcf7_posted_data_hash\" value=\"\" \/>\n<input type=\"hidden\" name=\"_wpcf7_recaptcha_response\" value=\"\" \/>\n<\/div>\n<div class=\"row\">\n    <div class=\"col-lg-6\">\n        <div class=\"form-group\">\n            <label for=\"contact-name\">Etu- ja sukunimi *<\/label>\n            <span class=\"wpcf7-form-control-wrap\" data-name=\"nimi\"><input size=\"40\" maxlength=\"400\" class=\"wpcf7-form-control wpcf7-text wpcf7-validates-as-required form-control\" id=\"contact-name\" aria-required=\"true\" aria-invalid=\"false\" value=\"\" type=\"text\" name=\"nimi\" \/><\/span>\n        <\/div>\n    <\/div>\n    <div class=\"col-lg-6\">\n        <div class=\"form-group\">\n            <label for=\"contact-email\">S\u00e4hk\u00f6postiosoite *<\/label>\n            <span class=\"wpcf7-form-control-wrap\" data-name=\"epost\"><input size=\"40\" maxlength=\"400\" class=\"wpcf7-form-control wpcf7-email wpcf7-validates-as-required wpcf7-text wpcf7-validates-as-email form-control\" id=\"contact-email\" aria-required=\"true\" aria-invalid=\"false\" value=\"\" type=\"email\" name=\"epost\" \/><\/span>\n        <\/div>\n    <\/div>\n    <div class=\"col-lg-12\">\n        <div class=\"form-group\">\n            <label for=\"contact-subject\">Osoite<\/label>\n            <span class=\"wpcf7-form-control-wrap\" data-name=\"teema\"><input size=\"40\" maxlength=\"400\" class=\"wpcf7-form-control wpcf7-text form-control\" id=\"contact-subject\" aria-invalid=\"false\" value=\"\" type=\"text\" name=\"teema\" \/><\/span>\n        <\/div>\n    <\/div>\n    <div class=\"col-lg-12\">\n        <div class=\"form-group\">\n            <label for=\"contact-message\">Kohteen kuvaus<\/label>\n            <span class=\"wpcf7-form-control-wrap\" data-name=\"sisu\"><textarea cols=\"40\" rows=\"10\" maxlength=\"2000\" class=\"wpcf7-form-control wpcf7-textarea form-control\" id=\"contact-message\" aria-invalid=\"false\" name=\"sisu\"><\/textarea><\/span>\n        <\/div>\n    <\/div>\n    <div class=\"col-lg-12\">\n        <div class=\"form-group\">\n            <input class=\"wpcf7-form-control wpcf7-submit has-spinner btn btn-primary btn-lg\" type=\"submit\" value=\"L\u00e4het\u00e4 viesti\" \/>\n        <\/div>\n    <\/div>\n<\/div><input type='hidden' class='wpcf7-pum' value='{\"closepopup\":false,\"closedelay\":0,\"openpopup\":false,\"openpopup_id\":0}' \/><div class=\"wpcf7-response-output\" aria-hidden=\"true\"><\/div>\n<\/form>\n<\/div>\n[\/vc_column][\/vc_row]<\/p>\n<\/div>","protected":false},"excerpt":{"rendered":"<p>[vc_row][vc_column][vc_column_text el_class=&#8221;short&#8221;] Tilaa asennus meid\u00e4n kauttamme [\/vc_column_text][vc_separator el_width=&#8221;50&#8243; css=&#8221;.vc_custom_1569956337964{margin-top: 3% !important;margin-bottom: 3% !important;}&#8221;][\/vc_column][\/vc_row]<\/p>\n","protected":false},"author":2,"featured_media":0,"parent":2735,"menu_order":0,"comment_status":"closed","ping_status":"closed","template":"","meta":{"_acf_changed":false,"inline_featured_image":false,"_exactmetrics_skip_tracking":false,"_exactmetrics_sitenote_active":false,"_exactmetrics_sitenote_note":"","_exactmetrics_sitenote_category":0,"_monsterinsights_skip_tracking":false,"_monsterinsights_sitenote_active":false,"_monsterinsights_sitenote_note":"","_monsterinsights_sitenote_category":0,"footnotes":""},"class_list":["post-2736","page","type-page","status-publish","hentry"],"acf":[],"yoast_head":"<!-- This site is optimized with the Yoast SEO plugin v23.1 - https:\/\/yoast.com\/wordpress\/plugins\/seo\/ -->\n<title>Asennus |% Tarjoamme kaikkien tuotteiden asennusta kaikkialla Virossa.<\/title>\n<meta name=\"description\" content=\"Asennus ja toimitus. Kaikkien Scantank O\u00dc:n valikoimaan kuuluvien tuotteiden asennus kaikkialla Virossa. Tuotteilla 10 vuoden takuu! Lue lis\u00e4\u00e4 ja ota yhteytt\u00e4!\" \/>\n<meta name=\"robots\" content=\"index, follow, max-snippet:-1, max-image-preview:large, max-video-preview:-1\" \/>\n<link rel=\"canonical\" href=\"https:\/\/www.scantank.ee\/fi\/palvelut\/asennus\/\" \/>\n<meta property=\"og:locale\" content=\"fi_FI\" \/>\n<meta property=\"og:type\" content=\"article\" \/>\n<meta property=\"og:title\" content=\"SCANTANK O\u00dc\" \/>\n<meta property=\"og:description\" content=\"Scantank O\u00dc on lasikuidulla lujitetusta muovista valmistettuja s\u00e4ili\u00f6it\u00e4 ja linjakuivatuskouruja myyv\u00e4 nykyaikainen yritys, jolla on suuri tuotevalikoima.\" \/>\n<meta property=\"og:url\" content=\"https:\/\/www.scantank.ee\/fi\/palvelut\/asennus\/\" \/>\n<meta property=\"og:site_name\" content=\"Scantank\" \/>\n<meta property=\"article:publisher\" content=\"http:\/\/www.facebook.com\/scantank\" \/>\n<meta property=\"article:modified_time\" content=\"2025-05-22T21:51:44+00:00\" \/>\n<meta property=\"og:image\" content=\"https:\/\/www.scantank.ee\/wp-content\/uploads\/2020\/02\/Scantank-social-share.png\" \/>\n\t<meta property=\"og:image:width\" content=\"600\" \/>\n\t<meta property=\"og:image:height\" content=\"315\" \/>\n\t<meta property=\"og:image:type\" content=\"image\/png\" \/>\n<meta name=\"twitter:card\" content=\"summary_large_image\" \/>\n<script type=\"application\/ld+json\" class=\"yoast-schema-graph\">{\"@context\":\"https:\/\/schema.org\",\"@graph\":[{\"@type\":\"WebPage\",\"@id\":\"https:\/\/www.scantank.ee\/fi\/palvelut\/asennus\/\",\"url\":\"https:\/\/www.scantank.ee\/fi\/palvelut\/asennus\/\",\"name\":\"Asennus |% Tarjoamme kaikkien tuotteiden asennusta kaikkialla Virossa.\",\"isPartOf\":{\"@id\":\"https:\/\/scantank.ee\/#website\"},\"datePublished\":\"2019-10-14T08:36:33+00:00\",\"dateModified\":\"2025-05-22T21:51:44+00:00\",\"description\":\"Asennus ja toimitus. Kaikkien Scantank O\u00dc:n valikoimaan kuuluvien tuotteiden asennus kaikkialla Virossa. Tuotteilla 10 vuoden takuu! Lue lis\u00e4\u00e4 ja ota yhteytt\u00e4!\",\"breadcrumb\":{\"@id\":\"https:\/\/www.scantank.ee\/fi\/palvelut\/asennus\/#breadcrumb\"},\"inLanguage\":\"fi\",\"potentialAction\":[{\"@type\":\"ReadAction\",\"target\":[\"https:\/\/www.scantank.ee\/fi\/palvelut\/asennus\/\"]}]},{\"@type\":\"BreadcrumbList\",\"@id\":\"https:\/\/www.scantank.ee\/fi\/palvelut\/asennus\/#breadcrumb\",\"itemListElement\":[{\"@type\":\"ListItem\",\"position\":1,\"name\":\"Home\",\"item\":\"https:\/\/www.scantank.ee\/fi\/\"},{\"@type\":\"ListItem\",\"position\":2,\"name\":\"Palvelut\",\"item\":\"https:\/\/www.scantank.ee\/fi\/palvelut\/\"},{\"@type\":\"ListItem\",\"position\":3,\"name\":\"Asennus\"}]},{\"@type\":\"WebSite\",\"@id\":\"https:\/\/scantank.ee\/#website\",\"url\":\"https:\/\/scantank.ee\/\",\"name\":\"Scantank\",\"description\":\"\",\"publisher\":{\"@id\":\"https:\/\/scantank.ee\/#organization\"},\"potentialAction\":[{\"@type\":\"SearchAction\",\"target\":{\"@type\":\"EntryPoint\",\"urlTemplate\":\"https:\/\/scantank.ee\/?s={search_term_string}\"},\"query-input\":\"required name=search_term_string\"}],\"inLanguage\":\"fi\"},{\"@type\":\"Organization\",\"@id\":\"https:\/\/scantank.ee\/#organization\",\"name\":\"Scantank O\u00dc\",\"url\":\"https:\/\/scantank.ee\/\",\"logo\":{\"@type\":\"ImageObject\",\"inLanguage\":\"fi\",\"@id\":\"https:\/\/scantank.ee\/#\/schema\/logo\/image\/\",\"url\":\"https:\/\/scantank.ee\/wp-content\/uploads\/2019\/08\/scantank-new.png\",\"contentUrl\":\"https:\/\/scantank.ee\/wp-content\/uploads\/2019\/08\/scantank-new.png\",\"width\":1041,\"height\":221,\"caption\":\"Scantank O\u00dc\"},\"image\":{\"@id\":\"https:\/\/scantank.ee\/#\/schema\/logo\/image\/\"},\"sameAs\":[\"http:\/\/www.facebook.com\/scantank\"]}]}<\/script>\n<!-- \/ Yoast SEO plugin. -->","yoast_head_json":{"title":"Asennus |% Tarjoamme kaikkien tuotteiden asennusta kaikkialla Virossa.","description":"Asennus ja toimitus. Kaikkien Scantank O\u00dc:n valikoimaan kuuluvien tuotteiden asennus kaikkialla Virossa. Tuotteilla 10 vuoden takuu! Lue lis\u00e4\u00e4 ja ota yhteytt\u00e4!","robots":{"index":"index","follow":"follow","max-snippet":"max-snippet:-1","max-image-preview":"max-image-preview:large","max-video-preview":"max-video-preview:-1"},"canonical":"https:\/\/www.scantank.ee\/fi\/palvelut\/asennus\/","og_locale":"fi_FI","og_type":"article","og_title":"SCANTANK O\u00dc","og_description":"Scantank O\u00dc on lasikuidulla lujitetusta muovista valmistettuja s\u00e4ili\u00f6it\u00e4 ja linjakuivatuskouruja myyv\u00e4 nykyaikainen yritys, jolla on suuri tuotevalikoima.","og_url":"https:\/\/www.scantank.ee\/fi\/palvelut\/asennus\/","og_site_name":"Scantank","article_publisher":"http:\/\/www.facebook.com\/scantank","article_modified_time":"2025-05-22T21:51:44+00:00","og_image":[{"width":600,"height":315,"url":"https:\/\/www.scantank.ee\/wp-content\/uploads\/2020\/02\/Scantank-social-share.png","type":"image\/png"}],"twitter_card":"summary_large_image","schema":{"@context":"https:\/\/schema.org","@graph":[{"@type":"WebPage","@id":"https:\/\/www.scantank.ee\/fi\/palvelut\/asennus\/","url":"https:\/\/www.scantank.ee\/fi\/palvelut\/asennus\/","name":"Asennus |% Tarjoamme kaikkien tuotteiden asennusta kaikkialla Virossa.","isPartOf":{"@id":"https:\/\/scantank.ee\/#website"},"datePublished":"2019-10-14T08:36:33+00:00","dateModified":"2025-05-22T21:51:44+00:00","description":"Asennus ja toimitus. Kaikkien Scantank O\u00dc:n valikoimaan kuuluvien tuotteiden asennus kaikkialla Virossa. Tuotteilla 10 vuoden takuu! Lue lis\u00e4\u00e4 ja ota yhteytt\u00e4!","breadcrumb":{"@id":"https:\/\/www.scantank.ee\/fi\/palvelut\/asennus\/#breadcrumb"},"inLanguage":"fi","potentialAction":[{"@type":"ReadAction","target":["https:\/\/www.scantank.ee\/fi\/palvelut\/asennus\/"]}]},{"@type":"BreadcrumbList","@id":"https:\/\/www.scantank.ee\/fi\/palvelut\/asennus\/#breadcrumb","itemListElement":[{"@type":"ListItem","position":1,"name":"Home","item":"https:\/\/www.scantank.ee\/fi\/"},{"@type":"ListItem","position":2,"name":"Palvelut","item":"https:\/\/www.scantank.ee\/fi\/palvelut\/"},{"@type":"ListItem","position":3,"name":"Asennus"}]},{"@type":"WebSite","@id":"https:\/\/scantank.ee\/#website","url":"https:\/\/scantank.ee\/","name":"Scantank","description":"","publisher":{"@id":"https:\/\/scantank.ee\/#organization"},"potentialAction":[{"@type":"SearchAction","target":{"@type":"EntryPoint","urlTemplate":"https:\/\/scantank.ee\/?s={search_term_string}"},"query-input":"required name=search_term_string"}],"inLanguage":"fi"},{"@type":"Organization","@id":"https:\/\/scantank.ee\/#organization","name":"Scantank O\u00dc","url":"https:\/\/scantank.ee\/","logo":{"@type":"ImageObject","inLanguage":"fi","@id":"https:\/\/scantank.ee\/#\/schema\/logo\/image\/","url":"https:\/\/scantank.ee\/wp-content\/uploads\/2019\/08\/scantank-new.png","contentUrl":"https:\/\/scantank.ee\/wp-content\/uploads\/2019\/08\/scantank-new.png","width":1041,"height":221,"caption":"Scantank O\u00dc"},"image":{"@id":"https:\/\/scantank.ee\/#\/schema\/logo\/image\/"},"sameAs":["http:\/\/www.facebook.com\/scantank"]}]}},"_links":{"self":[{"href":"https:\/\/www.scantank.ee\/fi\/wp-json\/wp\/v2\/pages\/2736"}],"collection":[{"href":"https:\/\/www.scantank.ee\/fi\/wp-json\/wp\/v2\/pages"}],"about":[{"href":"https:\/\/www.scantank.ee\/fi\/wp-json\/wp\/v2\/types\/page"}],"author":[{"embeddable":true,"href":"https:\/\/www.scantank.ee\/fi\/wp-json\/wp\/v2\/users\/2"}],"replies":[{"embeddable":true,"href":"https:\/\/www.scantank.ee\/fi\/wp-json\/wp\/v2\/comments?post=2736"}],"version-history":[{"count":5,"href":"https:\/\/www.scantank.ee\/fi\/wp-json\/wp\/v2\/pages\/2736\/revisions"}],"predecessor-version":[{"id":7287,"href":"https:\/\/www.scantank.ee\/fi\/wp-json\/wp\/v2\/pages\/2736\/revisions\/7287"}],"up":[{"embeddable":true,"href":"https:\/\/www.scantank.ee\/fi\/wp-json\/wp\/v2\/pages\/2735"}],"wp:attachment":[{"href":"https:\/\/www.scantank.ee\/fi\/wp-json\/wp\/v2\/media?parent=2736"}],"curies":[{"name":"wp","href":"https:\/\/api.w.org\/{rel}","templated":true}]}}