{"id":2291,"date":"2019-08-09T09:51:09","date_gmt":"2019-10-14T08:30:36","guid":{"rendered":"https:\/\/scantank.ee\/toode\/2-m3-saostuskaivo\/"},"modified":"2022-08-03T10:35:18","modified_gmt":"2022-08-03T10:35:18","slug":"2-m3-saostuskaivo","status":"publish","type":"product","link":"https:\/\/www.scantank.ee\/fi\/toode\/2-m3-saostuskaivo\/","title":{"rendered":"Saostuskaivo 2\u201315 m3"},"content":{"rendered":"<h2>Saostuskaivo 2\u201315 m3<\/h2>\n<p>Saostuskaivo eli sakokaivo on kolmikammioinen s\u00e4ili\u00f6. Se on p\u00e4\u00e4lt\u00e4 umpinainen saostusastia, jossa saostuneen, virtaavan j\u00e4teveden kanssa kosketuksiin joutuvan lietteen orgaaninen aines hajoaa anaerobisesti. J\u00e4tevesi puhdistuu imeytysj\u00e4rjestelm\u00e4ss\u00e4 sepelikerroksessa ja sit\u00e4 ymp\u00e4r\u00f6iv\u00e4ss\u00e4 maaper\u00e4ss\u00e4. Saostuskaivoa k\u00e4ytet\u00e4\u00e4n l\u00e4hinn\u00e4 paikoissa, joita ei ole yhdistetty yleiseen j\u00e4tevesij\u00e4rjestelm\u00e4\u00e4n.\u00a0<sup id=\"cite_ref-pUung_1-0\" class=\"reference\"><\/sup> Saostuskaivon k\u00e4ytt\u00f6 auttaa s\u00e4\u00e4st\u00e4m\u00e4\u00e4n kuukausittaisissa kustannuksissa. Tyhjennys tapahtuu tarpeen mukaan, mutta se tulisi ehdottomasti tehd\u00e4 vuosittain. Lujitemuovista valmistetun saostuskaivon asennusta suunniteltaessa s\u00e4ili\u00f6n tilavuudeksi tulee laskea v\u00e4hint\u00e4\u00e4n 500 l henkil\u00f6\u00e4 kohden.<\/p>\n<ul>\n<li>Saostuskaivo 2000\u201315000 litraa.<\/li>\n<li>Tyhjennysputki \u2205 400 mm.<\/li>\n<li>Takuu: 10 vuotta.<\/li>\n<li>Tuotteiden mukana tulee CE-sertifikaatti sek\u00e4 asennus- ja huolto-ohje.<\/li>\n<li>Imeytyskentt\u00e4 voidaan tilata erikseen lis\u00e4n\u00e4.<\/li>\n<\/ul>\n<p><a href=\"https:\/\/scantank.ee\/wp-content\/uploads\/2019\/08\/Septikud_2-10_m3..pdf\">Saostuskaivot_2\u201310_m3<\/a><\/p>\n<p>\u00a0<\/p>\n<p>\u00a0<\/p>\n<p>\u00a0<\/p>\n<p>\u00a0<\/p>\n","protected":false},"excerpt":{"rendered":"<p>Saostuskaivo 2\u201315 m3 Saostuskaivo eli sakokaivo on kolmikammioinen s\u00e4ili\u00f6. Se on p\u00e4\u00e4lt\u00e4 umpinainen saostusastia, jossa saostuneen, virtaavan j\u00e4teveden kanssa kosketuksiin joutuvan lietteen orgaaninen aines hajoaa anaerobisesti. J\u00e4tevesi puhdistuu imeytysj\u00e4rjestelm\u00e4ss\u00e4 sepelikerroksessa ja sit\u00e4 ymp\u00e4r\u00f6iv\u00e4ss\u00e4 maaper\u00e4ss\u00e4. Saostuskaivoa k\u00e4ytet\u00e4\u00e4n l\u00e4hinn\u00e4 paikoissa, joita ei ole yhdistetty yleiseen j\u00e4tevesij\u00e4rjestelm\u00e4\u00e4n.\u00a0 Saostuskaivon k\u00e4ytt\u00f6 auttaa s\u00e4\u00e4st\u00e4m\u00e4\u00e4n kuukausittaisissa kustannuksissa. Tyhjennys tapahtuu tarpeen mukaan, mutta [&hellip;]<\/p>\n","protected":false},"featured_media":2292,"template":"","meta":{"_acf_changed":false,"inline_featured_image":false,"_exactmetrics_skip_tracking":false,"_exactmetrics_sitenote_active":false,"_exactmetrics_sitenote_note":"","_exactmetrics_sitenote_category":0,"_monsterinsights_skip_tracking":false,"_monsterinsights_sitenote_active":false,"_monsterinsights_sitenote_note":"","_monsterinsights_sitenote_category":0},"product_cat":[148],"product_tag":[],"class_list":{"0":"post-2291","1":"product","2":"type-product","3":"status-publish","4":"has-post-thumbnail","6":"product_cat-saostuskaivot","8":"first","9":"instock","10":"shipping-taxable","11":"product-type-simple"},"acf":[],"yoast_head":"<!-- This site is optimized with the Yoast SEO plugin v23.1 - https:\/\/yoast.com\/wordpress\/plugins\/seo\/ -->\n<title>Saostuskaivo 2\u201315 m3 | Kest\u00e4v\u00e4t lujitemuovista valmistetut saostuskaivot. Takuu 10 vuotta!<\/title>\n<meta name=\"description\" content=\"Saostuskaivo 2m3, valmistettu kest\u00e4v\u00e4st\u00e4 lasikuitumuovista k\u00e4\u00e4mitysmenetelm\u00e4ll\u00e4. Takuu 10 vuotta! Toimitus ja asennus! Ota yhteytt\u00e4! Puh. 5845 1580, info@scantank.ee\" \/>\n<meta name=\"robots\" content=\"index, follow, max-snippet:-1, max-image-preview:large, max-video-preview:-1\" \/>\n<link rel=\"canonical\" href=\"https:\/\/www.scantank.ee\/fi\/toode\/2-m3-saostuskaivo\/\" \/>\n<meta property=\"og:locale\" content=\"fi_FI\" \/>\n<meta property=\"og:type\" content=\"article\" \/>\n<meta property=\"og:title\" content=\"Saostuskaivo 2\u201315 m3 | Kest\u00e4v\u00e4t lujitemuovista valmistetut saostuskaivot. Takuu 10 vuotta!\" \/>\n<meta property=\"og:description\" content=\"Saostuskaivo 2m3, valmistettu kest\u00e4v\u00e4st\u00e4 lasikuitumuovista k\u00e4\u00e4mitysmenetelm\u00e4ll\u00e4. Takuu 10 vuotta! Toimitus ja asennus! Ota yhteytt\u00e4! Puh. 5845 1580, info@scantank.ee\" \/>\n<meta property=\"og:url\" content=\"https:\/\/www.scantank.ee\/fi\/toode\/2-m3-saostuskaivo\/\" \/>\n<meta property=\"og:site_name\" content=\"Scantank\" \/>\n<meta property=\"article:publisher\" content=\"http:\/\/www.facebook.com\/scantank\" \/>\n<meta property=\"article:modified_time\" content=\"2022-08-03T10:35:18+00:00\" \/>\n<meta property=\"og:image\" content=\"https:\/\/www.scantank.ee\/wp-content\/uploads\/2019\/08\/Septik1.jpg\" \/>\n\t<meta property=\"og:image:width\" content=\"800\" \/>\n\t<meta property=\"og:image:height\" content=\"800\" \/>\n\t<meta property=\"og:image:type\" content=\"image\/jpeg\" \/>\n<meta name=\"twitter:card\" content=\"summary_large_image\" \/>\n<meta name=\"twitter:label1\" content=\"Arvioitu lukuaika\" \/>\n\t<meta name=\"twitter:data1\" content=\"1 minuutti\" \/>\n<script type=\"application\/ld+json\" class=\"yoast-schema-graph\">{\"@context\":\"https:\/\/schema.org\",\"@graph\":[{\"@type\":\"WebPage\",\"@id\":\"https:\/\/www.scantank.ee\/fi\/toode\/2-m3-saostuskaivo\/\",\"url\":\"https:\/\/www.scantank.ee\/fi\/toode\/2-m3-saostuskaivo\/\",\"name\":\"Saostuskaivo 2\u201315 m3 | Kest\u00e4v\u00e4t lujitemuovista valmistetut saostuskaivot. Takuu 10 vuotta!\",\"isPartOf\":{\"@id\":\"https:\/\/scantank.ee\/#website\"},\"primaryImageOfPage\":{\"@id\":\"https:\/\/www.scantank.ee\/fi\/toode\/2-m3-saostuskaivo\/#primaryimage\"},\"image\":{\"@id\":\"https:\/\/www.scantank.ee\/fi\/toode\/2-m3-saostuskaivo\/#primaryimage\"},\"thumbnailUrl\":\"https:\/\/www.scantank.ee\/wp-content\/uploads\/2019\/08\/Septik1.jpg\",\"datePublished\":\"2019-10-14T08:30:36+00:00\",\"dateModified\":\"2022-08-03T10:35:18+00:00\",\"description\":\"Saostuskaivo 2m3, valmistettu kest\u00e4v\u00e4st\u00e4 lasikuitumuovista k\u00e4\u00e4mitysmenetelm\u00e4ll\u00e4. Takuu 10 vuotta! Toimitus ja asennus! Ota yhteytt\u00e4! Puh. 5845 1580, info@scantank.ee\",\"breadcrumb\":{\"@id\":\"https:\/\/www.scantank.ee\/fi\/toode\/2-m3-saostuskaivo\/#breadcrumb\"},\"inLanguage\":\"fi\",\"potentialAction\":[{\"@type\":\"ReadAction\",\"target\":[\"https:\/\/www.scantank.ee\/fi\/toode\/2-m3-saostuskaivo\/\"]}]},{\"@type\":\"ImageObject\",\"inLanguage\":\"fi\",\"@id\":\"https:\/\/www.scantank.ee\/fi\/toode\/2-m3-saostuskaivo\/#primaryimage\",\"url\":\"https:\/\/www.scantank.ee\/wp-content\/uploads\/2019\/08\/Septik1.jpg\",\"contentUrl\":\"https:\/\/www.scantank.ee\/wp-content\/uploads\/2019\/08\/Septik1.jpg\",\"width\":800,\"height\":800,\"caption\":\"saostuskaivo\"},{\"@type\":\"BreadcrumbList\",\"@id\":\"https:\/\/www.scantank.ee\/fi\/toode\/2-m3-saostuskaivo\/#breadcrumb\",\"itemListElement\":[{\"@type\":\"ListItem\",\"position\":1,\"name\":\"Home\",\"item\":\"https:\/\/www.scantank.ee\/fi\/\"},{\"@type\":\"ListItem\",\"position\":2,\"name\":\"Tuoteluettelo\",\"item\":\"https:\/\/www.scantank.ee\/fi\/tuoteluettelo\/\"},{\"@type\":\"ListItem\",\"position\":3,\"name\":\"Saostuskaivo 2\u201315 m3\"}]},{\"@type\":\"WebSite\",\"@id\":\"https:\/\/scantank.ee\/#website\",\"url\":\"https:\/\/scantank.ee\/\",\"name\":\"Scantank\",\"description\":\"\",\"publisher\":{\"@id\":\"https:\/\/scantank.ee\/#organization\"},\"potentialAction\":[{\"@type\":\"SearchAction\",\"target\":{\"@type\":\"EntryPoint\",\"urlTemplate\":\"https:\/\/scantank.ee\/?s={search_term_string}\"},\"query-input\":\"required name=search_term_string\"}],\"inLanguage\":\"fi\"},{\"@type\":\"Organization\",\"@id\":\"https:\/\/scantank.ee\/#organization\",\"name\":\"Scantank O\u00dc\",\"url\":\"https:\/\/scantank.ee\/\",\"logo\":{\"@type\":\"ImageObject\",\"inLanguage\":\"fi\",\"@id\":\"https:\/\/scantank.ee\/#\/schema\/logo\/image\/\",\"url\":\"https:\/\/scantank.ee\/wp-content\/uploads\/2019\/08\/scantank-new.png\",\"contentUrl\":\"https:\/\/scantank.ee\/wp-content\/uploads\/2019\/08\/scantank-new.png\",\"width\":1041,\"height\":221,\"caption\":\"Scantank O\u00dc\"},\"image\":{\"@id\":\"https:\/\/scantank.ee\/#\/schema\/logo\/image\/\"},\"sameAs\":[\"http:\/\/www.facebook.com\/scantank\"]}]}<\/script>\n<!-- \/ Yoast SEO plugin. -->","yoast_head_json":{"title":"Saostuskaivo 2\u201315 m3 | Kest\u00e4v\u00e4t lujitemuovista valmistetut saostuskaivot. Takuu 10 vuotta!","description":"Saostuskaivo 2m3, valmistettu kest\u00e4v\u00e4st\u00e4 lasikuitumuovista k\u00e4\u00e4mitysmenetelm\u00e4ll\u00e4. Takuu 10 vuotta! Toimitus ja asennus! Ota yhteytt\u00e4! Puh. 5845 1580, info@scantank.ee","robots":{"index":"index","follow":"follow","max-snippet":"max-snippet:-1","max-image-preview":"max-image-preview:large","max-video-preview":"max-video-preview:-1"},"canonical":"https:\/\/www.scantank.ee\/fi\/toode\/2-m3-saostuskaivo\/","og_locale":"fi_FI","og_type":"article","og_title":"Saostuskaivo 2\u201315 m3 | Kest\u00e4v\u00e4t lujitemuovista valmistetut saostuskaivot. Takuu 10 vuotta!","og_description":"Saostuskaivo 2m3, valmistettu kest\u00e4v\u00e4st\u00e4 lasikuitumuovista k\u00e4\u00e4mitysmenetelm\u00e4ll\u00e4. Takuu 10 vuotta! Toimitus ja asennus! Ota yhteytt\u00e4! Puh. 5845 1580, info@scantank.ee","og_url":"https:\/\/www.scantank.ee\/fi\/toode\/2-m3-saostuskaivo\/","og_site_name":"Scantank","article_publisher":"http:\/\/www.facebook.com\/scantank","article_modified_time":"2022-08-03T10:35:18+00:00","og_image":[{"width":800,"height":800,"url":"https:\/\/www.scantank.ee\/wp-content\/uploads\/2019\/08\/Septik1.jpg","type":"image\/jpeg"}],"twitter_card":"summary_large_image","twitter_misc":{"Arvioitu lukuaika":"1 minuutti"},"schema":{"@context":"https:\/\/schema.org","@graph":[{"@type":"WebPage","@id":"https:\/\/www.scantank.ee\/fi\/toode\/2-m3-saostuskaivo\/","url":"https:\/\/www.scantank.ee\/fi\/toode\/2-m3-saostuskaivo\/","name":"Saostuskaivo 2\u201315 m3 | Kest\u00e4v\u00e4t lujitemuovista valmistetut saostuskaivot. Takuu 10 vuotta!","isPartOf":{"@id":"https:\/\/scantank.ee\/#website"},"primaryImageOfPage":{"@id":"https:\/\/www.scantank.ee\/fi\/toode\/2-m3-saostuskaivo\/#primaryimage"},"image":{"@id":"https:\/\/www.scantank.ee\/fi\/toode\/2-m3-saostuskaivo\/#primaryimage"},"thumbnailUrl":"https:\/\/www.scantank.ee\/wp-content\/uploads\/2019\/08\/Septik1.jpg","datePublished":"2019-10-14T08:30:36+00:00","dateModified":"2022-08-03T10:35:18+00:00","description":"Saostuskaivo 2m3, valmistettu kest\u00e4v\u00e4st\u00e4 lasikuitumuovista k\u00e4\u00e4mitysmenetelm\u00e4ll\u00e4. Takuu 10 vuotta! Toimitus ja asennus! Ota yhteytt\u00e4! Puh. 5845 1580, info@scantank.ee","breadcrumb":{"@id":"https:\/\/www.scantank.ee\/fi\/toode\/2-m3-saostuskaivo\/#breadcrumb"},"inLanguage":"fi","potentialAction":[{"@type":"ReadAction","target":["https:\/\/www.scantank.ee\/fi\/toode\/2-m3-saostuskaivo\/"]}]},{"@type":"ImageObject","inLanguage":"fi","@id":"https:\/\/www.scantank.ee\/fi\/toode\/2-m3-saostuskaivo\/#primaryimage","url":"https:\/\/www.scantank.ee\/wp-content\/uploads\/2019\/08\/Septik1.jpg","contentUrl":"https:\/\/www.scantank.ee\/wp-content\/uploads\/2019\/08\/Septik1.jpg","width":800,"height":800,"caption":"saostuskaivo"},{"@type":"BreadcrumbList","@id":"https:\/\/www.scantank.ee\/fi\/toode\/2-m3-saostuskaivo\/#breadcrumb","itemListElement":[{"@type":"ListItem","position":1,"name":"Home","item":"https:\/\/www.scantank.ee\/fi\/"},{"@type":"ListItem","position":2,"name":"Tuoteluettelo","item":"https:\/\/www.scantank.ee\/fi\/tuoteluettelo\/"},{"@type":"ListItem","position":3,"name":"Saostuskaivo 2\u201315 m3"}]},{"@type":"WebSite","@id":"https:\/\/scantank.ee\/#website","url":"https:\/\/scantank.ee\/","name":"Scantank","description":"","publisher":{"@id":"https:\/\/scantank.ee\/#organization"},"potentialAction":[{"@type":"SearchAction","target":{"@type":"EntryPoint","urlTemplate":"https:\/\/scantank.ee\/?s={search_term_string}"},"query-input":"required name=search_term_string"}],"inLanguage":"fi"},{"@type":"Organization","@id":"https:\/\/scantank.ee\/#organization","name":"Scantank O\u00dc","url":"https:\/\/scantank.ee\/","logo":{"@type":"ImageObject","inLanguage":"fi","@id":"https:\/\/scantank.ee\/#\/schema\/logo\/image\/","url":"https:\/\/scantank.ee\/wp-content\/uploads\/2019\/08\/scantank-new.png","contentUrl":"https:\/\/scantank.ee\/wp-content\/uploads\/2019\/08\/scantank-new.png","width":1041,"height":221,"caption":"Scantank O\u00dc"},"image":{"@id":"https:\/\/scantank.ee\/#\/schema\/logo\/image\/"},"sameAs":["http:\/\/www.facebook.com\/scantank"]}]}},"_links":{"self":[{"href":"https:\/\/www.scantank.ee\/fi\/wp-json\/wp\/v2\/product\/2291"}],"collection":[{"href":"https:\/\/www.scantank.ee\/fi\/wp-json\/wp\/v2\/product"}],"about":[{"href":"https:\/\/www.scantank.ee\/fi\/wp-json\/wp\/v2\/types\/product"}],"wp:featuredmedia":[{"embeddable":true,"href":"https:\/\/www.scantank.ee\/fi\/wp-json\/wp\/v2\/media\/2292"}],"wp:attachment":[{"href":"https:\/\/www.scantank.ee\/fi\/wp-json\/wp\/v2\/media?parent=2291"}],"wp:term":[{"taxonomy":"product_cat","embeddable":true,"href":"https:\/\/www.scantank.ee\/fi\/wp-json\/wp\/v2\/product_cat?post=2291"},{"taxonomy":"product_tag","embeddable":true,"href":"https:\/\/www.scantank.ee\/fi\/wp-json\/wp\/v2\/product_tag?post=2291"}],"curies":[{"name":"wp","href":"https:\/\/api.w.org\/{rel}","templated":true}]}}