{"id":2549,"date":"2019-08-09T09:51:50","date_gmt":"2019-10-14T08:32:48","guid":{"rendered":"https:\/\/scantank.ee\/toode\/birco-light-100\/"},"modified":"2022-08-03T10:52:50","modified_gmt":"2022-08-03T10:52:50","slug":"birco-light-100","status":"publish","type":"product","link":"https:\/\/www.scantank.ee\/fi\/toode\/birco-light-100\/","title":{"rendered":"Birco Light 100\/150\/200 (A15\u2013E600)"},"content":{"rendered":"<h2>Birco Light -linjakuivatuskouru<\/h2>\n<p><strong>Birco Light | Moderni muotoilu \u2013 Erinomainen k\u00e4sittely<\/strong> Birco Light -linjakuivatuskourulla pintavedenpoisto voidaan integroida harmonisesti mihin tahansa arkkitehtoniseen konseptiin. BIRCO Light soveltuu erityisen hyvin pinnoiltaan laadukkaiden julkisten tilojen maisemointiin ja kaupunginsis\u00e4iseen rakentamiseen. BIRCO Lightin vieh\u00e4tt\u00e4v\u00e4 ritil\u00e4valikoima voi antaa tunnusomaisen elementin kaupunki- tai julkisten tilojen suunnittelussa tarjoten riitt\u00e4v\u00e4n kuormituslujuuden my\u00f6s alueilla, joilla liikenne on tihe\u00e4mp\u00e4\u00e4.<\/p>\n<h3><strong>Birco Light -linjakuivatuskourun faktat:<\/strong><\/h3>\n<p>+ Sis\u00e4leveydelt\u00e4\u00e4n 100\/150\/200 mm betonikouru, saatavilla sek\u00e4 sis\u00e4kallistumalla ett\u00e4 ilman + Kourunsis\u00e4inen ankkurointij\u00e4rjestelm\u00e4 + Kuormitusluokka: A15\u2013E600+ Saatavana my\u00f6s eritt\u00e4in matalana versiona + Tuotteen pituudet: 0,5 ja 1,0 metri\u00e4 + Suuri valikoima p\u00e4\u00e4llysritil\u00f6it\u00e4: valurautaiset ritil\u00e4t, pitkitt\u00e4iset ritil\u00e4t, valurautaiset designritil\u00e4t, verkkoritil\u00e4t ja kuvioidut ritil\u00e4t. Galvanoidusta ter\u00e4ksest\u00e4 valmistetut verkko- ja rei&#8217;itetyt ritil\u00e4t (ruostumattomasta ter\u00e4ksest\u00e4 valmistetut ritil\u00e4t tilauksesta) + Mahdollisuus tilata ritil\u00e4 integroidulla valaistuksella (BIRCOlux)<\/p>\n<p>\u00a0<\/p>\n<h3><strong>BIRCO Lightin t\u00e4rkeimm\u00e4t k\u00e4ytt\u00f6kohteet:<\/strong><\/h3>\n<p>+ Puutarhat ja maisemointialueet + Talojen julkisivut ja kaupunkien sis\u00e4iset alueet + Omakotitalojen rakentaminen + Kohteet monimutkaisilla arkkitehtonisilla ratkaisuilla Birco Light -sarjan kouruja voidaan yhdist\u00e4\u00e4 erilaisiin p\u00e4\u00e4llysritil\u00f6ihin, viem\u00e4riliit\u00e4nt\u00f6ihin ja kallistumiin. L\u00f6yd\u00e4t koko BIRCOLight -sarjan tuotevalikoiman avaamalla halutun kokoisen kourun tuoteselosteen. Tuoteseloste:\u00a0<a style=\"font-size: 16px; font-weight: 400;\" href=\"https:\/\/scantank.ee\/wp-content\/uploads\/2019\/08\/BIRCOlight_100-tooteleht.pdf\">BIRCOlight_100 tuoteseloste ENG<\/a> Asennusohje:\u00a0<a href=\"https:\/\/scantank.ee\/wp-content\/uploads\/2019\/08\/BIRCOlight-M-t\u00fc\u00fcbi-paigaldusjuhend-1.pdf\">BIRCOlight asennusohje ENG<\/a> Vaatimustenmukaisuusvakuutus (DoP): <a href=\"https:\/\/scantank.ee\/wp-content\/uploads\/2019\/08\/DOP-Birco-light-EE.pdf\">DOP Birco light EE ; <\/a><a href=\"https:\/\/scantank.ee\/wp-content\/uploads\/2019\/08\/DoP-BIRCOlight-ENG.pdf\">DOP-BIRCOlight ENG <\/a><\/p>\n","protected":false},"excerpt":{"rendered":"<p>Birco Light -linjakuivatuskouru Birco Light | Moderni muotoilu \u2013 Erinomainen k\u00e4sittely Birco Light -linjakuivatuskourulla pintavedenpoisto voidaan integroida harmonisesti mihin tahansa arkkitehtoniseen konseptiin. BIRCO Light soveltuu erityisen hyvin pinnoiltaan laadukkaiden julkisten tilojen maisemointiin ja kaupunginsis\u00e4iseen rakentamiseen. BIRCO Lightin vieh\u00e4tt\u00e4v\u00e4 ritil\u00e4valikoima voi antaa tunnusomaisen elementin kaupunki- tai julkisten tilojen suunnittelussa tarjoten riitt\u00e4v\u00e4n kuormituslujuuden my\u00f6s alueilla, joilla liikenne [&hellip;]<\/p>\n","protected":false},"featured_media":2550,"template":"","meta":{"_acf_changed":false,"inline_featured_image":false,"_exactmetrics_skip_tracking":false,"_exactmetrics_sitenote_active":false,"_exactmetrics_sitenote_note":"","_exactmetrics_sitenote_category":0,"_monsterinsights_skip_tracking":false,"_monsterinsights_sitenote_active":false,"_monsterinsights_sitenote_note":"","_monsterinsights_sitenote_category":0},"product_cat":[163],"product_tag":[],"class_list":{"0":"post-2549","1":"product","2":"type-product","3":"status-publish","4":"has-post-thumbnail","6":"product_cat-birco-light-e600-fi","8":"first","9":"instock","10":"shipping-taxable","11":"product-type-simple"},"acf":[],"yoast_head":"<!-- This site is optimized with the Yoast SEO plugin v23.1 - https:\/\/yoast.com\/wordpress\/plugins\/seo\/ -->\n<title>Birco Light 100\/150\/200 (A15\u2013E600) | Laaja valikoima erilaisia Filcoten-linjakuivatuskouruja<\/title>\n<meta name=\"description\" content=\"Birco Light 100 -linjakuivatuskouru on valmistettu mineraalikuiduilla vahvistetusta betonista, joten se on erityisen vahva. Toimitus ja asennus! Ota yhteytt\u00e4! Puh. 5845 1580, info@scantank.ee\" \/>\n<meta name=\"robots\" content=\"index, follow, max-snippet:-1, max-image-preview:large, max-video-preview:-1\" \/>\n<link rel=\"canonical\" href=\"https:\/\/www.scantank.ee\/fi\/toode\/birco-light-100\/\" \/>\n<meta property=\"og:locale\" content=\"fi_FI\" \/>\n<meta property=\"og:type\" content=\"article\" \/>\n<meta property=\"og:title\" content=\"Birco Light 100\/150\/200 (A15\u2013E600) | Laaja valikoima erilaisia Filcoten-linjakuivatuskouruja\" \/>\n<meta property=\"og:description\" content=\"Birco Light 100 -linjakuivatuskouru on valmistettu mineraalikuiduilla vahvistetusta betonista, joten se on erityisen vahva. Toimitus ja asennus! Ota yhteytt\u00e4! Puh. 5845 1580, info@scantank.ee\" \/>\n<meta property=\"og:url\" content=\"https:\/\/www.scantank.ee\/fi\/toode\/birco-light-100\/\" \/>\n<meta property=\"og:site_name\" content=\"Scantank\" \/>\n<meta property=\"article:publisher\" content=\"http:\/\/www.facebook.com\/scantank\" \/>\n<meta property=\"article:modified_time\" content=\"2022-08-03T10:52:50+00:00\" \/>\n<meta property=\"og:image\" content=\"https:\/\/www.scantank.ee\/wp-content\/uploads\/2019\/08\/BIRCOlight-AS.jpg\" \/>\n\t<meta property=\"og:image:width\" content=\"800\" \/>\n\t<meta property=\"og:image:height\" content=\"566\" \/>\n\t<meta property=\"og:image:type\" content=\"image\/jpeg\" \/>\n<meta name=\"twitter:card\" content=\"summary_large_image\" \/>\n<meta name=\"twitter:label1\" content=\"Arvioitu lukuaika\" \/>\n\t<meta name=\"twitter:data1\" content=\"1 minuutti\" \/>\n<script type=\"application\/ld+json\" class=\"yoast-schema-graph\">{\"@context\":\"https:\/\/schema.org\",\"@graph\":[{\"@type\":\"WebPage\",\"@id\":\"https:\/\/www.scantank.ee\/fi\/toode\/birco-light-100\/\",\"url\":\"https:\/\/www.scantank.ee\/fi\/toode\/birco-light-100\/\",\"name\":\"Birco Light 100\/150\/200 (A15\u2013E600) | Laaja valikoima erilaisia Filcoten-linjakuivatuskouruja\",\"isPartOf\":{\"@id\":\"https:\/\/scantank.ee\/#website\"},\"primaryImageOfPage\":{\"@id\":\"https:\/\/www.scantank.ee\/fi\/toode\/birco-light-100\/#primaryimage\"},\"image\":{\"@id\":\"https:\/\/www.scantank.ee\/fi\/toode\/birco-light-100\/#primaryimage\"},\"thumbnailUrl\":\"https:\/\/www.scantank.ee\/wp-content\/uploads\/2019\/08\/BIRCOlight-AS.jpg\",\"datePublished\":\"2019-10-14T08:32:48+00:00\",\"dateModified\":\"2022-08-03T10:52:50+00:00\",\"description\":\"Birco Light 100 -linjakuivatuskouru on valmistettu mineraalikuiduilla vahvistetusta betonista, joten se on erityisen vahva. Toimitus ja asennus! Ota yhteytt\u00e4! Puh. 5845 1580, info@scantank.ee\",\"breadcrumb\":{\"@id\":\"https:\/\/www.scantank.ee\/fi\/toode\/birco-light-100\/#breadcrumb\"},\"inLanguage\":\"fi\",\"potentialAction\":[{\"@type\":\"ReadAction\",\"target\":[\"https:\/\/www.scantank.ee\/fi\/toode\/birco-light-100\/\"]}]},{\"@type\":\"ImageObject\",\"inLanguage\":\"fi\",\"@id\":\"https:\/\/www.scantank.ee\/fi\/toode\/birco-light-100\/#primaryimage\",\"url\":\"https:\/\/www.scantank.ee\/wp-content\/uploads\/2019\/08\/BIRCOlight-AS.jpg\",\"contentUrl\":\"https:\/\/www.scantank.ee\/wp-content\/uploads\/2019\/08\/BIRCOlight-AS.jpg\",\"width\":800,\"height\":566},{\"@type\":\"BreadcrumbList\",\"@id\":\"https:\/\/www.scantank.ee\/fi\/toode\/birco-light-100\/#breadcrumb\",\"itemListElement\":[{\"@type\":\"ListItem\",\"position\":1,\"name\":\"Home\",\"item\":\"https:\/\/scantank.ee\/fi\/\"},{\"@type\":\"ListItem\",\"position\":2,\"name\":\"Tuoteluettelo\",\"item\":\"https:\/\/scantank.ee\/fi\/tuoteluettelo\/\"},{\"@type\":\"ListItem\",\"position\":3,\"name\":\"Birco Light 100\/150\/200 (A15\u2013E600)\"}]},{\"@type\":\"WebSite\",\"@id\":\"https:\/\/scantank.ee\/#website\",\"url\":\"https:\/\/scantank.ee\/\",\"name\":\"Scantank\",\"description\":\"\",\"publisher\":{\"@id\":\"https:\/\/scantank.ee\/#organization\"},\"potentialAction\":[{\"@type\":\"SearchAction\",\"target\":{\"@type\":\"EntryPoint\",\"urlTemplate\":\"https:\/\/scantank.ee\/?s={search_term_string}\"},\"query-input\":\"required name=search_term_string\"}],\"inLanguage\":\"fi\"},{\"@type\":\"Organization\",\"@id\":\"https:\/\/scantank.ee\/#organization\",\"name\":\"Scantank O\u00dc\",\"url\":\"https:\/\/scantank.ee\/\",\"logo\":{\"@type\":\"ImageObject\",\"inLanguage\":\"fi\",\"@id\":\"https:\/\/scantank.ee\/#\/schema\/logo\/image\/\",\"url\":\"https:\/\/scantank.ee\/wp-content\/uploads\/2019\/08\/scantank-new.png\",\"contentUrl\":\"https:\/\/scantank.ee\/wp-content\/uploads\/2019\/08\/scantank-new.png\",\"width\":1041,\"height\":221,\"caption\":\"Scantank O\u00dc\"},\"image\":{\"@id\":\"https:\/\/scantank.ee\/#\/schema\/logo\/image\/\"},\"sameAs\":[\"http:\/\/www.facebook.com\/scantank\"]}]}<\/script>\n<!-- \/ Yoast SEO plugin. -->","yoast_head_json":{"title":"Birco Light 100\/150\/200 (A15\u2013E600) | Laaja valikoima erilaisia Filcoten-linjakuivatuskouruja","description":"Birco Light 100 -linjakuivatuskouru on valmistettu mineraalikuiduilla vahvistetusta betonista, joten se on erityisen vahva. Toimitus ja asennus! Ota yhteytt\u00e4! Puh. 5845 1580, info@scantank.ee","robots":{"index":"index","follow":"follow","max-snippet":"max-snippet:-1","max-image-preview":"max-image-preview:large","max-video-preview":"max-video-preview:-1"},"canonical":"https:\/\/www.scantank.ee\/fi\/toode\/birco-light-100\/","og_locale":"fi_FI","og_type":"article","og_title":"Birco Light 100\/150\/200 (A15\u2013E600) | Laaja valikoima erilaisia Filcoten-linjakuivatuskouruja","og_description":"Birco Light 100 -linjakuivatuskouru on valmistettu mineraalikuiduilla vahvistetusta betonista, joten se on erityisen vahva. Toimitus ja asennus! Ota yhteytt\u00e4! Puh. 5845 1580, info@scantank.ee","og_url":"https:\/\/www.scantank.ee\/fi\/toode\/birco-light-100\/","og_site_name":"Scantank","article_publisher":"http:\/\/www.facebook.com\/scantank","article_modified_time":"2022-08-03T10:52:50+00:00","og_image":[{"width":800,"height":566,"url":"https:\/\/www.scantank.ee\/wp-content\/uploads\/2019\/08\/BIRCOlight-AS.jpg","type":"image\/jpeg"}],"twitter_card":"summary_large_image","twitter_misc":{"Arvioitu lukuaika":"1 minuutti"},"schema":{"@context":"https:\/\/schema.org","@graph":[{"@type":"WebPage","@id":"https:\/\/www.scantank.ee\/fi\/toode\/birco-light-100\/","url":"https:\/\/www.scantank.ee\/fi\/toode\/birco-light-100\/","name":"Birco Light 100\/150\/200 (A15\u2013E600) | Laaja valikoima erilaisia Filcoten-linjakuivatuskouruja","isPartOf":{"@id":"https:\/\/scantank.ee\/#website"},"primaryImageOfPage":{"@id":"https:\/\/www.scantank.ee\/fi\/toode\/birco-light-100\/#primaryimage"},"image":{"@id":"https:\/\/www.scantank.ee\/fi\/toode\/birco-light-100\/#primaryimage"},"thumbnailUrl":"https:\/\/www.scantank.ee\/wp-content\/uploads\/2019\/08\/BIRCOlight-AS.jpg","datePublished":"2019-10-14T08:32:48+00:00","dateModified":"2022-08-03T10:52:50+00:00","description":"Birco Light 100 -linjakuivatuskouru on valmistettu mineraalikuiduilla vahvistetusta betonista, joten se on erityisen vahva. Toimitus ja asennus! Ota yhteytt\u00e4! Puh. 5845 1580, info@scantank.ee","breadcrumb":{"@id":"https:\/\/www.scantank.ee\/fi\/toode\/birco-light-100\/#breadcrumb"},"inLanguage":"fi","potentialAction":[{"@type":"ReadAction","target":["https:\/\/www.scantank.ee\/fi\/toode\/birco-light-100\/"]}]},{"@type":"ImageObject","inLanguage":"fi","@id":"https:\/\/www.scantank.ee\/fi\/toode\/birco-light-100\/#primaryimage","url":"https:\/\/www.scantank.ee\/wp-content\/uploads\/2019\/08\/BIRCOlight-AS.jpg","contentUrl":"https:\/\/www.scantank.ee\/wp-content\/uploads\/2019\/08\/BIRCOlight-AS.jpg","width":800,"height":566},{"@type":"BreadcrumbList","@id":"https:\/\/www.scantank.ee\/fi\/toode\/birco-light-100\/#breadcrumb","itemListElement":[{"@type":"ListItem","position":1,"name":"Home","item":"https:\/\/scantank.ee\/fi\/"},{"@type":"ListItem","position":2,"name":"Tuoteluettelo","item":"https:\/\/scantank.ee\/fi\/tuoteluettelo\/"},{"@type":"ListItem","position":3,"name":"Birco Light 100\/150\/200 (A15\u2013E600)"}]},{"@type":"WebSite","@id":"https:\/\/scantank.ee\/#website","url":"https:\/\/scantank.ee\/","name":"Scantank","description":"","publisher":{"@id":"https:\/\/scantank.ee\/#organization"},"potentialAction":[{"@type":"SearchAction","target":{"@type":"EntryPoint","urlTemplate":"https:\/\/scantank.ee\/?s={search_term_string}"},"query-input":"required name=search_term_string"}],"inLanguage":"fi"},{"@type":"Organization","@id":"https:\/\/scantank.ee\/#organization","name":"Scantank O\u00dc","url":"https:\/\/scantank.ee\/","logo":{"@type":"ImageObject","inLanguage":"fi","@id":"https:\/\/scantank.ee\/#\/schema\/logo\/image\/","url":"https:\/\/scantank.ee\/wp-content\/uploads\/2019\/08\/scantank-new.png","contentUrl":"https:\/\/scantank.ee\/wp-content\/uploads\/2019\/08\/scantank-new.png","width":1041,"height":221,"caption":"Scantank O\u00dc"},"image":{"@id":"https:\/\/scantank.ee\/#\/schema\/logo\/image\/"},"sameAs":["http:\/\/www.facebook.com\/scantank"]}]}},"_links":{"self":[{"href":"https:\/\/www.scantank.ee\/fi\/wp-json\/wp\/v2\/product\/2549"}],"collection":[{"href":"https:\/\/www.scantank.ee\/fi\/wp-json\/wp\/v2\/product"}],"about":[{"href":"https:\/\/www.scantank.ee\/fi\/wp-json\/wp\/v2\/types\/product"}],"wp:featuredmedia":[{"embeddable":true,"href":"https:\/\/www.scantank.ee\/fi\/wp-json\/wp\/v2\/media\/2550"}],"wp:attachment":[{"href":"https:\/\/www.scantank.ee\/fi\/wp-json\/wp\/v2\/media?parent=2549"}],"wp:term":[{"taxonomy":"product_cat","embeddable":true,"href":"https:\/\/www.scantank.ee\/fi\/wp-json\/wp\/v2\/product_cat?post=2549"},{"taxonomy":"product_tag","embeddable":true,"href":"https:\/\/www.scantank.ee\/fi\/wp-json\/wp\/v2\/product_tag?post=2549"}],"curies":[{"name":"wp","href":"https:\/\/api.w.org\/{rel}","templated":true}]}}