{"id":4779,"date":"2019-12-27T13:43:04","date_gmt":"2019-12-27T13:43:04","guid":{"rendered":"https:\/\/scantank.ee\/toode\/birco-sir-40-40-pistekaivo-e600\/"},"modified":"2022-08-03T10:37:11","modified_gmt":"2022-08-03T10:37:11","slug":"birco-sir-40-40-pistekaivo-e600","status":"publish","type":"product","link":"https:\/\/www.scantank.ee\/fi\/toode\/birco-sir-40-40-pistekaivo-e600\/","title":{"rendered":"Birco sir betonipistekaivo E600 (A15\u2013E600)"},"content":{"rendered":"<h2><strong>Birco Sir -betonipistekaivo E600<\/strong><\/h2>\n<div class=\"resp-tabs-container\">\n<div id=\"tab-description\" class=\"tab-content resp-tab-content resp-tab-content-active\" aria-labelledby=\"tab_item-0\">\n<p>Birco Sir -betonipistekaivo E600 \u2013 viem\u00e4r\u00f6intij\u00e4rjestelm\u00e4 avoimille alueille ja tiloihin: BIRCOsir-betonipistekaivot ovat hydraulisesti tehokkaita, mik\u00e4 takaa veden nopean poisvirtaamisen. Niiden suuri kantavuus ja tyylik\u00e4s ritil\u00e4valikoima tekev\u00e4t j\u00e4rjestelm\u00e4st\u00e4 monik\u00e4ytt\u00f6isen tarjoten paljon erilaisia ratkaisuja sek\u00e4 yksityiselle sektorille ett\u00e4 yrityssektorille.<\/p>\n<h3><strong>BIRCOsir-betonipistekaivon tiedot:<\/strong><\/h3>\n<p>+ Kaksi kokoa: 30\/30 ja 40\/40 cm + Galvanoidut ter\u00e4svahvistereunat + Yksi- tai moniosainen + Soveltuu k\u00e4ytett\u00e4v\u00e4ksi my\u00f6s viem\u00e4rikaivoina (40\/40 cm) + Kuormaluokka A15\u2013E600 + P\u00e4\u00e4llysritil\u00e4t joko pulttiliit\u00e4nn\u00e4ll\u00e4 tai pikalukituksella<\/p>\n<h3><strong>BIRCOsir-betonipistekaivojen t\u00e4rkeimm\u00e4t k\u00e4ytt\u00f6kohteet:<\/strong><\/h3>\n<p>+ Avoimet tilat ja alueet kaupallisella ja yksityisell\u00e4 sektorilla, pihat + vilkkaasti liikenn\u00f6idyt alueet + Kuorma-autojen k\u00e4ytt\u00e4m\u00e4t pys\u00e4k\u00f6intialueet (marketit, rahtiyritykset jne.) + Viem\u00e4rikaivot + Mahdollisuus asentaa sis\u00e4\u00e4n valaistus<\/p>\n<h3><strong>Tekniset tiedot \u2013 Birco Sir 40\/40:<\/strong><\/h3>\n<table border=\"0\" width=\"296\" cellspacing=\"0\" cellpadding=\"2\">\n<tbody>\n<tr>\n<td>Tuote<\/td>\n<td colspan=\"2\">BIRCOsir 30\/30 -pistekaivo<\/td>\n<\/tr>\n<tr>\n<td>Leveys<\/td>\n<td colspan=\"2\">400 \u00d7 400 mm<\/td>\n<\/tr>\n<tr>\n<td>Korkeus 1\/2\/3 -osaiset<\/td>\n<td colspan=\"2\">575\/880\/1200 mm<\/td>\n<\/tr>\n<tr>\n<td>Korkeus 1\/2\/3 -osaiset<\/td>\n<td colspan=\"2\">121\/180\/232 kg<\/td>\n<\/tr>\n<tr>\n<td>Roskas\u00e4ili\u00f6<\/td>\n<td colspan=\"2\">kyll\u00e4<\/td>\n<\/tr>\n<tr>\n<td>hajulukko<\/td>\n<td colspan=\"2\">kyll\u00e4<\/td>\n<\/tr>\n<tr>\n<td>P\u00e4\u00e4llysritil\u00e4<\/td>\n<td colspan=\"2\">valurauta\/sinkitty ter\u00e4s<\/td>\n<\/tr>\n<tr>\n<td colspan=\"3\"><\/td>\n<\/tr>\n<tr>\n<td><\/td>\n<td><\/td>\n<td colspan=\"1\"><\/td>\n<\/tr>\n<\/tbody>\n<\/table>\n<p>Birco-pistekaivoja voidaan yhdist\u00e4\u00e4 erilaisiin p\u00e4\u00e4llysritil\u00f6ihin ja ne voidaan tilata yksi-, kaksi- tai kolmiosaisina. L\u00f6yd\u00e4t pistekaivojen tuotevalikoiman avaamalla tuotesivun. Tuoteseloste: <a href=\"https:\/\/scantank.ee\/wp-content\/uploads\/2019\/09\/BIRCO-Sir-Point-Drainage.pdf\">BIRCO Sir -pistekaivojen tuoteseloste ENG<\/a><\/p>\n<div class=\"resp-tabs-container\">\n<div id=\"tab-description\" class=\"tab-content resp-tab-content resp-tab-content-active\" aria-labelledby=\"tab_item-0\">\n<p>Vaatimustenmukaisuusvakuutus:\u00a0<a href=\"https:\/\/scantank.ee\/wp-content\/uploads\/2019\/09\/DoC-BIRCO-Point-Drainage.pdf\">DoC BIRCO Point Drainage ENG<\/a><\/p>\n<\/div>\n<\/div>\n<p><em>Jos haluat lis\u00e4tietoa, ota meihin yhteytt\u00e4.<\/em><\/p>\n<\/div>\n<\/div>\n","protected":false},"excerpt":{"rendered":"<p>Birco Sir -betonipistekaivo E600 Birco Sir -betonipistekaivo E600 \u2013 viem\u00e4r\u00f6intij\u00e4rjestelm\u00e4 avoimille alueille ja tiloihin: BIRCOsir-betonipistekaivot ovat hydraulisesti tehokkaita, mik\u00e4 takaa veden nopean poisvirtaamisen. Niiden suuri kantavuus ja tyylik\u00e4s ritil\u00e4valikoima tekev\u00e4t j\u00e4rjestelm\u00e4st\u00e4 monik\u00e4ytt\u00f6isen tarjoten paljon erilaisia ratkaisuja sek\u00e4 yksityiselle sektorille ett\u00e4 yrityssektorille. BIRCOsir-betonipistekaivon tiedot: + Kaksi kokoa: 30\/30 ja 40\/40 cm + Galvanoidut ter\u00e4svahvistereunat + Yksi- [&hellip;]<\/p>\n","protected":false},"featured_media":2670,"template":"","meta":{"_acf_changed":false,"inline_featured_image":false,"_exactmetrics_skip_tracking":false,"_exactmetrics_sitenote_active":false,"_exactmetrics_sitenote_note":"","_exactmetrics_sitenote_category":0,"_monsterinsights_skip_tracking":false,"_monsterinsights_sitenote_active":false,"_monsterinsights_sitenote_note":"","_monsterinsights_sitenote_category":0},"product_cat":[163],"product_tag":[],"class_list":{"0":"post-4779","1":"product","2":"type-product","3":"status-publish","4":"has-post-thumbnail","6":"product_cat-birco-light-e600-fi","8":"first","9":"instock","10":"shipping-taxable","11":"product-type-simple"},"acf":[],"yoast_head":"<!-- This site is optimized with the Yoast SEO plugin v23.1 - https:\/\/yoast.com\/wordpress\/plugins\/seo\/ -->\n<title>Birco sir betonipistekaivo E600 (A15\u2013E600) | Tehokas viem\u00e4r\u00f6intij\u00e4rjestelm\u00e4<\/title>\n<meta name=\"description\" content=\"Birco Sir 40\/40 -betonipistekaivo E600 -viem\u00e4r\u00f6intij\u00e4rjestelm\u00e4 avoimille alueille ja tiloihin. Suuri teho! Toimitus ja asennus! Puh. 5845 1580, info@scantank.ee\" \/>\n<meta name=\"robots\" content=\"index, follow, max-snippet:-1, max-image-preview:large, max-video-preview:-1\" \/>\n<link rel=\"canonical\" href=\"https:\/\/www.scantank.ee\/fi\/toode\/birco-sir-40-40-pistekaivo-e600\/\" \/>\n<meta property=\"og:locale\" content=\"fi_FI\" \/>\n<meta property=\"og:type\" content=\"article\" \/>\n<meta property=\"og:title\" content=\"Birco sir betonipistekaivo E600 (A15\u2013E600) | Tehokas viem\u00e4r\u00f6intij\u00e4rjestelm\u00e4\" \/>\n<meta property=\"og:description\" content=\"Birco Sir 40\/40 -betonipistekaivo E600 -viem\u00e4r\u00f6intij\u00e4rjestelm\u00e4 avoimille alueille ja tiloihin. Suuri teho! Toimitus ja asennus! Puh. 5845 1580, info@scantank.ee\" \/>\n<meta property=\"og:url\" content=\"https:\/\/www.scantank.ee\/fi\/toode\/birco-sir-40-40-pistekaivo-e600\/\" \/>\n<meta property=\"og:site_name\" content=\"Scantank\" \/>\n<meta property=\"article:publisher\" content=\"http:\/\/www.facebook.com\/scantank\" \/>\n<meta property=\"article:modified_time\" content=\"2022-08-03T10:37:11+00:00\" \/>\n<meta property=\"og:image\" content=\"https:\/\/www.scantank.ee\/wp-content\/uploads\/2019\/08\/BIRCOsir-trapp.jpg\" \/>\n\t<meta property=\"og:image:width\" content=\"638\" \/>\n\t<meta property=\"og:image:height\" content=\"541\" \/>\n\t<meta property=\"og:image:type\" content=\"image\/jpeg\" \/>\n<meta name=\"twitter:card\" content=\"summary_large_image\" \/>\n<meta name=\"twitter:label1\" content=\"Arvioitu lukuaika\" \/>\n\t<meta name=\"twitter:data1\" content=\"1 minuutti\" \/>\n<script type=\"application\/ld+json\" class=\"yoast-schema-graph\">{\"@context\":\"https:\/\/schema.org\",\"@graph\":[{\"@type\":\"WebPage\",\"@id\":\"https:\/\/www.scantank.ee\/fi\/toode\/birco-sir-40-40-pistekaivo-e600\/\",\"url\":\"https:\/\/www.scantank.ee\/fi\/toode\/birco-sir-40-40-pistekaivo-e600\/\",\"name\":\"Birco sir betonipistekaivo E600 (A15\u2013E600) | Tehokas viem\u00e4r\u00f6intij\u00e4rjestelm\u00e4\",\"isPartOf\":{\"@id\":\"https:\/\/scantank.ee\/#website\"},\"primaryImageOfPage\":{\"@id\":\"https:\/\/www.scantank.ee\/fi\/toode\/birco-sir-40-40-pistekaivo-e600\/#primaryimage\"},\"image\":{\"@id\":\"https:\/\/www.scantank.ee\/fi\/toode\/birco-sir-40-40-pistekaivo-e600\/#primaryimage\"},\"thumbnailUrl\":\"https:\/\/www.scantank.ee\/wp-content\/uploads\/2019\/08\/BIRCOsir-trapp.jpg\",\"datePublished\":\"2019-12-27T13:43:04+00:00\",\"dateModified\":\"2022-08-03T10:37:11+00:00\",\"description\":\"Birco Sir 40\/40 -betonipistekaivo E600 -viem\u00e4r\u00f6intij\u00e4rjestelm\u00e4 avoimille alueille ja tiloihin. Suuri teho! Toimitus ja asennus! Puh. 5845 1580, info@scantank.ee\",\"breadcrumb\":{\"@id\":\"https:\/\/www.scantank.ee\/fi\/toode\/birco-sir-40-40-pistekaivo-e600\/#breadcrumb\"},\"inLanguage\":\"fi\",\"potentialAction\":[{\"@type\":\"ReadAction\",\"target\":[\"https:\/\/www.scantank.ee\/fi\/toode\/birco-sir-40-40-pistekaivo-e600\/\"]}]},{\"@type\":\"ImageObject\",\"inLanguage\":\"fi\",\"@id\":\"https:\/\/www.scantank.ee\/fi\/toode\/birco-sir-40-40-pistekaivo-e600\/#primaryimage\",\"url\":\"https:\/\/www.scantank.ee\/wp-content\/uploads\/2019\/08\/BIRCOsir-trapp.jpg\",\"contentUrl\":\"https:\/\/www.scantank.ee\/wp-content\/uploads\/2019\/08\/BIRCOsir-trapp.jpg\",\"width\":638,\"height\":541},{\"@type\":\"BreadcrumbList\",\"@id\":\"https:\/\/www.scantank.ee\/fi\/toode\/birco-sir-40-40-pistekaivo-e600\/#breadcrumb\",\"itemListElement\":[{\"@type\":\"ListItem\",\"position\":1,\"name\":\"Home\",\"item\":\"https:\/\/scantank.ee\/fi\/\"},{\"@type\":\"ListItem\",\"position\":2,\"name\":\"Tuoteluettelo\",\"item\":\"https:\/\/scantank.ee\/fi\/tuoteluettelo\/\"},{\"@type\":\"ListItem\",\"position\":3,\"name\":\"Birco sir betonipistekaivo E600 (A15\u2013E600)\"}]},{\"@type\":\"WebSite\",\"@id\":\"https:\/\/scantank.ee\/#website\",\"url\":\"https:\/\/scantank.ee\/\",\"name\":\"Scantank\",\"description\":\"\",\"publisher\":{\"@id\":\"https:\/\/scantank.ee\/#organization\"},\"potentialAction\":[{\"@type\":\"SearchAction\",\"target\":{\"@type\":\"EntryPoint\",\"urlTemplate\":\"https:\/\/scantank.ee\/?s={search_term_string}\"},\"query-input\":\"required name=search_term_string\"}],\"inLanguage\":\"fi\"},{\"@type\":\"Organization\",\"@id\":\"https:\/\/scantank.ee\/#organization\",\"name\":\"Scantank O\u00dc\",\"url\":\"https:\/\/scantank.ee\/\",\"logo\":{\"@type\":\"ImageObject\",\"inLanguage\":\"fi\",\"@id\":\"https:\/\/scantank.ee\/#\/schema\/logo\/image\/\",\"url\":\"https:\/\/scantank.ee\/wp-content\/uploads\/2019\/08\/scantank-new.png\",\"contentUrl\":\"https:\/\/scantank.ee\/wp-content\/uploads\/2019\/08\/scantank-new.png\",\"width\":1041,\"height\":221,\"caption\":\"Scantank O\u00dc\"},\"image\":{\"@id\":\"https:\/\/scantank.ee\/#\/schema\/logo\/image\/\"},\"sameAs\":[\"http:\/\/www.facebook.com\/scantank\"]}]}<\/script>\n<!-- \/ Yoast SEO plugin. -->","yoast_head_json":{"title":"Birco sir betonipistekaivo E600 (A15\u2013E600) | Tehokas viem\u00e4r\u00f6intij\u00e4rjestelm\u00e4","description":"Birco Sir 40\/40 -betonipistekaivo E600 -viem\u00e4r\u00f6intij\u00e4rjestelm\u00e4 avoimille alueille ja tiloihin. Suuri teho! Toimitus ja asennus! Puh. 5845 1580, info@scantank.ee","robots":{"index":"index","follow":"follow","max-snippet":"max-snippet:-1","max-image-preview":"max-image-preview:large","max-video-preview":"max-video-preview:-1"},"canonical":"https:\/\/www.scantank.ee\/fi\/toode\/birco-sir-40-40-pistekaivo-e600\/","og_locale":"fi_FI","og_type":"article","og_title":"Birco sir betonipistekaivo E600 (A15\u2013E600) | Tehokas viem\u00e4r\u00f6intij\u00e4rjestelm\u00e4","og_description":"Birco Sir 40\/40 -betonipistekaivo E600 -viem\u00e4r\u00f6intij\u00e4rjestelm\u00e4 avoimille alueille ja tiloihin. Suuri teho! Toimitus ja asennus! Puh. 5845 1580, info@scantank.ee","og_url":"https:\/\/www.scantank.ee\/fi\/toode\/birco-sir-40-40-pistekaivo-e600\/","og_site_name":"Scantank","article_publisher":"http:\/\/www.facebook.com\/scantank","article_modified_time":"2022-08-03T10:37:11+00:00","og_image":[{"width":638,"height":541,"url":"https:\/\/www.scantank.ee\/wp-content\/uploads\/2019\/08\/BIRCOsir-trapp.jpg","type":"image\/jpeg"}],"twitter_card":"summary_large_image","twitter_misc":{"Arvioitu lukuaika":"1 minuutti"},"schema":{"@context":"https:\/\/schema.org","@graph":[{"@type":"WebPage","@id":"https:\/\/www.scantank.ee\/fi\/toode\/birco-sir-40-40-pistekaivo-e600\/","url":"https:\/\/www.scantank.ee\/fi\/toode\/birco-sir-40-40-pistekaivo-e600\/","name":"Birco sir betonipistekaivo E600 (A15\u2013E600) | Tehokas viem\u00e4r\u00f6intij\u00e4rjestelm\u00e4","isPartOf":{"@id":"https:\/\/scantank.ee\/#website"},"primaryImageOfPage":{"@id":"https:\/\/www.scantank.ee\/fi\/toode\/birco-sir-40-40-pistekaivo-e600\/#primaryimage"},"image":{"@id":"https:\/\/www.scantank.ee\/fi\/toode\/birco-sir-40-40-pistekaivo-e600\/#primaryimage"},"thumbnailUrl":"https:\/\/www.scantank.ee\/wp-content\/uploads\/2019\/08\/BIRCOsir-trapp.jpg","datePublished":"2019-12-27T13:43:04+00:00","dateModified":"2022-08-03T10:37:11+00:00","description":"Birco Sir 40\/40 -betonipistekaivo E600 -viem\u00e4r\u00f6intij\u00e4rjestelm\u00e4 avoimille alueille ja tiloihin. Suuri teho! Toimitus ja asennus! Puh. 5845 1580, info@scantank.ee","breadcrumb":{"@id":"https:\/\/www.scantank.ee\/fi\/toode\/birco-sir-40-40-pistekaivo-e600\/#breadcrumb"},"inLanguage":"fi","potentialAction":[{"@type":"ReadAction","target":["https:\/\/www.scantank.ee\/fi\/toode\/birco-sir-40-40-pistekaivo-e600\/"]}]},{"@type":"ImageObject","inLanguage":"fi","@id":"https:\/\/www.scantank.ee\/fi\/toode\/birco-sir-40-40-pistekaivo-e600\/#primaryimage","url":"https:\/\/www.scantank.ee\/wp-content\/uploads\/2019\/08\/BIRCOsir-trapp.jpg","contentUrl":"https:\/\/www.scantank.ee\/wp-content\/uploads\/2019\/08\/BIRCOsir-trapp.jpg","width":638,"height":541},{"@type":"BreadcrumbList","@id":"https:\/\/www.scantank.ee\/fi\/toode\/birco-sir-40-40-pistekaivo-e600\/#breadcrumb","itemListElement":[{"@type":"ListItem","position":1,"name":"Home","item":"https:\/\/scantank.ee\/fi\/"},{"@type":"ListItem","position":2,"name":"Tuoteluettelo","item":"https:\/\/scantank.ee\/fi\/tuoteluettelo\/"},{"@type":"ListItem","position":3,"name":"Birco sir betonipistekaivo E600 (A15\u2013E600)"}]},{"@type":"WebSite","@id":"https:\/\/scantank.ee\/#website","url":"https:\/\/scantank.ee\/","name":"Scantank","description":"","publisher":{"@id":"https:\/\/scantank.ee\/#organization"},"potentialAction":[{"@type":"SearchAction","target":{"@type":"EntryPoint","urlTemplate":"https:\/\/scantank.ee\/?s={search_term_string}"},"query-input":"required name=search_term_string"}],"inLanguage":"fi"},{"@type":"Organization","@id":"https:\/\/scantank.ee\/#organization","name":"Scantank O\u00dc","url":"https:\/\/scantank.ee\/","logo":{"@type":"ImageObject","inLanguage":"fi","@id":"https:\/\/scantank.ee\/#\/schema\/logo\/image\/","url":"https:\/\/scantank.ee\/wp-content\/uploads\/2019\/08\/scantank-new.png","contentUrl":"https:\/\/scantank.ee\/wp-content\/uploads\/2019\/08\/scantank-new.png","width":1041,"height":221,"caption":"Scantank O\u00dc"},"image":{"@id":"https:\/\/scantank.ee\/#\/schema\/logo\/image\/"},"sameAs":["http:\/\/www.facebook.com\/scantank"]}]}},"_links":{"self":[{"href":"https:\/\/www.scantank.ee\/fi\/wp-json\/wp\/v2\/product\/4779"}],"collection":[{"href":"https:\/\/www.scantank.ee\/fi\/wp-json\/wp\/v2\/product"}],"about":[{"href":"https:\/\/www.scantank.ee\/fi\/wp-json\/wp\/v2\/types\/product"}],"wp:featuredmedia":[{"embeddable":true,"href":"https:\/\/www.scantank.ee\/fi\/wp-json\/wp\/v2\/media\/2670"}],"wp:attachment":[{"href":"https:\/\/www.scantank.ee\/fi\/wp-json\/wp\/v2\/media?parent=4779"}],"wp:term":[{"taxonomy":"product_cat","embeddable":true,"href":"https:\/\/www.scantank.ee\/fi\/wp-json\/wp\/v2\/product_cat?post=4779"},{"taxonomy":"product_tag","embeddable":true,"href":"https:\/\/www.scantank.ee\/fi\/wp-json\/wp\/v2\/product_tag?post=4779"}],"curies":[{"name":"wp","href":"https:\/\/api.w.org\/{rel}","templated":true}]}}