{"id":4780,"date":"2019-12-28T11:47:05","date_gmt":"2019-12-28T11:47:05","guid":{"rendered":"https:\/\/scantank.ee\/toode\/bg-sl-monoliittinen-betonista-valmistettu-urakouru\/"},"modified":"2022-08-03T10:37:11","modified_gmt":"2022-08-03T10:37:11","slug":"monoliittinen-betonista-valmistettu-urakouru-bg-sl","status":"publish","type":"product","link":"https:\/\/www.scantank.ee\/fi\/toode\/monoliittinen-betonista-valmistettu-urakouru-bg-sl\/","title":{"rendered":"monoliittinen betonista valmistettu urakouru BG-SL"},"content":{"rendered":"<h2><strong>monoliittinen betonista valmistettu urakouru BG-SL<\/strong><\/h2>\n<p>monoliittinen betonista valmistettu urakouru BG-SL &#8211; profiilityyppi I -1 Valikoiman monipuolisin kouru. Kyseisten monoliittisten betonista valmistettujen BG-SL -urakourujen valikoima on kaikkein suurin, ja siksi niit\u00e4 k\u00e4ytet\u00e4\u00e4n eniten. Saatavana joko sis\u00e4isell\u00e4 kaltevuudella tai ilman kaltevuutta, jatkuvalla, katkonaisella tai peitetyll\u00e4 uralla sek\u00e4 reunalla tai ilman reunaa. Betonista valmistettuja urakouruja k\u00e4ytet\u00e4\u00e4n l\u00e4hinn\u00e4 moottoriteiden rakentamisessa, tunneleissa, konttiterminaaleissa, teollisuus- ja satamarakennuksissa sek\u00e4 ilmailualueilla.<\/p>\n<h3><strong>BG-SL -urakourun tiedot:<\/strong><\/h3>\n<p>+ Elementin pituus 4 m \u2013 0,5 % sis\u00e4isell\u00e4 kaltevuudella tai ilman kaltevuutta + Sis\u00e4halkaisija: 20\/30; 30\/40; 30\/30; 28\/28 ; 26\/26; 24\/24; 22\/22; 20\/20 + Voidaan toimittaa katkonaisella, jatkuvalla tai peitetyll\u00e4 uralla \u2013 uran leveys 30 mm + 3 % pinnan kaltevuus uraan + Reunuksella H = 12 cm + Kuormitusluokat D 400; E 600 tai F 900 + T\u00e4ydelliset lis\u00e4varusteet: Kaivo, puhdistuselementti, palontorjuntaelementti, vaihtoelementti, pohjalevyt ja p\u00e4\u00e4tylevyt Koko BG-SL-sarjan tuotevalikoima l\u00f6ytyy luettelosta. Kuvasto: <a href=\"https:\/\/scantank.ee\/wp-content\/uploads\/2019\/12\/Schlitzrinnen_Sicherheitsrinnen_2017_EN_web.pdf\">BG-SL slot channels catalog ENG<\/a> <em>Laadimme BG-SL-kouruille hintatarjouksia projektipohjaisesti. Jos haluat lis\u00e4tietoa, ota meihin yhteytt\u00e4.<\/em><\/p>\n<p>\u00a0<\/p>\n<p>\u00a0<\/p>\n","protected":false},"excerpt":{"rendered":"<p>monoliittinen betonista valmistettu urakouru BG-SL monoliittinen betonista valmistettu urakouru BG-SL &#8211; profiilityyppi I -1 Valikoiman monipuolisin kouru. Kyseisten monoliittisten betonista valmistettujen BG-SL -urakourujen valikoima on kaikkein suurin, ja siksi niit\u00e4 k\u00e4ytet\u00e4\u00e4n eniten. Saatavana joko sis\u00e4isell\u00e4 kaltevuudella tai ilman kaltevuutta, jatkuvalla, katkonaisella tai peitetyll\u00e4 uralla sek\u00e4 reunalla tai ilman reunaa. Betonista valmistettuja urakouruja k\u00e4ytet\u00e4\u00e4n l\u00e4hinn\u00e4 moottoriteiden [&hellip;]<\/p>\n","protected":false},"featured_media":3597,"template":"","meta":{"_acf_changed":false,"inline_featured_image":false,"_exactmetrics_skip_tracking":false,"_exactmetrics_sitenote_active":false,"_exactmetrics_sitenote_note":"","_exactmetrics_sitenote_category":0,"_monsterinsights_skip_tracking":false,"_monsterinsights_sitenote_active":false,"_monsterinsights_sitenote_note":"","_monsterinsights_sitenote_category":0},"product_cat":[169],"product_tag":[],"class_list":{"0":"post-4780","1":"product","2":"type-product","3":"status-publish","4":"has-post-thumbnail","6":"product_cat-bg-slot-a15-f900","8":"first","9":"instock","10":"shipping-taxable","11":"product-type-simple"},"acf":[],"yoast_head":"<!-- This site is optimized with the Yoast SEO plugin v23.1 - https:\/\/yoast.com\/wordpress\/plugins\/seo\/ -->\n<title>monoliittinen betonista valmistettu urakouru BG-SL | Eritt\u00e4in kest\u00e4v\u00e4 ja pitk\u00e4ik\u00e4inen!<\/title>\n<meta name=\"description\" content=\"monoliittinen betonista valmistettu urakouru BG-SL. K\u00e4ytt\u00f6 \u2013 moottoritiet, tunnelit, teollisuus jne. Toimitus ja asennus! Ota yhteytt\u00e4! Puh. 5845 1580, info@scantank.ee\" \/>\n<meta name=\"robots\" content=\"index, follow, max-snippet:-1, max-image-preview:large, max-video-preview:-1\" \/>\n<link rel=\"canonical\" href=\"https:\/\/www.scantank.ee\/fi\/toode\/monoliittinen-betonista-valmistettu-urakouru-bg-sl\/\" \/>\n<meta property=\"og:locale\" content=\"fi_FI\" \/>\n<meta property=\"og:type\" content=\"article\" \/>\n<meta property=\"og:title\" content=\"monoliittinen betonista valmistettu urakouru BG-SL | Eritt\u00e4in kest\u00e4v\u00e4 ja pitk\u00e4ik\u00e4inen!\" \/>\n<meta property=\"og:description\" content=\"monoliittinen betonista valmistettu urakouru BG-SL. K\u00e4ytt\u00f6 \u2013 moottoritiet, tunnelit, teollisuus jne. Toimitus ja asennus! Ota yhteytt\u00e4! Puh. 5845 1580, info@scantank.ee\" \/>\n<meta property=\"og:url\" content=\"https:\/\/www.scantank.ee\/fi\/toode\/monoliittinen-betonista-valmistettu-urakouru-bg-sl\/\" \/>\n<meta property=\"og:site_name\" content=\"Scantank\" \/>\n<meta property=\"article:publisher\" content=\"http:\/\/www.facebook.com\/scantank\" \/>\n<meta property=\"article:modified_time\" content=\"2022-08-03T10:37:11+00:00\" \/>\n<meta property=\"og:image\" content=\"https:\/\/www.scantank.ee\/wp-content\/uploads\/2019\/12\/Birco-Pfuhler-Airport.jpg\" \/>\n\t<meta property=\"og:image:width\" content=\"1086\" \/>\n\t<meta property=\"og:image:height\" content=\"611\" \/>\n\t<meta property=\"og:image:type\" content=\"image\/jpeg\" \/>\n<meta name=\"twitter:card\" content=\"summary_large_image\" \/>\n<meta name=\"twitter:label1\" content=\"Arvioitu lukuaika\" \/>\n\t<meta name=\"twitter:data1\" content=\"1 minuutti\" \/>\n<script type=\"application\/ld+json\" class=\"yoast-schema-graph\">{\"@context\":\"https:\/\/schema.org\",\"@graph\":[{\"@type\":\"WebPage\",\"@id\":\"https:\/\/www.scantank.ee\/fi\/toode\/monoliittinen-betonista-valmistettu-urakouru-bg-sl\/\",\"url\":\"https:\/\/www.scantank.ee\/fi\/toode\/monoliittinen-betonista-valmistettu-urakouru-bg-sl\/\",\"name\":\"monoliittinen betonista valmistettu urakouru BG-SL | Eritt\u00e4in kest\u00e4v\u00e4 ja pitk\u00e4ik\u00e4inen!\",\"isPartOf\":{\"@id\":\"https:\/\/scantank.ee\/#website\"},\"primaryImageOfPage\":{\"@id\":\"https:\/\/www.scantank.ee\/fi\/toode\/monoliittinen-betonista-valmistettu-urakouru-bg-sl\/#primaryimage\"},\"image\":{\"@id\":\"https:\/\/www.scantank.ee\/fi\/toode\/monoliittinen-betonista-valmistettu-urakouru-bg-sl\/#primaryimage\"},\"thumbnailUrl\":\"https:\/\/www.scantank.ee\/wp-content\/uploads\/2019\/12\/Birco-Pfuhler-Airport.jpg\",\"datePublished\":\"2019-12-28T11:47:05+00:00\",\"dateModified\":\"2022-08-03T10:37:11+00:00\",\"description\":\"monoliittinen betonista valmistettu urakouru BG-SL. K\u00e4ytt\u00f6 \u2013 moottoritiet, tunnelit, teollisuus jne. Toimitus ja asennus! Ota yhteytt\u00e4! Puh. 5845 1580, info@scantank.ee\",\"breadcrumb\":{\"@id\":\"https:\/\/www.scantank.ee\/fi\/toode\/monoliittinen-betonista-valmistettu-urakouru-bg-sl\/#breadcrumb\"},\"inLanguage\":\"fi\",\"potentialAction\":[{\"@type\":\"ReadAction\",\"target\":[\"https:\/\/www.scantank.ee\/fi\/toode\/monoliittinen-betonista-valmistettu-urakouru-bg-sl\/\"]}]},{\"@type\":\"ImageObject\",\"inLanguage\":\"fi\",\"@id\":\"https:\/\/www.scantank.ee\/fi\/toode\/monoliittinen-betonista-valmistettu-urakouru-bg-sl\/#primaryimage\",\"url\":\"https:\/\/www.scantank.ee\/wp-content\/uploads\/2019\/12\/Birco-Pfuhler-Airport.jpg\",\"contentUrl\":\"https:\/\/www.scantank.ee\/wp-content\/uploads\/2019\/12\/Birco-Pfuhler-Airport.jpg\",\"width\":1086,\"height\":611},{\"@type\":\"BreadcrumbList\",\"@id\":\"https:\/\/www.scantank.ee\/fi\/toode\/monoliittinen-betonista-valmistettu-urakouru-bg-sl\/#breadcrumb\",\"itemListElement\":[{\"@type\":\"ListItem\",\"position\":1,\"name\":\"Home\",\"item\":\"https:\/\/scantank.ee\/fi\/\"},{\"@type\":\"ListItem\",\"position\":2,\"name\":\"Tuoteluettelo\",\"item\":\"https:\/\/scantank.ee\/fi\/tuoteluettelo\/\"},{\"@type\":\"ListItem\",\"position\":3,\"name\":\"monoliittinen betonista valmistettu urakouru BG-SL\"}]},{\"@type\":\"WebSite\",\"@id\":\"https:\/\/scantank.ee\/#website\",\"url\":\"https:\/\/scantank.ee\/\",\"name\":\"Scantank\",\"description\":\"\",\"publisher\":{\"@id\":\"https:\/\/scantank.ee\/#organization\"},\"potentialAction\":[{\"@type\":\"SearchAction\",\"target\":{\"@type\":\"EntryPoint\",\"urlTemplate\":\"https:\/\/scantank.ee\/?s={search_term_string}\"},\"query-input\":\"required name=search_term_string\"}],\"inLanguage\":\"fi\"},{\"@type\":\"Organization\",\"@id\":\"https:\/\/scantank.ee\/#organization\",\"name\":\"Scantank O\u00dc\",\"url\":\"https:\/\/scantank.ee\/\",\"logo\":{\"@type\":\"ImageObject\",\"inLanguage\":\"fi\",\"@id\":\"https:\/\/scantank.ee\/#\/schema\/logo\/image\/\",\"url\":\"https:\/\/scantank.ee\/wp-content\/uploads\/2019\/08\/scantank-new.png\",\"contentUrl\":\"https:\/\/scantank.ee\/wp-content\/uploads\/2019\/08\/scantank-new.png\",\"width\":1041,\"height\":221,\"caption\":\"Scantank O\u00dc\"},\"image\":{\"@id\":\"https:\/\/scantank.ee\/#\/schema\/logo\/image\/\"},\"sameAs\":[\"http:\/\/www.facebook.com\/scantank\"]}]}<\/script>\n<!-- \/ Yoast SEO plugin. -->","yoast_head_json":{"title":"monoliittinen betonista valmistettu urakouru BG-SL | Eritt\u00e4in kest\u00e4v\u00e4 ja pitk\u00e4ik\u00e4inen!","description":"monoliittinen betonista valmistettu urakouru BG-SL. K\u00e4ytt\u00f6 \u2013 moottoritiet, tunnelit, teollisuus jne. Toimitus ja asennus! Ota yhteytt\u00e4! Puh. 5845 1580, info@scantank.ee","robots":{"index":"index","follow":"follow","max-snippet":"max-snippet:-1","max-image-preview":"max-image-preview:large","max-video-preview":"max-video-preview:-1"},"canonical":"https:\/\/www.scantank.ee\/fi\/toode\/monoliittinen-betonista-valmistettu-urakouru-bg-sl\/","og_locale":"fi_FI","og_type":"article","og_title":"monoliittinen betonista valmistettu urakouru BG-SL | Eritt\u00e4in kest\u00e4v\u00e4 ja pitk\u00e4ik\u00e4inen!","og_description":"monoliittinen betonista valmistettu urakouru BG-SL. K\u00e4ytt\u00f6 \u2013 moottoritiet, tunnelit, teollisuus jne. Toimitus ja asennus! Ota yhteytt\u00e4! Puh. 5845 1580, info@scantank.ee","og_url":"https:\/\/www.scantank.ee\/fi\/toode\/monoliittinen-betonista-valmistettu-urakouru-bg-sl\/","og_site_name":"Scantank","article_publisher":"http:\/\/www.facebook.com\/scantank","article_modified_time":"2022-08-03T10:37:11+00:00","og_image":[{"width":1086,"height":611,"url":"https:\/\/www.scantank.ee\/wp-content\/uploads\/2019\/12\/Birco-Pfuhler-Airport.jpg","type":"image\/jpeg"}],"twitter_card":"summary_large_image","twitter_misc":{"Arvioitu lukuaika":"1 minuutti"},"schema":{"@context":"https:\/\/schema.org","@graph":[{"@type":"WebPage","@id":"https:\/\/www.scantank.ee\/fi\/toode\/monoliittinen-betonista-valmistettu-urakouru-bg-sl\/","url":"https:\/\/www.scantank.ee\/fi\/toode\/monoliittinen-betonista-valmistettu-urakouru-bg-sl\/","name":"monoliittinen betonista valmistettu urakouru BG-SL | Eritt\u00e4in kest\u00e4v\u00e4 ja pitk\u00e4ik\u00e4inen!","isPartOf":{"@id":"https:\/\/scantank.ee\/#website"},"primaryImageOfPage":{"@id":"https:\/\/www.scantank.ee\/fi\/toode\/monoliittinen-betonista-valmistettu-urakouru-bg-sl\/#primaryimage"},"image":{"@id":"https:\/\/www.scantank.ee\/fi\/toode\/monoliittinen-betonista-valmistettu-urakouru-bg-sl\/#primaryimage"},"thumbnailUrl":"https:\/\/www.scantank.ee\/wp-content\/uploads\/2019\/12\/Birco-Pfuhler-Airport.jpg","datePublished":"2019-12-28T11:47:05+00:00","dateModified":"2022-08-03T10:37:11+00:00","description":"monoliittinen betonista valmistettu urakouru BG-SL. K\u00e4ytt\u00f6 \u2013 moottoritiet, tunnelit, teollisuus jne. Toimitus ja asennus! Ota yhteytt\u00e4! Puh. 5845 1580, info@scantank.ee","breadcrumb":{"@id":"https:\/\/www.scantank.ee\/fi\/toode\/monoliittinen-betonista-valmistettu-urakouru-bg-sl\/#breadcrumb"},"inLanguage":"fi","potentialAction":[{"@type":"ReadAction","target":["https:\/\/www.scantank.ee\/fi\/toode\/monoliittinen-betonista-valmistettu-urakouru-bg-sl\/"]}]},{"@type":"ImageObject","inLanguage":"fi","@id":"https:\/\/www.scantank.ee\/fi\/toode\/monoliittinen-betonista-valmistettu-urakouru-bg-sl\/#primaryimage","url":"https:\/\/www.scantank.ee\/wp-content\/uploads\/2019\/12\/Birco-Pfuhler-Airport.jpg","contentUrl":"https:\/\/www.scantank.ee\/wp-content\/uploads\/2019\/12\/Birco-Pfuhler-Airport.jpg","width":1086,"height":611},{"@type":"BreadcrumbList","@id":"https:\/\/www.scantank.ee\/fi\/toode\/monoliittinen-betonista-valmistettu-urakouru-bg-sl\/#breadcrumb","itemListElement":[{"@type":"ListItem","position":1,"name":"Home","item":"https:\/\/scantank.ee\/fi\/"},{"@type":"ListItem","position":2,"name":"Tuoteluettelo","item":"https:\/\/scantank.ee\/fi\/tuoteluettelo\/"},{"@type":"ListItem","position":3,"name":"monoliittinen betonista valmistettu urakouru BG-SL"}]},{"@type":"WebSite","@id":"https:\/\/scantank.ee\/#website","url":"https:\/\/scantank.ee\/","name":"Scantank","description":"","publisher":{"@id":"https:\/\/scantank.ee\/#organization"},"potentialAction":[{"@type":"SearchAction","target":{"@type":"EntryPoint","urlTemplate":"https:\/\/scantank.ee\/?s={search_term_string}"},"query-input":"required name=search_term_string"}],"inLanguage":"fi"},{"@type":"Organization","@id":"https:\/\/scantank.ee\/#organization","name":"Scantank O\u00dc","url":"https:\/\/scantank.ee\/","logo":{"@type":"ImageObject","inLanguage":"fi","@id":"https:\/\/scantank.ee\/#\/schema\/logo\/image\/","url":"https:\/\/scantank.ee\/wp-content\/uploads\/2019\/08\/scantank-new.png","contentUrl":"https:\/\/scantank.ee\/wp-content\/uploads\/2019\/08\/scantank-new.png","width":1041,"height":221,"caption":"Scantank O\u00dc"},"image":{"@id":"https:\/\/scantank.ee\/#\/schema\/logo\/image\/"},"sameAs":["http:\/\/www.facebook.com\/scantank"]}]}},"_links":{"self":[{"href":"https:\/\/www.scantank.ee\/fi\/wp-json\/wp\/v2\/product\/4780"}],"collection":[{"href":"https:\/\/www.scantank.ee\/fi\/wp-json\/wp\/v2\/product"}],"about":[{"href":"https:\/\/www.scantank.ee\/fi\/wp-json\/wp\/v2\/types\/product"}],"wp:featuredmedia":[{"embeddable":true,"href":"https:\/\/www.scantank.ee\/fi\/wp-json\/wp\/v2\/media\/3597"}],"wp:attachment":[{"href":"https:\/\/www.scantank.ee\/fi\/wp-json\/wp\/v2\/media?parent=4780"}],"wp:term":[{"taxonomy":"product_cat","embeddable":true,"href":"https:\/\/www.scantank.ee\/fi\/wp-json\/wp\/v2\/product_cat?post=4780"},{"taxonomy":"product_tag","embeddable":true,"href":"https:\/\/www.scantank.ee\/fi\/wp-json\/wp\/v2\/product_tag?post=4780"}],"curies":[{"name":"wp","href":"https:\/\/api.w.org\/{rel}","templated":true}]}}