{"id":4784,"date":"2019-12-29T19:05:50","date_gmt":"2019-12-29T19:05:50","guid":{"rendered":"https:\/\/scantank.ee\/toode\/pumppaamot\/"},"modified":"2022-08-03T10:37:11","modified_gmt":"2022-08-03T10:37:11","slug":"pumppaamot","status":"publish","type":"product","link":"https:\/\/www.scantank.ee\/fi\/toode\/pumppaamot\/","title":{"rendered":"Pumppaamot"},"content":{"rendered":"<h2><strong>Pumppaamot j\u00e4te-, sade- ja viem\u00e4riveden pumppaamiseen<\/strong><\/h2>\n<p>J\u00e4te-, sade- ja viem\u00e4riveden pumppaamiseen tarkoitettuja pumppaamoita k\u00e4ytet\u00e4\u00e4n yleens\u00e4 silloin, kun itsevirtaavan putkiston rakentaminen ei ole mahdollista tai kannattavaa. Asiakkaan toiveesta ja asennuspaikasta riippuen tarjoamme pumppaamoille muovi-, alumiini- tai valurautaluukkuja. Pumppaamoiden mukana tulevat sertifikaatit sek\u00e4 asennus- ja huolto-ohjeet. Tarjoamiemme pumppaamoiden suurin rungon halkaisija on 2500 mm. Tarvittavat tiedot pumppaamon hintatarjouksen tekemiseen: + Pumppaamon tuloputken\/-putkien syvyys + Pumpun tai pumppujen tuottavuus ja nostokorkeus Jos kyseiset tekij\u00e4t ovat tiedossa, voimme laatia ty\u00f6piirroksen ja aloittaa valmistuksen. Autamme my\u00f6s tarvittavan ohjausautomatiikan valinnassa. Tarjoamme ohjauspaneeleita sek\u00e4 yhden ett\u00e4 kahden pumpun pumppaamoille. Mahdollisuus valita sek\u00e4 sis\u00e4- ett\u00e4 ulkok\u00e4ytt\u00f6\u00f6n tarkoitettu paneeli ja sopiva h\u00e4lytys- ja tiedonsiirtoj\u00e4rjestelm\u00e4. Pumput vastaavat vaatimuksia (esim. Grundfos, Wilo)Standardit:\u00a0 EN 12050\u20101:2001 ja EN 12050-2;2001 <em> Laadimme pumppaamoille hintatarjouksia projektipohjaisesti. Jos haluat lis\u00e4tietoa, ota meihin yhteytt\u00e4.<\/em><\/p>\n","protected":false},"excerpt":{"rendered":"<p>Pumppaamot j\u00e4te-, sade- ja viem\u00e4riveden pumppaamiseen J\u00e4te-, sade- ja viem\u00e4riveden pumppaamiseen tarkoitettuja pumppaamoita k\u00e4ytet\u00e4\u00e4n yleens\u00e4 silloin, kun itsevirtaavan putkiston rakentaminen ei ole mahdollista tai kannattavaa. Asiakkaan toiveesta ja asennuspaikasta riippuen tarjoamme pumppaamoille muovi-, alumiini- tai valurautaluukkuja. Pumppaamoiden mukana tulevat sertifikaatit sek\u00e4 asennus- ja huolto-ohjeet. Tarjoamiemme pumppaamoiden suurin rungon halkaisija on 2500 mm. Tarvittavat tiedot pumppaamon [&hellip;]<\/p>\n","protected":false},"featured_media":3632,"template":"","meta":{"_acf_changed":false,"inline_featured_image":false,"_exactmetrics_skip_tracking":false,"_exactmetrics_sitenote_active":false,"_exactmetrics_sitenote_note":"","_exactmetrics_sitenote_category":0,"_monsterinsights_skip_tracking":false,"_monsterinsights_sitenote_active":false,"_monsterinsights_sitenote_note":"","_monsterinsights_sitenote_category":0},"product_cat":[251,168],"product_tag":[],"class_list":{"0":"post-4784","1":"product","2":"type-product","3":"status-publish","4":"has-post-thumbnail","6":"product_cat-pumppaamot","7":"product_cat-lujitemuovista-valmistetut-tuotteet","9":"first","10":"instock","11":"shipping-taxable","12":"product-type-simple"},"acf":[],"yoast_head":"<!-- This site is optimized with the Yoast SEO plugin v23.1 - https:\/\/yoast.com\/wordpress\/plugins\/seo\/ -->\n<title>Pumppaamot | Pumppaamot j\u00e4te-, sade- ja viem\u00e4rivedelle<\/title>\n<meta name=\"description\" content=\"Pumppaamot j\u00e4te-, sade- ja viem\u00e4riveden pumppaamiseen. Takuu 10 vuotta! Toimitus ja asennus! Ota yhteytt\u00e4! Puh. 5845 1580, info@scantank.ee\" \/>\n<meta name=\"robots\" content=\"index, follow, max-snippet:-1, max-image-preview:large, max-video-preview:-1\" \/>\n<link rel=\"canonical\" href=\"https:\/\/www.scantank.ee\/fi\/toode\/pumppaamot\/\" \/>\n<meta property=\"og:locale\" content=\"fi_FI\" \/>\n<meta property=\"og:type\" content=\"article\" \/>\n<meta property=\"og:title\" content=\"Pumppaamot | Pumppaamot j\u00e4te-, sade- ja viem\u00e4rivedelle\" \/>\n<meta property=\"og:description\" content=\"Pumppaamot j\u00e4te-, sade- ja viem\u00e4riveden pumppaamiseen. Takuu 10 vuotta! Toimitus ja asennus! Ota yhteytt\u00e4! Puh. 5845 1580, info@scantank.ee\" \/>\n<meta property=\"og:url\" content=\"https:\/\/www.scantank.ee\/fi\/toode\/pumppaamot\/\" \/>\n<meta property=\"og:site_name\" content=\"Scantank\" \/>\n<meta property=\"article:publisher\" content=\"http:\/\/www.facebook.com\/scantank\" \/>\n<meta property=\"article:modified_time\" content=\"2022-08-03T10:37:11+00:00\" \/>\n<meta property=\"og:image\" content=\"https:\/\/scantank.ee\/wp-content\/uploads\/2019\/12\/Pumplad.jpg\" \/>\n\t<meta property=\"og:image:width\" content=\"550\" \/>\n\t<meta property=\"og:image:height\" content=\"550\" \/>\n\t<meta property=\"og:image:type\" content=\"image\/jpeg\" \/>\n<meta name=\"twitter:card\" content=\"summary_large_image\" \/>\n<meta name=\"twitter:label1\" content=\"Arvioitu lukuaika\" \/>\n\t<meta name=\"twitter:data1\" content=\"1 minuutti\" \/>\n<script type=\"application\/ld+json\" class=\"yoast-schema-graph\">{\"@context\":\"https:\/\/schema.org\",\"@graph\":[{\"@type\":\"WebPage\",\"@id\":\"https:\/\/www.scantank.ee\/fi\/toode\/pumppaamot\/\",\"url\":\"https:\/\/www.scantank.ee\/fi\/toode\/pumppaamot\/\",\"name\":\"Pumppaamot | Pumppaamot j\u00e4te-, sade- ja viem\u00e4rivedelle\",\"isPartOf\":{\"@id\":\"https:\/\/scantank.ee\/#website\"},\"primaryImageOfPage\":{\"@id\":\"https:\/\/www.scantank.ee\/fi\/toode\/pumppaamot\/#primaryimage\"},\"image\":{\"@id\":\"https:\/\/www.scantank.ee\/fi\/toode\/pumppaamot\/#primaryimage\"},\"thumbnailUrl\":\"https:\/\/www.scantank.ee\/wp-content\/uploads\/2019\/12\/Pumplad.jpg\",\"datePublished\":\"2019-12-29T19:05:50+00:00\",\"dateModified\":\"2022-08-03T10:37:11+00:00\",\"description\":\"Pumppaamot j\u00e4te-, sade- ja viem\u00e4riveden pumppaamiseen. Takuu 10 vuotta! Toimitus ja asennus! Ota yhteytt\u00e4! Puh. 5845 1580, info@scantank.ee\",\"breadcrumb\":{\"@id\":\"https:\/\/www.scantank.ee\/fi\/toode\/pumppaamot\/#breadcrumb\"},\"inLanguage\":\"fi\",\"potentialAction\":[{\"@type\":\"ReadAction\",\"target\":[\"https:\/\/www.scantank.ee\/fi\/toode\/pumppaamot\/\"]}]},{\"@type\":\"ImageObject\",\"inLanguage\":\"fi\",\"@id\":\"https:\/\/www.scantank.ee\/fi\/toode\/pumppaamot\/#primaryimage\",\"url\":\"https:\/\/www.scantank.ee\/wp-content\/uploads\/2019\/12\/Pumplad.jpg\",\"contentUrl\":\"https:\/\/www.scantank.ee\/wp-content\/uploads\/2019\/12\/Pumplad.jpg\",\"width\":550,\"height\":550},{\"@type\":\"BreadcrumbList\",\"@id\":\"https:\/\/www.scantank.ee\/fi\/toode\/pumppaamot\/#breadcrumb\",\"itemListElement\":[{\"@type\":\"ListItem\",\"position\":1,\"name\":\"Home\",\"item\":\"https:\/\/scantank.ee\/fi\/\"},{\"@type\":\"ListItem\",\"position\":2,\"name\":\"Tuoteluettelo\",\"item\":\"https:\/\/scantank.ee\/fi\/tuoteluettelo\/\"},{\"@type\":\"ListItem\",\"position\":3,\"name\":\"Pumppaamot\"}]},{\"@type\":\"WebSite\",\"@id\":\"https:\/\/scantank.ee\/#website\",\"url\":\"https:\/\/scantank.ee\/\",\"name\":\"Scantank\",\"description\":\"\",\"publisher\":{\"@id\":\"https:\/\/scantank.ee\/#organization\"},\"potentialAction\":[{\"@type\":\"SearchAction\",\"target\":{\"@type\":\"EntryPoint\",\"urlTemplate\":\"https:\/\/scantank.ee\/?s={search_term_string}\"},\"query-input\":\"required name=search_term_string\"}],\"inLanguage\":\"fi\"},{\"@type\":\"Organization\",\"@id\":\"https:\/\/scantank.ee\/#organization\",\"name\":\"Scantank O\u00dc\",\"url\":\"https:\/\/scantank.ee\/\",\"logo\":{\"@type\":\"ImageObject\",\"inLanguage\":\"fi\",\"@id\":\"https:\/\/scantank.ee\/#\/schema\/logo\/image\/\",\"url\":\"https:\/\/scantank.ee\/wp-content\/uploads\/2019\/08\/scantank-new.png\",\"contentUrl\":\"https:\/\/scantank.ee\/wp-content\/uploads\/2019\/08\/scantank-new.png\",\"width\":1041,\"height\":221,\"caption\":\"Scantank O\u00dc\"},\"image\":{\"@id\":\"https:\/\/scantank.ee\/#\/schema\/logo\/image\/\"},\"sameAs\":[\"http:\/\/www.facebook.com\/scantank\"]}]}<\/script>\n<!-- \/ Yoast SEO plugin. -->","yoast_head_json":{"title":"Pumppaamot | Pumppaamot j\u00e4te-, sade- ja viem\u00e4rivedelle","description":"Pumppaamot j\u00e4te-, sade- ja viem\u00e4riveden pumppaamiseen. Takuu 10 vuotta! Toimitus ja asennus! Ota yhteytt\u00e4! Puh. 5845 1580, info@scantank.ee","robots":{"index":"index","follow":"follow","max-snippet":"max-snippet:-1","max-image-preview":"max-image-preview:large","max-video-preview":"max-video-preview:-1"},"canonical":"https:\/\/www.scantank.ee\/fi\/toode\/pumppaamot\/","og_locale":"fi_FI","og_type":"article","og_title":"Pumppaamot | Pumppaamot j\u00e4te-, sade- ja viem\u00e4rivedelle","og_description":"Pumppaamot j\u00e4te-, sade- ja viem\u00e4riveden pumppaamiseen. Takuu 10 vuotta! Toimitus ja asennus! Ota yhteytt\u00e4! Puh. 5845 1580, info@scantank.ee","og_url":"https:\/\/www.scantank.ee\/fi\/toode\/pumppaamot\/","og_site_name":"Scantank","article_publisher":"http:\/\/www.facebook.com\/scantank","article_modified_time":"2022-08-03T10:37:11+00:00","og_image":[{"width":550,"height":550,"url":"https:\/\/scantank.ee\/wp-content\/uploads\/2019\/12\/Pumplad.jpg","type":"image\/jpeg"}],"twitter_card":"summary_large_image","twitter_misc":{"Arvioitu lukuaika":"1 minuutti"},"schema":{"@context":"https:\/\/schema.org","@graph":[{"@type":"WebPage","@id":"https:\/\/www.scantank.ee\/fi\/toode\/pumppaamot\/","url":"https:\/\/www.scantank.ee\/fi\/toode\/pumppaamot\/","name":"Pumppaamot | Pumppaamot j\u00e4te-, sade- ja viem\u00e4rivedelle","isPartOf":{"@id":"https:\/\/scantank.ee\/#website"},"primaryImageOfPage":{"@id":"https:\/\/www.scantank.ee\/fi\/toode\/pumppaamot\/#primaryimage"},"image":{"@id":"https:\/\/www.scantank.ee\/fi\/toode\/pumppaamot\/#primaryimage"},"thumbnailUrl":"https:\/\/www.scantank.ee\/wp-content\/uploads\/2019\/12\/Pumplad.jpg","datePublished":"2019-12-29T19:05:50+00:00","dateModified":"2022-08-03T10:37:11+00:00","description":"Pumppaamot j\u00e4te-, sade- ja viem\u00e4riveden pumppaamiseen. Takuu 10 vuotta! Toimitus ja asennus! Ota yhteytt\u00e4! Puh. 5845 1580, info@scantank.ee","breadcrumb":{"@id":"https:\/\/www.scantank.ee\/fi\/toode\/pumppaamot\/#breadcrumb"},"inLanguage":"fi","potentialAction":[{"@type":"ReadAction","target":["https:\/\/www.scantank.ee\/fi\/toode\/pumppaamot\/"]}]},{"@type":"ImageObject","inLanguage":"fi","@id":"https:\/\/www.scantank.ee\/fi\/toode\/pumppaamot\/#primaryimage","url":"https:\/\/www.scantank.ee\/wp-content\/uploads\/2019\/12\/Pumplad.jpg","contentUrl":"https:\/\/www.scantank.ee\/wp-content\/uploads\/2019\/12\/Pumplad.jpg","width":550,"height":550},{"@type":"BreadcrumbList","@id":"https:\/\/www.scantank.ee\/fi\/toode\/pumppaamot\/#breadcrumb","itemListElement":[{"@type":"ListItem","position":1,"name":"Home","item":"https:\/\/scantank.ee\/fi\/"},{"@type":"ListItem","position":2,"name":"Tuoteluettelo","item":"https:\/\/scantank.ee\/fi\/tuoteluettelo\/"},{"@type":"ListItem","position":3,"name":"Pumppaamot"}]},{"@type":"WebSite","@id":"https:\/\/scantank.ee\/#website","url":"https:\/\/scantank.ee\/","name":"Scantank","description":"","publisher":{"@id":"https:\/\/scantank.ee\/#organization"},"potentialAction":[{"@type":"SearchAction","target":{"@type":"EntryPoint","urlTemplate":"https:\/\/scantank.ee\/?s={search_term_string}"},"query-input":"required name=search_term_string"}],"inLanguage":"fi"},{"@type":"Organization","@id":"https:\/\/scantank.ee\/#organization","name":"Scantank O\u00dc","url":"https:\/\/scantank.ee\/","logo":{"@type":"ImageObject","inLanguage":"fi","@id":"https:\/\/scantank.ee\/#\/schema\/logo\/image\/","url":"https:\/\/scantank.ee\/wp-content\/uploads\/2019\/08\/scantank-new.png","contentUrl":"https:\/\/scantank.ee\/wp-content\/uploads\/2019\/08\/scantank-new.png","width":1041,"height":221,"caption":"Scantank O\u00dc"},"image":{"@id":"https:\/\/scantank.ee\/#\/schema\/logo\/image\/"},"sameAs":["http:\/\/www.facebook.com\/scantank"]}]}},"_links":{"self":[{"href":"https:\/\/www.scantank.ee\/fi\/wp-json\/wp\/v2\/product\/4784"}],"collection":[{"href":"https:\/\/www.scantank.ee\/fi\/wp-json\/wp\/v2\/product"}],"about":[{"href":"https:\/\/www.scantank.ee\/fi\/wp-json\/wp\/v2\/types\/product"}],"wp:featuredmedia":[{"embeddable":true,"href":"https:\/\/www.scantank.ee\/fi\/wp-json\/wp\/v2\/media\/3632"}],"wp:attachment":[{"href":"https:\/\/www.scantank.ee\/fi\/wp-json\/wp\/v2\/media?parent=4784"}],"wp:term":[{"taxonomy":"product_cat","embeddable":true,"href":"https:\/\/www.scantank.ee\/fi\/wp-json\/wp\/v2\/product_cat?post=4784"},{"taxonomy":"product_tag","embeddable":true,"href":"https:\/\/www.scantank.ee\/fi\/wp-json\/wp\/v2\/product_tag?post=4784"}],"curies":[{"name":"wp","href":"https:\/\/api.w.org\/{rel}","templated":true}]}}