{"id":6007,"date":"2021-04-22T11:55:39","date_gmt":"2021-04-22T12:14:16","guid":{"rendered":"https:\/\/scantank.ee\/toode\/%d0%be%d0%b1%d1%85%d0%be%d0%b4%d0%bd%d0%be%d0%b9-%d0%bc%d0%b0%d1%81%d0%bb%d0%be-%d0%b8-%d0%bf%d0%b5%d1%81%d0%ba%d0%be%d1%83%d0%bb%d0%be%d0%b2%d0%b8%d1%82%d0%b5%d0%bb%d1%8c-i-%d0%ba%d0%bb%d0%b0%d1%81\/"},"modified":"2022-08-03T10:37:12","modified_gmt":"2022-08-03T10:37:12","slug":"oljyn-ja-hiekanerotin-ohivirtauksella","status":"publish","type":"product","link":"https:\/\/www.scantank.ee\/fi\/toode\/oljyn-ja-hiekanerotin-ohivirtauksella\/","title":{"rendered":"\u00d6ljyn- ja hiekanerottimet NS3\/15\u2013NS80\/240 ohivirtauksella"},"content":{"rendered":"<p>Ohivirtauksella varustettuja \u00f6ljyn- ja hiekanerottimia k\u00e4ytet\u00e4\u00e4n p\u00e4\u00e4asiassa silloin, kun sadevesi tai teollisuusj\u00e4tevesi on johdettava viem\u00e4riin tai ymp\u00e4rist\u00f6\u00f6n. K\u00e4ytet\u00e4\u00e4n yleens\u00e4 pys\u00e4k\u00f6intialueilla, huoltoasemilla, autopesuloissa, korjaamoissa jne. Tarjoamissamme I-luokan \u00f6ljyn- ja bensiininerottimissa \u00f6ljy- ja bensiinihiukkaset erotetaan j\u00e4tevedest\u00e4 koalisaattorin avulla. Puhdistetun veden \u00f6ljypitoisuuden on oltava alle 5 mg\/l. \u00d6ljynerottimiin voidaan lis\u00e4t\u00e4 \u00f6ljytason h\u00e4lytyslaite, joka antaa \u00e4\u00e4ni- ja valomerkin, kun vedess\u00e4 oleva \u00f6ljykerros saavuttaa suurimman sallitun paksuuden. Lasikuitumuovista valmistettu I-luokan \u00f6ljynerotin ohivirtauksella, suurin puhdistettava virtausm\u00e4\u00e4r\u00e4 3\u201380 l\/s. Suurin arvioitu virtausm\u00e4\u00e4r\u00e4 15\u2013240 l\/s Tuotteen mukana on CE-vaatimustenmukaisuusvakuutus sek\u00e4 asennus- ja huolto-ohjeet. Tuotteen mukana tulee valurautaluukku. Erottimeen voidaan tilata erikseen h\u00e4lytyslaite. 10 vuoden takuu Tilanteessa, jossa \u00f6ljyinen sadevesi ker\u00e4t\u00e4\u00e4n eritt\u00e4in suurilta alueilta, kuten varastoalueet, pys\u00e4k\u00f6intialueet, autotiet ja terminaalit, erottimella on oltava suuri nimellinen suorituskyky. T\u00e4ll\u00f6in erottimen minimointiin ja kustannusten v\u00e4hent\u00e4miseen sopii \u00f6ljynerotin sis\u00e4\u00e4nrakennetulla ohivirtauksella. Ohivirtauksella varustettu \u00f6ljynerotin on eritt\u00e4in kompakti, tehokas ja kest\u00e4v\u00e4 ratkaisu. Tarjoamamme ohivirtauksella varustetut \u00f6ljynerottimet valmistetaan puhdistettavan ja suurimman virtausm\u00e4\u00e4r\u00e4n suhteessa 1\/3. Rankkasateiden sattuessa \u00f6ljyinen sadevesi p\u00e4\u00e4tyy erottimeen pys\u00e4k\u00f6intialueilta, terminaaleista, varastoalueilta tai muilta suurilta alueilta sadekuuron alkuvaiheessa. Suuremmat ja jo puhtaammat virtausm\u00e4\u00e4r\u00e4t, jotka ylitt\u00e4v\u00e4t erottimen puhdistustehon, voidaan ohjata erottimen koalisaattoreiden ohi. Ohivirtauksella varustetun \u00f6ljynerottimen toiminta perustuu siihen, ett\u00e4 kun virtausm\u00e4\u00e4r\u00e4 ylitt\u00e4\u00e4 \u00f6ljynerottimen puhdistustehon, erottimen taso nousee, ja puhdistustehon ylitt\u00e4v\u00e4 virtausm\u00e4\u00e4r\u00e4 ohjataan ohituskanavaan. Ohivirtauksella varustettu \u00f6ljynerotin puhdistaa ~ 95 % vuotuisesta sadem\u00e4\u00e4r\u00e4st\u00e4. \u00d6ljynerottimeen integroitu hiekan- ja lietteenerotin. Tarvittaessa mahdollista tilata \u00f6ljynerottimia, joissa on suurempi sedimenttitilavuus. Jos haluat lis\u00e4tietoa, ota meihin yhteytt\u00e4.<\/p>\n","protected":false},"excerpt":{"rendered":"<p>Ohivirtauksella varustettuja \u00f6ljyn- ja hiekanerottimia k\u00e4ytet\u00e4\u00e4n p\u00e4\u00e4asiassa silloin, kun sadevesi tai teollisuusj\u00e4tevesi on johdettava viem\u00e4riin tai ymp\u00e4rist\u00f6\u00f6n. K\u00e4ytet\u00e4\u00e4n yleens\u00e4 pys\u00e4k\u00f6intialueilla, huoltoasemilla, autopesuloissa, korjaamoissa jne. Tarjoamissamme I-luokan \u00f6ljyn- ja bensiininerottimissa \u00f6ljy- ja bensiinihiukkaset erotetaan j\u00e4tevedest\u00e4 koalisaattorin avulla. Puhdistetun veden \u00f6ljypitoisuuden on oltava alle 5 mg\/l. \u00d6ljynerottimiin voidaan lis\u00e4t\u00e4 \u00f6ljytason h\u00e4lytyslaite, joka antaa \u00e4\u00e4ni- ja valomerkin, kun [&hellip;]<\/p>\n","protected":false},"featured_media":2325,"template":"","meta":{"_acf_changed":false,"inline_featured_image":false,"_exactmetrics_skip_tracking":false,"_exactmetrics_sitenote_active":false,"_exactmetrics_sitenote_note":"","_exactmetrics_sitenote_category":0,"_monsterinsights_skip_tracking":false,"_monsterinsights_sitenote_active":false,"_monsterinsights_sitenote_note":"","_monsterinsights_sitenote_category":0},"product_cat":[274,168],"product_tag":[],"class_list":{"0":"post-6007","1":"product","2":"type-product","3":"status-publish","4":"has-post-thumbnail","6":"product_cat-oljynerottimet","7":"product_cat-lujitemuovista-valmistetut-tuotteet","9":"first","10":"instock","11":"shipping-taxable","12":"product-type-simple"},"acf":[],"yoast_head":"<!-- This site is optimized with the Yoast SEO plugin v23.1 - https:\/\/yoast.com\/wordpress\/plugins\/seo\/ -->\n<title>\u00d6ljyn- ja hiekanerottimet NS3\/15\u2013NS80\/240 ohivirtauksella | Scantank<\/title>\n<meta name=\"robots\" content=\"index, follow, max-snippet:-1, max-image-preview:large, max-video-preview:-1\" \/>\n<link rel=\"canonical\" href=\"https:\/\/www.scantank.ee\/fi\/toode\/oljyn-ja-hiekanerotin-ohivirtauksella\/\" \/>\n<meta property=\"og:locale\" content=\"fi_FI\" \/>\n<meta property=\"og:type\" content=\"article\" \/>\n<meta property=\"og:title\" content=\"\u00d6ljyn- ja hiekanerottimet NS3\/15\u2013NS80\/240 ohivirtauksella | Scantank\" \/>\n<meta property=\"og:description\" content=\"Ohivirtauksella varustettuja \u00f6ljyn- ja hiekanerottimia k\u00e4ytet\u00e4\u00e4n p\u00e4\u00e4asiassa silloin, kun sadevesi tai teollisuusj\u00e4tevesi on johdettava viem\u00e4riin tai ymp\u00e4rist\u00f6\u00f6n. K\u00e4ytet\u00e4\u00e4n yleens\u00e4 pys\u00e4k\u00f6intialueilla, huoltoasemilla, autopesuloissa, korjaamoissa jne. Tarjoamissamme I-luokan \u00f6ljyn- ja bensiininerottimissa \u00f6ljy- ja bensiinihiukkaset erotetaan j\u00e4tevedest\u00e4 koalisaattorin avulla. Puhdistetun veden \u00f6ljypitoisuuden on oltava alle 5 mg\/l. \u00d6ljynerottimiin voidaan lis\u00e4t\u00e4 \u00f6ljytason h\u00e4lytyslaite, joka antaa \u00e4\u00e4ni- ja valomerkin, kun [&hellip;]\" \/>\n<meta property=\"og:url\" content=\"https:\/\/www.scantank.ee\/fi\/toode\/oljyn-ja-hiekanerotin-ohivirtauksella\/\" \/>\n<meta property=\"og:site_name\" content=\"Scantank\" \/>\n<meta property=\"article:publisher\" content=\"http:\/\/www.facebook.com\/scantank\" \/>\n<meta property=\"article:modified_time\" content=\"2022-08-03T10:37:12+00:00\" \/>\n<meta property=\"og:image\" content=\"https:\/\/scantank.ee\/wp-content\/uploads\/2019\/08\/pu\u0308u\u0308dur-filtriga.jpg\" \/>\n\t<meta property=\"og:image:width\" content=\"1450\" \/>\n\t<meta property=\"og:image:height\" content=\"2160\" \/>\n\t<meta property=\"og:image:type\" content=\"image\/jpeg\" \/>\n<meta name=\"twitter:card\" content=\"summary_large_image\" \/>\n<meta name=\"twitter:label1\" content=\"Arvioitu lukuaika\" \/>\n\t<meta name=\"twitter:data1\" content=\"1 minuutti\" \/>\n<script type=\"application\/ld+json\" class=\"yoast-schema-graph\">{\"@context\":\"https:\/\/schema.org\",\"@graph\":[{\"@type\":\"WebPage\",\"@id\":\"https:\/\/www.scantank.ee\/fi\/toode\/oljyn-ja-hiekanerotin-ohivirtauksella\/\",\"url\":\"https:\/\/www.scantank.ee\/fi\/toode\/oljyn-ja-hiekanerotin-ohivirtauksella\/\",\"name\":\"\u00d6ljyn- ja hiekanerottimet NS3\/15\u2013NS80\/240 ohivirtauksella | Scantank\",\"isPartOf\":{\"@id\":\"https:\/\/scantank.ee\/#website\"},\"primaryImageOfPage\":{\"@id\":\"https:\/\/www.scantank.ee\/fi\/toode\/oljyn-ja-hiekanerotin-ohivirtauksella\/#primaryimage\"},\"image\":{\"@id\":\"https:\/\/www.scantank.ee\/fi\/toode\/oljyn-ja-hiekanerotin-ohivirtauksella\/#primaryimage\"},\"thumbnailUrl\":\"https:\/\/scantank.ee\/wp-content\/uploads\/2019\/08\/pu\u0308u\u0308dur-filtriga.jpg\",\"datePublished\":\"2021-04-22T12:14:16+00:00\",\"dateModified\":\"2022-08-03T10:37:12+00:00\",\"breadcrumb\":{\"@id\":\"https:\/\/www.scantank.ee\/fi\/toode\/oljyn-ja-hiekanerotin-ohivirtauksella\/#breadcrumb\"},\"inLanguage\":\"fi\",\"potentialAction\":[{\"@type\":\"ReadAction\",\"target\":[\"https:\/\/www.scantank.ee\/fi\/toode\/oljyn-ja-hiekanerotin-ohivirtauksella\/\"]}]},{\"@type\":\"ImageObject\",\"inLanguage\":\"fi\",\"@id\":\"https:\/\/www.scantank.ee\/fi\/toode\/oljyn-ja-hiekanerotin-ohivirtauksella\/#primaryimage\",\"url\":\"https:\/\/scantank.ee\/wp-content\/uploads\/2019\/08\/pu\u0308u\u0308dur-filtriga.jpg\",\"contentUrl\":\"https:\/\/scantank.ee\/wp-content\/uploads\/2019\/08\/pu\u0308u\u0308dur-filtriga.jpg\",\"width\":1450,\"height\":2160,\"caption\":\"\u00f6ljynerotin suodattimella\"},{\"@type\":\"BreadcrumbList\",\"@id\":\"https:\/\/www.scantank.ee\/fi\/toode\/oljyn-ja-hiekanerotin-ohivirtauksella\/#breadcrumb\",\"itemListElement\":[{\"@type\":\"ListItem\",\"position\":1,\"name\":\"Home\",\"item\":\"https:\/\/www.scantank.ee\/fi\/\"},{\"@type\":\"ListItem\",\"position\":2,\"name\":\"Tuoteluettelo\",\"item\":\"https:\/\/www.scantank.ee\/fi\/tuoteluettelo\/\"},{\"@type\":\"ListItem\",\"position\":3,\"name\":\"\u00d6ljyn- ja hiekanerottimet NS3\/15\u2013NS80\/240 ohivirtauksella\"}]},{\"@type\":\"WebSite\",\"@id\":\"https:\/\/scantank.ee\/#website\",\"url\":\"https:\/\/scantank.ee\/\",\"name\":\"Scantank\",\"description\":\"\",\"publisher\":{\"@id\":\"https:\/\/scantank.ee\/#organization\"},\"potentialAction\":[{\"@type\":\"SearchAction\",\"target\":{\"@type\":\"EntryPoint\",\"urlTemplate\":\"https:\/\/scantank.ee\/?s={search_term_string}\"},\"query-input\":\"required name=search_term_string\"}],\"inLanguage\":\"fi\"},{\"@type\":\"Organization\",\"@id\":\"https:\/\/scantank.ee\/#organization\",\"name\":\"Scantank O\u00dc\",\"url\":\"https:\/\/scantank.ee\/\",\"logo\":{\"@type\":\"ImageObject\",\"inLanguage\":\"fi\",\"@id\":\"https:\/\/scantank.ee\/#\/schema\/logo\/image\/\",\"url\":\"https:\/\/scantank.ee\/wp-content\/uploads\/2019\/08\/scantank-new.png\",\"contentUrl\":\"https:\/\/scantank.ee\/wp-content\/uploads\/2019\/08\/scantank-new.png\",\"width\":1041,\"height\":221,\"caption\":\"Scantank O\u00dc\"},\"image\":{\"@id\":\"https:\/\/scantank.ee\/#\/schema\/logo\/image\/\"},\"sameAs\":[\"http:\/\/www.facebook.com\/scantank\"]}]}<\/script>\n<!-- \/ Yoast SEO plugin. -->","yoast_head_json":{"title":"\u00d6ljyn- ja hiekanerottimet NS3\/15\u2013NS80\/240 ohivirtauksella | Scantank","robots":{"index":"index","follow":"follow","max-snippet":"max-snippet:-1","max-image-preview":"max-image-preview:large","max-video-preview":"max-video-preview:-1"},"canonical":"https:\/\/www.scantank.ee\/fi\/toode\/oljyn-ja-hiekanerotin-ohivirtauksella\/","og_locale":"fi_FI","og_type":"article","og_title":"\u00d6ljyn- ja hiekanerottimet NS3\/15\u2013NS80\/240 ohivirtauksella | Scantank","og_description":"Ohivirtauksella varustettuja \u00f6ljyn- ja hiekanerottimia k\u00e4ytet\u00e4\u00e4n p\u00e4\u00e4asiassa silloin, kun sadevesi tai teollisuusj\u00e4tevesi on johdettava viem\u00e4riin tai ymp\u00e4rist\u00f6\u00f6n. K\u00e4ytet\u00e4\u00e4n yleens\u00e4 pys\u00e4k\u00f6intialueilla, huoltoasemilla, autopesuloissa, korjaamoissa jne. Tarjoamissamme I-luokan \u00f6ljyn- ja bensiininerottimissa \u00f6ljy- ja bensiinihiukkaset erotetaan j\u00e4tevedest\u00e4 koalisaattorin avulla. Puhdistetun veden \u00f6ljypitoisuuden on oltava alle 5 mg\/l. \u00d6ljynerottimiin voidaan lis\u00e4t\u00e4 \u00f6ljytason h\u00e4lytyslaite, joka antaa \u00e4\u00e4ni- ja valomerkin, kun [&hellip;]","og_url":"https:\/\/www.scantank.ee\/fi\/toode\/oljyn-ja-hiekanerotin-ohivirtauksella\/","og_site_name":"Scantank","article_publisher":"http:\/\/www.facebook.com\/scantank","article_modified_time":"2022-08-03T10:37:12+00:00","og_image":[{"width":1450,"height":2160,"url":"https:\/\/scantank.ee\/wp-content\/uploads\/2019\/08\/pu\u0308u\u0308dur-filtriga.jpg","type":"image\/jpeg"}],"twitter_card":"summary_large_image","twitter_misc":{"Arvioitu lukuaika":"1 minuutti"},"schema":{"@context":"https:\/\/schema.org","@graph":[{"@type":"WebPage","@id":"https:\/\/www.scantank.ee\/fi\/toode\/oljyn-ja-hiekanerotin-ohivirtauksella\/","url":"https:\/\/www.scantank.ee\/fi\/toode\/oljyn-ja-hiekanerotin-ohivirtauksella\/","name":"\u00d6ljyn- ja hiekanerottimet NS3\/15\u2013NS80\/240 ohivirtauksella | Scantank","isPartOf":{"@id":"https:\/\/scantank.ee\/#website"},"primaryImageOfPage":{"@id":"https:\/\/www.scantank.ee\/fi\/toode\/oljyn-ja-hiekanerotin-ohivirtauksella\/#primaryimage"},"image":{"@id":"https:\/\/www.scantank.ee\/fi\/toode\/oljyn-ja-hiekanerotin-ohivirtauksella\/#primaryimage"},"thumbnailUrl":"https:\/\/scantank.ee\/wp-content\/uploads\/2019\/08\/pu\u0308u\u0308dur-filtriga.jpg","datePublished":"2021-04-22T12:14:16+00:00","dateModified":"2022-08-03T10:37:12+00:00","breadcrumb":{"@id":"https:\/\/www.scantank.ee\/fi\/toode\/oljyn-ja-hiekanerotin-ohivirtauksella\/#breadcrumb"},"inLanguage":"fi","potentialAction":[{"@type":"ReadAction","target":["https:\/\/www.scantank.ee\/fi\/toode\/oljyn-ja-hiekanerotin-ohivirtauksella\/"]}]},{"@type":"ImageObject","inLanguage":"fi","@id":"https:\/\/www.scantank.ee\/fi\/toode\/oljyn-ja-hiekanerotin-ohivirtauksella\/#primaryimage","url":"https:\/\/scantank.ee\/wp-content\/uploads\/2019\/08\/pu\u0308u\u0308dur-filtriga.jpg","contentUrl":"https:\/\/scantank.ee\/wp-content\/uploads\/2019\/08\/pu\u0308u\u0308dur-filtriga.jpg","width":1450,"height":2160,"caption":"\u00f6ljynerotin suodattimella"},{"@type":"BreadcrumbList","@id":"https:\/\/www.scantank.ee\/fi\/toode\/oljyn-ja-hiekanerotin-ohivirtauksella\/#breadcrumb","itemListElement":[{"@type":"ListItem","position":1,"name":"Home","item":"https:\/\/www.scantank.ee\/fi\/"},{"@type":"ListItem","position":2,"name":"Tuoteluettelo","item":"https:\/\/www.scantank.ee\/fi\/tuoteluettelo\/"},{"@type":"ListItem","position":3,"name":"\u00d6ljyn- ja hiekanerottimet NS3\/15\u2013NS80\/240 ohivirtauksella"}]},{"@type":"WebSite","@id":"https:\/\/scantank.ee\/#website","url":"https:\/\/scantank.ee\/","name":"Scantank","description":"","publisher":{"@id":"https:\/\/scantank.ee\/#organization"},"potentialAction":[{"@type":"SearchAction","target":{"@type":"EntryPoint","urlTemplate":"https:\/\/scantank.ee\/?s={search_term_string}"},"query-input":"required name=search_term_string"}],"inLanguage":"fi"},{"@type":"Organization","@id":"https:\/\/scantank.ee\/#organization","name":"Scantank O\u00dc","url":"https:\/\/scantank.ee\/","logo":{"@type":"ImageObject","inLanguage":"fi","@id":"https:\/\/scantank.ee\/#\/schema\/logo\/image\/","url":"https:\/\/scantank.ee\/wp-content\/uploads\/2019\/08\/scantank-new.png","contentUrl":"https:\/\/scantank.ee\/wp-content\/uploads\/2019\/08\/scantank-new.png","width":1041,"height":221,"caption":"Scantank O\u00dc"},"image":{"@id":"https:\/\/scantank.ee\/#\/schema\/logo\/image\/"},"sameAs":["http:\/\/www.facebook.com\/scantank"]}]}},"_links":{"self":[{"href":"https:\/\/www.scantank.ee\/fi\/wp-json\/wp\/v2\/product\/6007"}],"collection":[{"href":"https:\/\/www.scantank.ee\/fi\/wp-json\/wp\/v2\/product"}],"about":[{"href":"https:\/\/www.scantank.ee\/fi\/wp-json\/wp\/v2\/types\/product"}],"wp:featuredmedia":[{"embeddable":true,"href":"https:\/\/www.scantank.ee\/fi\/wp-json\/wp\/v2\/media\/2325"}],"wp:attachment":[{"href":"https:\/\/www.scantank.ee\/fi\/wp-json\/wp\/v2\/media?parent=6007"}],"wp:term":[{"taxonomy":"product_cat","embeddable":true,"href":"https:\/\/www.scantank.ee\/fi\/wp-json\/wp\/v2\/product_cat?post=6007"},{"taxonomy":"product_tag","embeddable":true,"href":"https:\/\/www.scantank.ee\/fi\/wp-json\/wp\/v2\/product_tag?post=6007"}],"curies":[{"name":"wp","href":"https:\/\/api.w.org\/{rel}","templated":true}]}}