{"id":7241,"date":"2022-04-03T10:18:59","date_gmt":"2022-08-03T10:36:45","guid":{"rendered":"https:\/\/scantank.ee\/toode\/polyeteenista-pe-valmistetut-muovikaivot-sailiot-ja-muut-erikoistuotteet\/"},"modified":"2022-08-03T10:36:45","modified_gmt":"2022-08-03T10:36:45","slug":"polyeteenista-pe-valmistetut-muovikaivot-sailiot-ja-muut-erikoistuotteet","status":"publish","type":"product","link":"https:\/\/www.scantank.ee\/fi\/toode\/polyeteenista-pe-valmistetut-muovikaivot-sailiot-ja-muut-erikoistuotteet\/","title":{"rendered":"Polyeteenist\u00e4 (PE) valmistetut muovikaivot, s\u00e4ili\u00f6t ja muut erikoistuotteet."},"content":{"rendered":"<p><strong>Tarjoamme seuraavia ratkaisuja<\/strong>: Viem\u00e4rikaivot Sadevesikaivot Aluskaivot Palopostikaivot Vedenmittauskaivot S\u00e4ili\u00f6t Ponttonit Erikoistuotteet Viem\u00e4rikaivot Viem\u00e4rikaivoja k\u00e4ytet\u00e4\u00e4n j\u00e4tevesiputkiston huoltoon, tarkastukseen ja suunnanmuutoksiin. Kaivot valmistetaan vuotokourulla, jonka v\u00e4himm\u00e4issyvyys on \u00bd putken halkaisijasta. Kaivot ovat yleens\u00e4 teleskooppisia, mik\u00e4 tarkoittaa, ett\u00e4 kaivon korkeutta voidaan s\u00e4\u00e4t\u00e4\u00e4 maanpinnan korkeuden mukaan. Kaivoluukun materiaalina on valurauta tai muovi. Asennuksen helpottamiseksi on mahdollista valmistaa my\u00f6s kaksoispohjaisia kaivoja, joiden alapohja on sile\u00e4. Yleisimm\u00e4t halkaisijat ovat 200\u20131000 mm.<\/p>\n","protected":false},"excerpt":{"rendered":"<p>Tarjoamme seuraavia ratkaisuja: Viem\u00e4rikaivot Sadevesikaivot Aluskaivot Palopostikaivot Vedenmittauskaivot S\u00e4ili\u00f6t Ponttonit Erikoistuotteet Viem\u00e4rikaivot Viem\u00e4rikaivoja k\u00e4ytet\u00e4\u00e4n j\u00e4tevesiputkiston huoltoon, tarkastukseen ja suunnanmuutoksiin. Kaivot valmistetaan vuotokourulla, jonka v\u00e4himm\u00e4issyvyys on \u00bd putken halkaisijasta. Kaivot ovat yleens\u00e4 teleskooppisia, mik\u00e4 tarkoittaa, ett\u00e4 kaivon korkeutta voidaan s\u00e4\u00e4t\u00e4\u00e4 maanpinnan korkeuden mukaan. Kaivoluukun materiaalina on valurauta tai muovi. Asennuksen helpottamiseksi on mahdollista valmistaa my\u00f6s kaksoispohjaisia [&hellip;]<\/p>\n","protected":false},"featured_media":7056,"template":"","meta":{"_acf_changed":false,"inline_featured_image":false,"_exactmetrics_skip_tracking":false,"_exactmetrics_sitenote_active":false,"_exactmetrics_sitenote_note":"","_exactmetrics_sitenote_category":0,"_monsterinsights_skip_tracking":false,"_monsterinsights_sitenote_active":false,"_monsterinsights_sitenote_note":"","_monsterinsights_sitenote_category":0},"product_cat":[272],"product_tag":[],"class_list":{"0":"post-7241","1":"product","2":"type-product","3":"status-publish","4":"has-post-thumbnail","6":"product_cat-polyeteenista-pe-valmistetut-tuotteet","8":"first","9":"instock","10":"shipping-taxable","11":"product-type-simple"},"acf":[],"yoast_head":"<!-- This site is optimized with the Yoast SEO plugin v23.1 - https:\/\/yoast.com\/wordpress\/plugins\/seo\/ -->\n<title>Polyeteenist\u00e4 (PE) valmistetut muovikaivot, s\u00e4ili\u00f6t ja muut erikoistuotteet. | Scantank<\/title>\n<meta name=\"robots\" content=\"index, follow, max-snippet:-1, max-image-preview:large, max-video-preview:-1\" \/>\n<link rel=\"canonical\" href=\"https:\/\/www.scantank.ee\/fi\/toode\/polyeteenista-pe-valmistetut-muovikaivot-sailiot-ja-muut-erikoistuotteet\/\" \/>\n<meta property=\"og:locale\" content=\"fi_FI\" \/>\n<meta property=\"og:type\" content=\"article\" \/>\n<meta property=\"og:title\" content=\"Polyeteenist\u00e4 (PE) valmistetut muovikaivot, s\u00e4ili\u00f6t ja muut erikoistuotteet. | Scantank\" \/>\n<meta property=\"og:description\" content=\"Tarjoamme seuraavia ratkaisuja: Viem\u00e4rikaivot Sadevesikaivot Aluskaivot Palopostikaivot Vedenmittauskaivot S\u00e4ili\u00f6t Ponttonit Erikoistuotteet Viem\u00e4rikaivot Viem\u00e4rikaivoja k\u00e4ytet\u00e4\u00e4n j\u00e4tevesiputkiston huoltoon, tarkastukseen ja suunnanmuutoksiin. Kaivot valmistetaan vuotokourulla, jonka v\u00e4himm\u00e4issyvyys on \u00bd putken halkaisijasta. Kaivot ovat yleens\u00e4 teleskooppisia, mik\u00e4 tarkoittaa, ett\u00e4 kaivon korkeutta voidaan s\u00e4\u00e4t\u00e4\u00e4 maanpinnan korkeuden mukaan. Kaivoluukun materiaalina on valurauta tai muovi. Asennuksen helpottamiseksi on mahdollista valmistaa my\u00f6s kaksoispohjaisia [&hellip;]\" \/>\n<meta property=\"og:url\" content=\"https:\/\/www.scantank.ee\/fi\/toode\/polyeteenista-pe-valmistetut-muovikaivot-sailiot-ja-muut-erikoistuotteet\/\" \/>\n<meta property=\"og:site_name\" content=\"Scantank\" \/>\n<meta property=\"article:publisher\" content=\"http:\/\/www.facebook.com\/scantank\" \/>\n<meta property=\"og:image\" content=\"https:\/\/www.scantank.ee\/wp-content\/uploads\/2022\/04\/kineta-4-kielichy-karmat-400-zoom.jpg\" \/>\n\t<meta property=\"og:image:width\" content=\"894\" \/>\n\t<meta property=\"og:image:height\" content=\"800\" \/>\n\t<meta property=\"og:image:type\" content=\"image\/jpeg\" \/>\n<meta name=\"twitter:card\" content=\"summary_large_image\" \/>\n<script type=\"application\/ld+json\" class=\"yoast-schema-graph\">{\"@context\":\"https:\/\/schema.org\",\"@graph\":[{\"@type\":\"WebPage\",\"@id\":\"https:\/\/www.scantank.ee\/fi\/toode\/polyeteenista-pe-valmistetut-muovikaivot-sailiot-ja-muut-erikoistuotteet\/\",\"url\":\"https:\/\/www.scantank.ee\/fi\/toode\/polyeteenista-pe-valmistetut-muovikaivot-sailiot-ja-muut-erikoistuotteet\/\",\"name\":\"Polyeteenist\u00e4 (PE) valmistetut muovikaivot, s\u00e4ili\u00f6t ja muut erikoistuotteet. | Scantank\",\"isPartOf\":{\"@id\":\"https:\/\/scantank.ee\/#website\"},\"primaryImageOfPage\":{\"@id\":\"https:\/\/www.scantank.ee\/fi\/toode\/polyeteenista-pe-valmistetut-muovikaivot-sailiot-ja-muut-erikoistuotteet\/#primaryimage\"},\"image\":{\"@id\":\"https:\/\/www.scantank.ee\/fi\/toode\/polyeteenista-pe-valmistetut-muovikaivot-sailiot-ja-muut-erikoistuotteet\/#primaryimage\"},\"thumbnailUrl\":\"https:\/\/www.scantank.ee\/wp-content\/uploads\/2022\/04\/kineta-4-kielichy-karmat-400-zoom.jpg\",\"datePublished\":\"2022-08-03T10:36:45+00:00\",\"dateModified\":\"2022-08-03T10:36:45+00:00\",\"breadcrumb\":{\"@id\":\"https:\/\/www.scantank.ee\/fi\/toode\/polyeteenista-pe-valmistetut-muovikaivot-sailiot-ja-muut-erikoistuotteet\/#breadcrumb\"},\"inLanguage\":\"fi\",\"potentialAction\":[{\"@type\":\"ReadAction\",\"target\":[\"https:\/\/www.scantank.ee\/fi\/toode\/polyeteenista-pe-valmistetut-muovikaivot-sailiot-ja-muut-erikoistuotteet\/\"]}]},{\"@type\":\"ImageObject\",\"inLanguage\":\"fi\",\"@id\":\"https:\/\/www.scantank.ee\/fi\/toode\/polyeteenista-pe-valmistetut-muovikaivot-sailiot-ja-muut-erikoistuotteet\/#primaryimage\",\"url\":\"https:\/\/www.scantank.ee\/wp-content\/uploads\/2022\/04\/kineta-4-kielichy-karmat-400-zoom.jpg\",\"contentUrl\":\"https:\/\/www.scantank.ee\/wp-content\/uploads\/2022\/04\/kineta-4-kielichy-karmat-400-zoom.jpg\",\"width\":894,\"height\":800},{\"@type\":\"BreadcrumbList\",\"@id\":\"https:\/\/www.scantank.ee\/fi\/toode\/polyeteenista-pe-valmistetut-muovikaivot-sailiot-ja-muut-erikoistuotteet\/#breadcrumb\",\"itemListElement\":[{\"@type\":\"ListItem\",\"position\":1,\"name\":\"Home\",\"item\":\"https:\/\/scantank.ee\/fi\/\"},{\"@type\":\"ListItem\",\"position\":2,\"name\":\"Tuoteluettelo\",\"item\":\"https:\/\/scantank.ee\/fi\/tuoteluettelo\/\"},{\"@type\":\"ListItem\",\"position\":3,\"name\":\"Polyeteenist\u00e4 (PE) valmistetut muovikaivot, s\u00e4ili\u00f6t ja muut erikoistuotteet.\"}]},{\"@type\":\"WebSite\",\"@id\":\"https:\/\/scantank.ee\/#website\",\"url\":\"https:\/\/scantank.ee\/\",\"name\":\"Scantank\",\"description\":\"\",\"publisher\":{\"@id\":\"https:\/\/scantank.ee\/#organization\"},\"potentialAction\":[{\"@type\":\"SearchAction\",\"target\":{\"@type\":\"EntryPoint\",\"urlTemplate\":\"https:\/\/scantank.ee\/?s={search_term_string}\"},\"query-input\":\"required name=search_term_string\"}],\"inLanguage\":\"fi\"},{\"@type\":\"Organization\",\"@id\":\"https:\/\/scantank.ee\/#organization\",\"name\":\"Scantank O\u00dc\",\"url\":\"https:\/\/scantank.ee\/\",\"logo\":{\"@type\":\"ImageObject\",\"inLanguage\":\"fi\",\"@id\":\"https:\/\/scantank.ee\/#\/schema\/logo\/image\/\",\"url\":\"https:\/\/scantank.ee\/wp-content\/uploads\/2019\/08\/scantank-new.png\",\"contentUrl\":\"https:\/\/scantank.ee\/wp-content\/uploads\/2019\/08\/scantank-new.png\",\"width\":1041,\"height\":221,\"caption\":\"Scantank O\u00dc\"},\"image\":{\"@id\":\"https:\/\/scantank.ee\/#\/schema\/logo\/image\/\"},\"sameAs\":[\"http:\/\/www.facebook.com\/scantank\"]}]}<\/script>\n<!-- \/ Yoast SEO plugin. -->","yoast_head_json":{"title":"Polyeteenist\u00e4 (PE) valmistetut muovikaivot, s\u00e4ili\u00f6t ja muut erikoistuotteet. | Scantank","robots":{"index":"index","follow":"follow","max-snippet":"max-snippet:-1","max-image-preview":"max-image-preview:large","max-video-preview":"max-video-preview:-1"},"canonical":"https:\/\/www.scantank.ee\/fi\/toode\/polyeteenista-pe-valmistetut-muovikaivot-sailiot-ja-muut-erikoistuotteet\/","og_locale":"fi_FI","og_type":"article","og_title":"Polyeteenist\u00e4 (PE) valmistetut muovikaivot, s\u00e4ili\u00f6t ja muut erikoistuotteet. | Scantank","og_description":"Tarjoamme seuraavia ratkaisuja: Viem\u00e4rikaivot Sadevesikaivot Aluskaivot Palopostikaivot Vedenmittauskaivot S\u00e4ili\u00f6t Ponttonit Erikoistuotteet Viem\u00e4rikaivot Viem\u00e4rikaivoja k\u00e4ytet\u00e4\u00e4n j\u00e4tevesiputkiston huoltoon, tarkastukseen ja suunnanmuutoksiin. Kaivot valmistetaan vuotokourulla, jonka v\u00e4himm\u00e4issyvyys on \u00bd putken halkaisijasta. Kaivot ovat yleens\u00e4 teleskooppisia, mik\u00e4 tarkoittaa, ett\u00e4 kaivon korkeutta voidaan s\u00e4\u00e4t\u00e4\u00e4 maanpinnan korkeuden mukaan. Kaivoluukun materiaalina on valurauta tai muovi. Asennuksen helpottamiseksi on mahdollista valmistaa my\u00f6s kaksoispohjaisia [&hellip;]","og_url":"https:\/\/www.scantank.ee\/fi\/toode\/polyeteenista-pe-valmistetut-muovikaivot-sailiot-ja-muut-erikoistuotteet\/","og_site_name":"Scantank","article_publisher":"http:\/\/www.facebook.com\/scantank","og_image":[{"width":894,"height":800,"url":"https:\/\/www.scantank.ee\/wp-content\/uploads\/2022\/04\/kineta-4-kielichy-karmat-400-zoom.jpg","type":"image\/jpeg"}],"twitter_card":"summary_large_image","schema":{"@context":"https:\/\/schema.org","@graph":[{"@type":"WebPage","@id":"https:\/\/www.scantank.ee\/fi\/toode\/polyeteenista-pe-valmistetut-muovikaivot-sailiot-ja-muut-erikoistuotteet\/","url":"https:\/\/www.scantank.ee\/fi\/toode\/polyeteenista-pe-valmistetut-muovikaivot-sailiot-ja-muut-erikoistuotteet\/","name":"Polyeteenist\u00e4 (PE) valmistetut muovikaivot, s\u00e4ili\u00f6t ja muut erikoistuotteet. | Scantank","isPartOf":{"@id":"https:\/\/scantank.ee\/#website"},"primaryImageOfPage":{"@id":"https:\/\/www.scantank.ee\/fi\/toode\/polyeteenista-pe-valmistetut-muovikaivot-sailiot-ja-muut-erikoistuotteet\/#primaryimage"},"image":{"@id":"https:\/\/www.scantank.ee\/fi\/toode\/polyeteenista-pe-valmistetut-muovikaivot-sailiot-ja-muut-erikoistuotteet\/#primaryimage"},"thumbnailUrl":"https:\/\/www.scantank.ee\/wp-content\/uploads\/2022\/04\/kineta-4-kielichy-karmat-400-zoom.jpg","datePublished":"2022-08-03T10:36:45+00:00","dateModified":"2022-08-03T10:36:45+00:00","breadcrumb":{"@id":"https:\/\/www.scantank.ee\/fi\/toode\/polyeteenista-pe-valmistetut-muovikaivot-sailiot-ja-muut-erikoistuotteet\/#breadcrumb"},"inLanguage":"fi","potentialAction":[{"@type":"ReadAction","target":["https:\/\/www.scantank.ee\/fi\/toode\/polyeteenista-pe-valmistetut-muovikaivot-sailiot-ja-muut-erikoistuotteet\/"]}]},{"@type":"ImageObject","inLanguage":"fi","@id":"https:\/\/www.scantank.ee\/fi\/toode\/polyeteenista-pe-valmistetut-muovikaivot-sailiot-ja-muut-erikoistuotteet\/#primaryimage","url":"https:\/\/www.scantank.ee\/wp-content\/uploads\/2022\/04\/kineta-4-kielichy-karmat-400-zoom.jpg","contentUrl":"https:\/\/www.scantank.ee\/wp-content\/uploads\/2022\/04\/kineta-4-kielichy-karmat-400-zoom.jpg","width":894,"height":800},{"@type":"BreadcrumbList","@id":"https:\/\/www.scantank.ee\/fi\/toode\/polyeteenista-pe-valmistetut-muovikaivot-sailiot-ja-muut-erikoistuotteet\/#breadcrumb","itemListElement":[{"@type":"ListItem","position":1,"name":"Home","item":"https:\/\/scantank.ee\/fi\/"},{"@type":"ListItem","position":2,"name":"Tuoteluettelo","item":"https:\/\/scantank.ee\/fi\/tuoteluettelo\/"},{"@type":"ListItem","position":3,"name":"Polyeteenist\u00e4 (PE) valmistetut muovikaivot, s\u00e4ili\u00f6t ja muut erikoistuotteet."}]},{"@type":"WebSite","@id":"https:\/\/scantank.ee\/#website","url":"https:\/\/scantank.ee\/","name":"Scantank","description":"","publisher":{"@id":"https:\/\/scantank.ee\/#organization"},"potentialAction":[{"@type":"SearchAction","target":{"@type":"EntryPoint","urlTemplate":"https:\/\/scantank.ee\/?s={search_term_string}"},"query-input":"required name=search_term_string"}],"inLanguage":"fi"},{"@type":"Organization","@id":"https:\/\/scantank.ee\/#organization","name":"Scantank O\u00dc","url":"https:\/\/scantank.ee\/","logo":{"@type":"ImageObject","inLanguage":"fi","@id":"https:\/\/scantank.ee\/#\/schema\/logo\/image\/","url":"https:\/\/scantank.ee\/wp-content\/uploads\/2019\/08\/scantank-new.png","contentUrl":"https:\/\/scantank.ee\/wp-content\/uploads\/2019\/08\/scantank-new.png","width":1041,"height":221,"caption":"Scantank O\u00dc"},"image":{"@id":"https:\/\/scantank.ee\/#\/schema\/logo\/image\/"},"sameAs":["http:\/\/www.facebook.com\/scantank"]}]}},"_links":{"self":[{"href":"https:\/\/www.scantank.ee\/fi\/wp-json\/wp\/v2\/product\/7241"}],"collection":[{"href":"https:\/\/www.scantank.ee\/fi\/wp-json\/wp\/v2\/product"}],"about":[{"href":"https:\/\/www.scantank.ee\/fi\/wp-json\/wp\/v2\/types\/product"}],"wp:featuredmedia":[{"embeddable":true,"href":"https:\/\/www.scantank.ee\/fi\/wp-json\/wp\/v2\/media\/7056"}],"wp:attachment":[{"href":"https:\/\/www.scantank.ee\/fi\/wp-json\/wp\/v2\/media?parent=7241"}],"wp:term":[{"taxonomy":"product_cat","embeddable":true,"href":"https:\/\/www.scantank.ee\/fi\/wp-json\/wp\/v2\/product_cat?post=7241"},{"taxonomy":"product_tag","embeddable":true,"href":"https:\/\/www.scantank.ee\/fi\/wp-json\/wp\/v2\/product_tag?post=7241"}],"curies":[{"name":"wp","href":"https:\/\/api.w.org\/{rel}","templated":true}]}}