{"id":7250,"date":"2022-04-06T17:20:14","date_gmt":"2022-08-03T10:36:50","guid":{"rendered":"https:\/\/scantank.ee\/toode\/strong-saostuskaivo-2000-3000-5000-l\/"},"modified":"2022-08-03T10:36:50","modified_gmt":"2022-08-03T10:36:50","slug":"strong-saostuskaivo-2000-3000-5000-l","status":"publish","type":"product","link":"https:\/\/www.scantank.ee\/fi\/toode\/strong-saostuskaivo-2000-3000-5000-l\/","title":{"rendered":"Strong saostuskaivo 2000\/3000\/5000 L"},"content":{"rendered":"<p><strong><em>ID1000 mm. STRONG-saostuskaivosarja koostuu kolmikammioisesta saostuskaivosta, jakokaivosta ja imeytyskent\u00e4st\u00e4.<\/em><\/strong> <strong>Saostuskaivo 2000 L on sopiva tuote omakotitalon j\u00e4teveden puhdistamiseen enint\u00e4\u00e4n viiden hengen talouksille. Saostuskaivo 3000 L on sopiva tuote omakotitalon j\u00e4teveden puhdistamiseen enint\u00e4\u00e4n seitsem\u00e4n hengen talouksille. Saostuskaivo 5000 L Erikoiskokoisen saostuskaivon koko valitaan j\u00e4teveden m\u00e4\u00e4r\u00e4n mukaan (k\u00e4ytt\u00e4jien lukum\u00e4\u00e4r\u00e4 ja j\u00e4teveden koostumus).<\/strong> Suunniteltu omakotitaloihin ja paikkoihin, joita ei ole liitetty yleiseen viem\u00e4riverkkoon. Omakotitalon j\u00e4tevesi esipuhdistetaan mekaanisesti saostuskaivossa ja imeytet\u00e4\u00e4n maahan maaper\u00e4suodattimen l\u00e4pi. Puhdistus on luonnonmukaista eik\u00e4 siihen tarvita s\u00e4hk\u00f6energiaa. Tuotteen k\u00e4ytt\u00f6\u00f6n on haettava lupa vesisuojelua j\u00e4rjest\u00e4v\u00e4lt\u00e4 viranomaiselta. <strong>Puhdistin koostuu seuraavista osista:<\/strong> kolmikammioinen saostuskaivo, jossa j\u00e4tevesi puhdistuu kiintoaineesta ja rasvoista; jakokaivo, jonka avulla j\u00e4tevesi johdetaan imeytysputkista koostuvaan jakoputkistoon; rei&#8217;itetyt imeytysputket, joiden kautta esipuhdistettu j\u00e4tevesi ohjataan maahan; tuuletusputket, jotka sijaitsevat jakoputkistojen p\u00e4\u00e4ss\u00e4; suodatinkangas, joka auttaa est\u00e4m\u00e4\u00e4n maaper\u00e4n erityisten fraktioiden sekoittumisen. Asennus- ja huolto-ohje: <a href=\"https:\/\/scantank.ee\/wp-content\/uploads\/2022\/04\/IWS_STRONG_Septik_EST.pdf\">IWS_STRONG_Saostuskaivo_EST<\/a> Piirustukset: <a href=\"https:\/\/scantank.ee\/wp-content\/uploads\/2022\/04\/501100-ID1000-septik-2m3_EE_2.pdf\">501100-ID1000-saostuskaivo-2m3_EE_2<\/a> <a href=\"https:\/\/scantank.ee\/wp-content\/uploads\/2022\/04\/501105-ID1000-septik-3m3_EE_2.pdf\">501105-ID1000-saostuskaivo-3m3_EE_2<\/a> <a href=\"https:\/\/scantank.ee\/wp-content\/uploads\/2022\/04\/501110-ID1000-septik-5m3_EE_2.pdf\">501110-ID1000-saostuskaivo-5m3_EE_2<\/a> Suoritustasoilmoitus: <a href=\"https:\/\/scantank.ee\/wp-content\/uploads\/2022\/04\/Septikute-toimivusdeklaratsioon-EST.pdf\">Saostuskaivojen-suoritustasoilmoitus-EST<\/a> https:\/\/youtu.be\/OwX0NgQ5tMk<\/p>\n","protected":false},"excerpt":{"rendered":"<p>ID1000 mm. STRONG-saostuskaivosarja koostuu kolmikammioisesta saostuskaivosta, jakokaivosta ja imeytyskent\u00e4st\u00e4. Saostuskaivo 2000 L on sopiva tuote omakotitalon j\u00e4teveden puhdistamiseen enint\u00e4\u00e4n viiden hengen talouksille. Saostuskaivo 3000 L on sopiva tuote omakotitalon j\u00e4teveden puhdistamiseen enint\u00e4\u00e4n seitsem\u00e4n hengen talouksille. Saostuskaivo 5000 L Erikoiskokoisen saostuskaivon koko valitaan j\u00e4teveden m\u00e4\u00e4r\u00e4n mukaan (k\u00e4ytt\u00e4jien lukum\u00e4\u00e4r\u00e4 ja j\u00e4teveden koostumus). Suunniteltu omakotitaloihin ja paikkoihin, joita [&hellip;]<\/p>\n","protected":false},"featured_media":7077,"template":"","meta":{"_acf_changed":false,"inline_featured_image":false,"_exactmetrics_skip_tracking":false,"_exactmetrics_sitenote_active":false,"_exactmetrics_sitenote_note":"","_exactmetrics_sitenote_category":0,"_monsterinsights_skip_tracking":false,"_monsterinsights_sitenote_active":false,"_monsterinsights_sitenote_note":"","_monsterinsights_sitenote_category":0},"product_cat":[272],"product_tag":[],"class_list":{"0":"post-7250","1":"product","2":"type-product","3":"status-publish","4":"has-post-thumbnail","6":"product_cat-polyeteenista-pe-valmistetut-tuotteet","8":"first","9":"instock","10":"shipping-taxable","11":"product-type-simple"},"acf":[],"yoast_head":"<!-- This site is optimized with the Yoast SEO plugin v23.1 - https:\/\/yoast.com\/wordpress\/plugins\/seo\/ -->\n<title>Strong saostuskaivo 2000\/3000\/5000 L | Scantank<\/title>\n<meta name=\"robots\" content=\"index, follow, max-snippet:-1, max-image-preview:large, max-video-preview:-1\" \/>\n<link rel=\"canonical\" href=\"https:\/\/www.scantank.ee\/fi\/toode\/strong-saostuskaivo-2000-3000-5000-l\/\" \/>\n<meta property=\"og:locale\" content=\"fi_FI\" \/>\n<meta property=\"og:type\" content=\"article\" \/>\n<meta property=\"og:title\" content=\"Strong saostuskaivo 2000\/3000\/5000 L | Scantank\" \/>\n<meta property=\"og:description\" content=\"ID1000 mm. STRONG-saostuskaivosarja koostuu kolmikammioisesta saostuskaivosta, jakokaivosta ja imeytyskent\u00e4st\u00e4. Saostuskaivo 2000 L on sopiva tuote omakotitalon j\u00e4teveden puhdistamiseen enint\u00e4\u00e4n viiden hengen talouksille. Saostuskaivo 3000 L on sopiva tuote omakotitalon j\u00e4teveden puhdistamiseen enint\u00e4\u00e4n seitsem\u00e4n hengen talouksille. Saostuskaivo 5000 L Erikoiskokoisen saostuskaivon koko valitaan j\u00e4teveden m\u00e4\u00e4r\u00e4n mukaan (k\u00e4ytt\u00e4jien lukum\u00e4\u00e4r\u00e4 ja j\u00e4teveden koostumus). Suunniteltu omakotitaloihin ja paikkoihin, joita [&hellip;]\" \/>\n<meta property=\"og:url\" content=\"https:\/\/www.scantank.ee\/fi\/toode\/strong-saostuskaivo-2000-3000-5000-l\/\" \/>\n<meta property=\"og:site_name\" content=\"Scantank\" \/>\n<meta property=\"article:publisher\" content=\"http:\/\/www.facebook.com\/scantank\" \/>\n<meta property=\"og:image\" content=\"https:\/\/www.scantank.ee\/wp-content\/uploads\/2022\/04\/501105_ID1000_Septik_3m3_imbv\u00e4ljak_jaotuskaev.png\" \/>\n\t<meta property=\"og:image:width\" content=\"1080\" \/>\n\t<meta property=\"og:image:height\" content=\"1080\" \/>\n\t<meta property=\"og:image:type\" content=\"image\/png\" \/>\n<meta name=\"twitter:card\" content=\"summary_large_image\" \/>\n<meta name=\"twitter:label1\" content=\"Arvioitu lukuaika\" \/>\n\t<meta name=\"twitter:data1\" content=\"1 minuutti\" \/>\n<script type=\"application\/ld+json\" class=\"yoast-schema-graph\">{\"@context\":\"https:\/\/schema.org\",\"@graph\":[{\"@type\":\"WebPage\",\"@id\":\"https:\/\/www.scantank.ee\/fi\/toode\/strong-saostuskaivo-2000-3000-5000-l\/\",\"url\":\"https:\/\/www.scantank.ee\/fi\/toode\/strong-saostuskaivo-2000-3000-5000-l\/\",\"name\":\"Strong saostuskaivo 2000\/3000\/5000 L | Scantank\",\"isPartOf\":{\"@id\":\"https:\/\/scantank.ee\/#website\"},\"primaryImageOfPage\":{\"@id\":\"https:\/\/www.scantank.ee\/fi\/toode\/strong-saostuskaivo-2000-3000-5000-l\/#primaryimage\"},\"image\":{\"@id\":\"https:\/\/www.scantank.ee\/fi\/toode\/strong-saostuskaivo-2000-3000-5000-l\/#primaryimage\"},\"thumbnailUrl\":\"https:\/\/www.scantank.ee\/wp-content\/uploads\/2022\/04\/501105_ID1000_Septik_3m3_imbv\u00e4ljak_jaotuskaev.png\",\"datePublished\":\"2022-08-03T10:36:50+00:00\",\"dateModified\":\"2022-08-03T10:36:50+00:00\",\"breadcrumb\":{\"@id\":\"https:\/\/www.scantank.ee\/fi\/toode\/strong-saostuskaivo-2000-3000-5000-l\/#breadcrumb\"},\"inLanguage\":\"fi\",\"potentialAction\":[{\"@type\":\"ReadAction\",\"target\":[\"https:\/\/www.scantank.ee\/fi\/toode\/strong-saostuskaivo-2000-3000-5000-l\/\"]}]},{\"@type\":\"ImageObject\",\"inLanguage\":\"fi\",\"@id\":\"https:\/\/www.scantank.ee\/fi\/toode\/strong-saostuskaivo-2000-3000-5000-l\/#primaryimage\",\"url\":\"https:\/\/www.scantank.ee\/wp-content\/uploads\/2022\/04\/501105_ID1000_Septik_3m3_imbv\u00e4ljak_jaotuskaev.png\",\"contentUrl\":\"https:\/\/www.scantank.ee\/wp-content\/uploads\/2022\/04\/501105_ID1000_Septik_3m3_imbv\u00e4ljak_jaotuskaev.png\",\"width\":1080,\"height\":1080},{\"@type\":\"BreadcrumbList\",\"@id\":\"https:\/\/www.scantank.ee\/fi\/toode\/strong-saostuskaivo-2000-3000-5000-l\/#breadcrumb\",\"itemListElement\":[{\"@type\":\"ListItem\",\"position\":1,\"name\":\"Home\",\"item\":\"https:\/\/scantank.ee\/fi\/\"},{\"@type\":\"ListItem\",\"position\":2,\"name\":\"Tuoteluettelo\",\"item\":\"https:\/\/scantank.ee\/fi\/tuoteluettelo\/\"},{\"@type\":\"ListItem\",\"position\":3,\"name\":\"Strong saostuskaivo 2000\/3000\/5000 L\"}]},{\"@type\":\"WebSite\",\"@id\":\"https:\/\/scantank.ee\/#website\",\"url\":\"https:\/\/scantank.ee\/\",\"name\":\"Scantank\",\"description\":\"\",\"publisher\":{\"@id\":\"https:\/\/scantank.ee\/#organization\"},\"potentialAction\":[{\"@type\":\"SearchAction\",\"target\":{\"@type\":\"EntryPoint\",\"urlTemplate\":\"https:\/\/scantank.ee\/?s={search_term_string}\"},\"query-input\":\"required name=search_term_string\"}],\"inLanguage\":\"fi\"},{\"@type\":\"Organization\",\"@id\":\"https:\/\/scantank.ee\/#organization\",\"name\":\"Scantank O\u00dc\",\"url\":\"https:\/\/scantank.ee\/\",\"logo\":{\"@type\":\"ImageObject\",\"inLanguage\":\"fi\",\"@id\":\"https:\/\/scantank.ee\/#\/schema\/logo\/image\/\",\"url\":\"https:\/\/scantank.ee\/wp-content\/uploads\/2019\/08\/scantank-new.png\",\"contentUrl\":\"https:\/\/scantank.ee\/wp-content\/uploads\/2019\/08\/scantank-new.png\",\"width\":1041,\"height\":221,\"caption\":\"Scantank O\u00dc\"},\"image\":{\"@id\":\"https:\/\/scantank.ee\/#\/schema\/logo\/image\/\"},\"sameAs\":[\"http:\/\/www.facebook.com\/scantank\"]}]}<\/script>\n<!-- \/ Yoast SEO plugin. -->","yoast_head_json":{"title":"Strong saostuskaivo 2000\/3000\/5000 L | Scantank","robots":{"index":"index","follow":"follow","max-snippet":"max-snippet:-1","max-image-preview":"max-image-preview:large","max-video-preview":"max-video-preview:-1"},"canonical":"https:\/\/www.scantank.ee\/fi\/toode\/strong-saostuskaivo-2000-3000-5000-l\/","og_locale":"fi_FI","og_type":"article","og_title":"Strong saostuskaivo 2000\/3000\/5000 L | Scantank","og_description":"ID1000 mm. STRONG-saostuskaivosarja koostuu kolmikammioisesta saostuskaivosta, jakokaivosta ja imeytyskent\u00e4st\u00e4. Saostuskaivo 2000 L on sopiva tuote omakotitalon j\u00e4teveden puhdistamiseen enint\u00e4\u00e4n viiden hengen talouksille. Saostuskaivo 3000 L on sopiva tuote omakotitalon j\u00e4teveden puhdistamiseen enint\u00e4\u00e4n seitsem\u00e4n hengen talouksille. Saostuskaivo 5000 L Erikoiskokoisen saostuskaivon koko valitaan j\u00e4teveden m\u00e4\u00e4r\u00e4n mukaan (k\u00e4ytt\u00e4jien lukum\u00e4\u00e4r\u00e4 ja j\u00e4teveden koostumus). Suunniteltu omakotitaloihin ja paikkoihin, joita [&hellip;]","og_url":"https:\/\/www.scantank.ee\/fi\/toode\/strong-saostuskaivo-2000-3000-5000-l\/","og_site_name":"Scantank","article_publisher":"http:\/\/www.facebook.com\/scantank","og_image":[{"width":1080,"height":1080,"url":"https:\/\/www.scantank.ee\/wp-content\/uploads\/2022\/04\/501105_ID1000_Septik_3m3_imbv\u00e4ljak_jaotuskaev.png","type":"image\/png"}],"twitter_card":"summary_large_image","twitter_misc":{"Arvioitu lukuaika":"1 minuutti"},"schema":{"@context":"https:\/\/schema.org","@graph":[{"@type":"WebPage","@id":"https:\/\/www.scantank.ee\/fi\/toode\/strong-saostuskaivo-2000-3000-5000-l\/","url":"https:\/\/www.scantank.ee\/fi\/toode\/strong-saostuskaivo-2000-3000-5000-l\/","name":"Strong saostuskaivo 2000\/3000\/5000 L | Scantank","isPartOf":{"@id":"https:\/\/scantank.ee\/#website"},"primaryImageOfPage":{"@id":"https:\/\/www.scantank.ee\/fi\/toode\/strong-saostuskaivo-2000-3000-5000-l\/#primaryimage"},"image":{"@id":"https:\/\/www.scantank.ee\/fi\/toode\/strong-saostuskaivo-2000-3000-5000-l\/#primaryimage"},"thumbnailUrl":"https:\/\/www.scantank.ee\/wp-content\/uploads\/2022\/04\/501105_ID1000_Septik_3m3_imbv\u00e4ljak_jaotuskaev.png","datePublished":"2022-08-03T10:36:50+00:00","dateModified":"2022-08-03T10:36:50+00:00","breadcrumb":{"@id":"https:\/\/www.scantank.ee\/fi\/toode\/strong-saostuskaivo-2000-3000-5000-l\/#breadcrumb"},"inLanguage":"fi","potentialAction":[{"@type":"ReadAction","target":["https:\/\/www.scantank.ee\/fi\/toode\/strong-saostuskaivo-2000-3000-5000-l\/"]}]},{"@type":"ImageObject","inLanguage":"fi","@id":"https:\/\/www.scantank.ee\/fi\/toode\/strong-saostuskaivo-2000-3000-5000-l\/#primaryimage","url":"https:\/\/www.scantank.ee\/wp-content\/uploads\/2022\/04\/501105_ID1000_Septik_3m3_imbv\u00e4ljak_jaotuskaev.png","contentUrl":"https:\/\/www.scantank.ee\/wp-content\/uploads\/2022\/04\/501105_ID1000_Septik_3m3_imbv\u00e4ljak_jaotuskaev.png","width":1080,"height":1080},{"@type":"BreadcrumbList","@id":"https:\/\/www.scantank.ee\/fi\/toode\/strong-saostuskaivo-2000-3000-5000-l\/#breadcrumb","itemListElement":[{"@type":"ListItem","position":1,"name":"Home","item":"https:\/\/scantank.ee\/fi\/"},{"@type":"ListItem","position":2,"name":"Tuoteluettelo","item":"https:\/\/scantank.ee\/fi\/tuoteluettelo\/"},{"@type":"ListItem","position":3,"name":"Strong saostuskaivo 2000\/3000\/5000 L"}]},{"@type":"WebSite","@id":"https:\/\/scantank.ee\/#website","url":"https:\/\/scantank.ee\/","name":"Scantank","description":"","publisher":{"@id":"https:\/\/scantank.ee\/#organization"},"potentialAction":[{"@type":"SearchAction","target":{"@type":"EntryPoint","urlTemplate":"https:\/\/scantank.ee\/?s={search_term_string}"},"query-input":"required name=search_term_string"}],"inLanguage":"fi"},{"@type":"Organization","@id":"https:\/\/scantank.ee\/#organization","name":"Scantank O\u00dc","url":"https:\/\/scantank.ee\/","logo":{"@type":"ImageObject","inLanguage":"fi","@id":"https:\/\/scantank.ee\/#\/schema\/logo\/image\/","url":"https:\/\/scantank.ee\/wp-content\/uploads\/2019\/08\/scantank-new.png","contentUrl":"https:\/\/scantank.ee\/wp-content\/uploads\/2019\/08\/scantank-new.png","width":1041,"height":221,"caption":"Scantank O\u00dc"},"image":{"@id":"https:\/\/scantank.ee\/#\/schema\/logo\/image\/"},"sameAs":["http:\/\/www.facebook.com\/scantank"]}]}},"_links":{"self":[{"href":"https:\/\/www.scantank.ee\/fi\/wp-json\/wp\/v2\/product\/7250"}],"collection":[{"href":"https:\/\/www.scantank.ee\/fi\/wp-json\/wp\/v2\/product"}],"about":[{"href":"https:\/\/www.scantank.ee\/fi\/wp-json\/wp\/v2\/types\/product"}],"wp:featuredmedia":[{"embeddable":true,"href":"https:\/\/www.scantank.ee\/fi\/wp-json\/wp\/v2\/media\/7077"}],"wp:attachment":[{"href":"https:\/\/www.scantank.ee\/fi\/wp-json\/wp\/v2\/media?parent=7250"}],"wp:term":[{"taxonomy":"product_cat","embeddable":true,"href":"https:\/\/www.scantank.ee\/fi\/wp-json\/wp\/v2\/product_cat?post=7250"},{"taxonomy":"product_tag","embeddable":true,"href":"https:\/\/www.scantank.ee\/fi\/wp-json\/wp\/v2\/product_tag?post=7250"}],"curies":[{"name":"wp","href":"https:\/\/api.w.org\/{rel}","templated":true}]}}