{"id":3152,"date":"2019-10-15T16:09:54","date_gmt":"2019-10-15T16:09:54","guid":{"rendered":"https:\/\/scantank.ee\/hem\/"},"modified":"2025-07-28T19:19:37","modified_gmt":"2025-07-28T19:19:37","slug":"hem","status":"publish","type":"page","link":"https:\/\/www.scantank.ee\/sv\/","title":{"rendered":"Hem"},"content":{"rendered":"\t\t<div data-elementor-type=\"wp-page\" data-elementor-id=\"3152\" class=\"elementor elementor-3152 elementor-143\" data-elementor-post-type=\"page\">\n\t\t\t\t<div class=\"elementor-element elementor-element-28803e7 e-flex e-con-boxed e-con e-parent\" data-id=\"28803e7\" data-element_type=\"container\" data-settings=\"{&quot;background_background&quot;:&quot;classic&quot;}\">\r\n\t\t\t\t\t<div class=\"e-con-inner\">\r\n\t\t\t\t<div class=\"elementor-element elementor-element-89b8019 elementor-widget elementor-widget-heading\" data-id=\"89b8019\" data-element_type=\"widget\" data-widget_type=\"heading.default\">\n\t\t\t\t<div class=\"elementor-widget-container\">\n\t\t\t\t\t<h2 class=\"elementor-heading-title elementor-size-default\">Stort utbud av tankar<br>\n och septiktankar<\/h2>\t\t\t\t<\/div>\n\t\t\t\t<\/div>\n\t\t\t\t<div class=\"elementor-element elementor-element-115aba2 elementor-align-left elementor-widget elementor-widget-button\" data-id=\"115aba2\" data-element_type=\"widget\" data-widget_type=\"button.default\">\n\t\t\t\t<div class=\"elementor-widget-container\">\n\t\t\t\t\t\t\t\t\t<div class=\"elementor-button-wrapper\">\n\t\t\t\t\t<a class=\"elementor-button elementor-button-link elementor-size-sm\" href=\"https:\/\/scantank.ee\/sv\/produktkatalog\/\">\n\t\t\t\t\t\t<span class=\"elementor-button-content-wrapper\">\n\t\t\t\t\t\t<span class=\"elementor-button-icon\">\n\t\t\t\t<svg aria-hidden=\"true\" class=\"e-font-icon-svg e-fas-shopping-cart\" viewBox=\"0 0 576 512\" xmlns=\"http:\/\/www.w3.org\/2000\/svg\"><path d=\"M528.12 301.319l47.273-208C578.806 78.301 567.391 64 551.99 64H159.208l-9.166-44.81C147.758 8.021 137.93 0 126.529 0H24C10.745 0 0 10.745 0 24v16c0 13.255 10.745 24 24 24h69.883l70.248 343.435C147.325 417.1 136 435.222 136 456c0 30.928 25.072 56 56 56s56-25.072 56-56c0-15.674-6.447-29.835-16.824-40h209.647C430.447 426.165 424 440.326 424 456c0 30.928 25.072 56 56 56s56-25.072 56-56c0-22.172-12.888-41.332-31.579-50.405l5.517-24.276c3.413-15.018-8.002-29.319-23.403-29.319H218.117l-6.545-32h293.145c11.206 0 20.92-7.754 23.403-18.681z\"><\/path><\/svg>\t\t\t<\/span>\n\t\t\t\t\t\t\t\t\t<span class=\"elementor-button-text\">VISA PRODUKTKATALOG<\/span>\n\t\t\t\t\t<\/span>\n\t\t\t\t\t<\/a>\n\t\t\t\t<\/div>\n\t\t\t\t\t\t\t\t<\/div>\n\t\t\t\t<\/div>\n\t\t\t\t\t<\/div>\n\t\t\t\t<\/div>\n\t\t<div class=\"elementor-element elementor-element-ab56443 e-flex e-con-boxed e-con e-parent\" data-id=\"ab56443\" data-element_type=\"container\" data-settings=\"{&quot;background_background&quot;:&quot;classic&quot;}\">\r\n\t\t\t\t\t<div class=\"e-con-inner\">\r\n\t\t<div class=\"elementor-element elementor-element-62324fa e-con-full e-flex e-con e-child\" data-id=\"62324fa\" data-element_type=\"container\">\r\n\t\t\t\t<div class=\"elementor-element elementor-element-e84e7b0 elementor-view-framed elementor-shape-circle elementor-widget elementor-widget-icon\" data-id=\"e84e7b0\" data-element_type=\"widget\" data-widget_type=\"icon.default\">\n\t\t\t\t<div class=\"elementor-widget-container\">\n\t\t\t\t\t\t\t<div class=\"elementor-icon-wrapper\">\n\t\t\t<div class=\"elementor-icon\">\n\t\t\t<svg aria-hidden=\"true\" class=\"e-font-icon-svg e-fas-box-open\" viewBox=\"0 0 640 512\" xmlns=\"http:\/\/www.w3.org\/2000\/svg\"><path d=\"M425.7 256c-16.9 0-32.8-9-41.4-23.4L320 126l-64.2 106.6c-8.7 14.5-24.6 23.5-41.5 23.5-4.5 0-9-.6-13.3-1.9L64 215v178c0 14.7 10 27.5 24.2 31l216.2 54.1c10.2 2.5 20.9 2.5 31 0L551.8 424c14.2-3.6 24.2-16.4 24.2-31V215l-137 39.1c-4.3 1.3-8.8 1.9-13.3 1.9zm212.6-112.2L586.8 41c-3.1-6.2-9.8-9.8-16.7-8.9L320 64l91.7 152.1c3.8 6.3 11.4 9.3 18.5 7.3l197.9-56.5c9.9-2.9 14.7-13.9 10.2-23.1zM53.2 41L1.7 143.8c-4.6 9.2.3 20.2 10.1 23l197.9 56.5c7.1 2 14.7-1 18.5-7.3L320 64 69.8 32.1c-6.9-.8-13.5 2.7-16.6 8.9z\"><\/path><\/svg>\t\t\t<\/div>\n\t\t<\/div>\n\t\t\t\t\t\t<\/div>\n\t\t\t\t<\/div>\n\t\t\t\t<div class=\"elementor-element elementor-element-f8babfe elementor-widget elementor-widget-text-editor\" data-id=\"f8babfe\" data-element_type=\"widget\" data-widget_type=\"text-editor.default\">\n\t\t\t\t<div class=\"elementor-widget-container\">\n\t\t\t\t\t\t\t\t\t<p>BRETT UTBUD AV OLIKA PRODUKTER<\/p>\t\t\t\t\t\t\t\t<\/div>\n\t\t\t\t<\/div>\n\t\t\t\t<\/div>\n\t\t<div class=\"elementor-element elementor-element-34f21ab e-con-full e-flex e-con e-child\" data-id=\"34f21ab\" data-element_type=\"container\">\r\n\t\t\t\t<div class=\"elementor-element elementor-element-ab1f542 elementor-view-framed elementor-shape-circle elementor-widget elementor-widget-icon\" data-id=\"ab1f542\" data-element_type=\"widget\" data-widget_type=\"icon.default\">\n\t\t\t\t<div class=\"elementor-widget-container\">\n\t\t\t\t\t\t\t<div class=\"elementor-icon-wrapper\">\n\t\t\t<div class=\"elementor-icon\">\n\t\t\t<svg aria-hidden=\"true\" class=\"e-font-icon-svg e-fas-shipping-fast\" viewBox=\"0 0 640 512\" xmlns=\"http:\/\/www.w3.org\/2000\/svg\"><path d=\"M624 352h-16V243.9c0-12.7-5.1-24.9-14.1-33.9L494 110.1c-9-9-21.2-14.1-33.9-14.1H416V48c0-26.5-21.5-48-48-48H112C85.5 0 64 21.5 64 48v48H8c-4.4 0-8 3.6-8 8v16c0 4.4 3.6 8 8 8h272c4.4 0 8 3.6 8 8v16c0 4.4-3.6 8-8 8H40c-4.4 0-8 3.6-8 8v16c0 4.4 3.6 8 8 8h208c4.4 0 8 3.6 8 8v16c0 4.4-3.6 8-8 8H8c-4.4 0-8 3.6-8 8v16c0 4.4 3.6 8 8 8h208c4.4 0 8 3.6 8 8v16c0 4.4-3.6 8-8 8H64v128c0 53 43 96 96 96s96-43 96-96h128c0 53 43 96 96 96s96-43 96-96h48c8.8 0 16-7.2 16-16v-32c0-8.8-7.2-16-16-16zM160 464c-26.5 0-48-21.5-48-48s21.5-48 48-48 48 21.5 48 48-21.5 48-48 48zm320 0c-26.5 0-48-21.5-48-48s21.5-48 48-48 48 21.5 48 48-21.5 48-48 48zm80-208H416V144h44.1l99.9 99.9V256z\"><\/path><\/svg>\t\t\t<\/div>\n\t\t<\/div>\n\t\t\t\t\t\t<\/div>\n\t\t\t\t<\/div>\n\t\t\t\t<div class=\"elementor-element elementor-element-63ecb1f elementor-widget elementor-widget-text-editor\" data-id=\"63ecb1f\" data-element_type=\"widget\" data-widget_type=\"text-editor.default\">\n\t\t\t\t<div class=\"elementor-widget-container\">\n\t\t\t\t\t\t\t\t\t<p>LEVERANS \u00d6VER HELA ESTLAND<\/p>\t\t\t\t\t\t\t\t<\/div>\n\t\t\t\t<\/div>\n\t\t\t\t<\/div>\n\t\t<div class=\"elementor-element elementor-element-08fb9ce e-con-full e-flex e-con e-child\" data-id=\"08fb9ce\" data-element_type=\"container\">\r\n\t\t\t\t<div class=\"elementor-element elementor-element-08ca09d elementor-view-framed elementor-shape-circle elementor-widget elementor-widget-icon\" data-id=\"08ca09d\" data-element_type=\"widget\" data-widget_type=\"icon.default\">\n\t\t\t\t<div class=\"elementor-widget-container\">\n\t\t\t\t\t\t\t<div class=\"elementor-icon-wrapper\">\n\t\t\t<div class=\"elementor-icon\">\n\t\t\t<i aria-hidden=\"true\" class=\"  porto-icon-chat\"><\/i>\t\t\t<\/div>\n\t\t<\/div>\n\t\t\t\t\t\t<\/div>\n\t\t\t\t<\/div>\n\t\t\t\t<div class=\"elementor-element elementor-element-3d66ae7 elementor-widget elementor-widget-text-editor\" data-id=\"3d66ae7\" data-element_type=\"widget\" data-widget_type=\"text-editor.default\">\n\t\t\t\t<div class=\"elementor-widget-container\">\n\t\t\t\t\t\t\t\t\t<p>V\u00c4NLIG OCH SNABB KUNDSUPPORT<\/p>\t\t\t\t\t\t\t\t<\/div>\n\t\t\t\t<\/div>\n\t\t\t\t<\/div>\n\t\t\t\t\t<\/div>\n\t\t\t\t<\/div>\n\t\t<div class=\"elementor-element elementor-element-28533c4 e-flex e-con-boxed e-con e-parent\" data-id=\"28533c4\" data-element_type=\"container\">\r\n\t\t\t\t\t<div class=\"e-con-inner\">\r\n\t\t<div class=\"elementor-element elementor-element-e4f5ebc e-con-full e-flex e-con e-child\" data-id=\"e4f5ebc\" data-element_type=\"container\" data-settings=\"{&quot;background_background&quot;:&quot;classic&quot;}\">\r\n\t\t\t\t<div class=\"elementor-element elementor-element-55ae6d0 elementor-widget elementor-widget-heading\" data-id=\"55ae6d0\" data-element_type=\"widget\" data-widget_type=\"heading.default\">\n\t\t\t\t<div class=\"elementor-widget-container\">\n\t\t\t\t\t<h2 class=\"elementor-heading-title elementor-size-default\">Glasfiberprodukter<\/h2>\t\t\t\t<\/div>\n\t\t\t\t<\/div>\n\t\t\t\t<div class=\"elementor-element elementor-element-d88099d elementor-widget elementor-widget-text-editor\" data-id=\"d88099d\" data-element_type=\"widget\" data-widget_type=\"text-editor.default\">\n\t\t\t\t<div class=\"elementor-widget-container\">\n\t\t\t\t\t\t\t\t\t<p>Scantank O\u00dc erbjuder ett brett utbud av olika glasfibertankar och septiktankar. Glasfiber \u00e4r ett mycket slitstarkt och h\u00e5llbart material som kan anv\u00e4ndas f\u00f6r m\u00e5nga \u00e4ndam\u00e5l. V\u00e5rt sortiment inkluderar system f\u00f6r rening av regnvatten och avloppsvatten, fettavskiljare, sand- och slamavskiljare, oljeavskiljare, bensinavskiljare, pumpstationer och brunnar.<\/p><p>Alla glasfibertankar tillverkas med lindningsmetoden, vilket g\u00f6r dem mycket h\u00e5llbara i olika milj\u00f6f\u00f6rh\u00e5llanden. Modellsortimentet inkluderar tankar med b\u00e5de horisontell och vertikal installation. Alla erbjudna produkter \u00e4r certifierade och tillverkade av h\u00f6gkvalitativa material, vilket g\u00f6r att vi kan ge en l\u00e5ngsiktig garanti f\u00f6r v\u00e5ra produkter.<\/p><p>Eftersom korrekt installation s\u00e4kerst\u00e4ller produkternas l\u00e5nga livsl\u00e4ngd erbjuder vi \u00e4ven installation av alla glasfiberprodukter i v\u00e5rt sortiment.<\/p>\t\t\t\t\t\t\t\t<\/div>\n\t\t\t\t<\/div>\n\t\t\t\t<div class=\"elementor-element elementor-element-6926718 elementor-widget elementor-widget-image\" data-id=\"6926718\" data-element_type=\"widget\" data-widget_type=\"image.default\">\n\t\t\t\t<div class=\"elementor-widget-container\">\n\t\t\t\t\t\t\t\t\t\t\t\t\t\t\t<img fetchpriority=\"high\" decoding=\"async\" width=\"1024\" height=\"768\" src=\"https:\/\/scantank.ee\/wp-content\/uploads\/2025\/04\/gray-tank-1024x768.jpeg\" class=\"attachment-large size-large wp-image-8323\" alt=\"gray-tank\" srcset=\"https:\/\/scantank.ee\/wp-content\/uploads\/2025\/04\/gray-tank-1024x768.jpeg 1024w, https:\/\/scantank.ee\/wp-content\/uploads\/2025\/04\/gray-tank-768x576.jpeg 768w, https:\/\/scantank.ee\/wp-content\/uploads\/2025\/04\/gray-tank-463x348.jpeg 463w, https:\/\/scantank.ee\/wp-content\/uploads\/2025\/04\/gray-tank-640x480.jpeg 640w, https:\/\/scantank.ee\/wp-content\/uploads\/2025\/04\/gray-tank-400x300.jpeg 400w, https:\/\/scantank.ee\/wp-content\/uploads\/2025\/04\/gray-tank-600x450.jpeg 600w\" sizes=\"(max-width: 1024px) 100vw, 1024px\" \/>\t\t\t\t\t\t\t\t\t\t\t\t\t\t\t<\/div>\n\t\t\t\t<\/div>\n\t\t\t\t<\/div>\n\t\t<div class=\"elementor-element elementor-element-9cfae21 e-con-full e-flex e-con e-child\" data-id=\"9cfae21\" data-element_type=\"container\" data-settings=\"{&quot;background_background&quot;:&quot;classic&quot;}\">\r\n\t\t\t\t<div class=\"elementor-element elementor-element-0c595aa elementor-widget elementor-widget-heading\" data-id=\"0c595aa\" data-element_type=\"widget\" data-widget_type=\"heading.default\">\n\t\t\t\t<div class=\"elementor-widget-container\">\n\t\t\t\t\t<h2 class=\"elementor-heading-title elementor-size-default\">R\u00e4nnr\u00e4nnor<\/h2>\t\t\t\t<\/div>\n\t\t\t\t<\/div>\n\t\t\t\t<div class=\"elementor-element elementor-element-f63b5ec elementor-widget elementor-widget-text-editor\" data-id=\"f63b5ec\" data-element_type=\"widget\" data-widget_type=\"text-editor.default\">\n\t\t\t\t<div class=\"elementor-widget-container\">\n\t\t\t\t\t\t\t\t\t<p>Dr\u00e4neringssystem spelar en mycket viktig roll i att skapa infrastruktur, och f\u00f6r detta \u00e4ndam\u00e5l erbjuder Scantank O\u00dc ett brett utbud av r\u00e4nnr\u00e4nnor som klarar mycket h\u00f6ga belastningar. Vi erbjuder b\u00e5de standardl\u00f6sningar och l\u00f6sningar specialutvecklade f\u00f6r kundens individuella behov. R\u00e4nnr\u00e4nnor spelar en viktig roll i privata tr\u00e4dg\u00e5rdar, stadsgator, torg och industrier.<\/p><p>Baserat p\u00e5 v\u00e5r egen och tillverkarnas erfarenhet hittar vi helt\u00e4ckande l\u00f6sningar inom alla sektorer. Vi erbjuder hydrauliskt korrekta system, d\u00e4r vi tar h\u00e4nsyn till b\u00e5de bel\u00e4ggningsytor, trafikfrekvens och belastning.<\/p><p>Vi fokuserar p\u00e5 l\u00e5ngsiktig kvalitet och erbjuder h\u00e5llbara l\u00f6sningar.<\/p><p>Vi erbjuder \u00e4ven installation av r\u00e4nnr\u00e4nnor.<\/p>\t\t\t\t\t\t\t\t<\/div>\n\t\t\t\t<\/div>\n\t\t\t\t<div class=\"elementor-element elementor-element-c9d8026 elementor-widget elementor-widget-image\" data-id=\"c9d8026\" data-element_type=\"widget\" data-widget_type=\"image.default\">\n\t\t\t\t<div class=\"elementor-widget-container\">\n\t\t\t\t\t\t\t\t\t\t\t\t\t\t\t<img decoding=\"async\" width=\"800\" height=\"566\" src=\"https:\/\/scantank.ee\/wp-content\/uploads\/2025\/04\/Renn.jpeg\" class=\"attachment-large size-large wp-image-8350\" alt=\"Renn\" srcset=\"https:\/\/scantank.ee\/wp-content\/uploads\/2025\/04\/Renn.jpeg 800w, https:\/\/scantank.ee\/wp-content\/uploads\/2025\/04\/Renn-768x543.jpeg 768w, https:\/\/scantank.ee\/wp-content\/uploads\/2025\/04\/Renn-640x453.jpeg 640w, https:\/\/scantank.ee\/wp-content\/uploads\/2025\/04\/Renn-400x283.jpeg 400w, https:\/\/scantank.ee\/wp-content\/uploads\/2025\/04\/Renn-600x425.jpeg 600w\" sizes=\"(max-width: 800px) 100vw, 800px\" \/>\t\t\t\t\t\t\t\t\t\t\t\t\t\t\t<\/div>\n\t\t\t\t<\/div>\n\t\t\t\t<\/div>\n\t\t\t\t\t<\/div>\n\t\t\t\t<\/div>\n\t\t\t\t<\/div>\n\t\t","protected":false},"excerpt":{"rendered":"<p>Stort utbud av tankar och septiktankar VISA PRODUKTKATALOG BRETT UTBUD AV OLIKA PRODUKTER LEVERANS \u00d6VER HELA ESTLAND V\u00c4NLIG OCH SNABB KUNDSUPPORT Glasfiberprodukter Scantank O\u00dc erbjuder ett brett utbud av olika glasfibertankar och septiktankar. Glasfiber \u00e4r ett mycket slitstarkt och h\u00e5llbart material som kan anv\u00e4ndas f\u00f6r m\u00e5nga \u00e4ndam\u00e5l. V\u00e5rt sortiment inkluderar system f\u00f6r rening av regnvatten [&hellip;]<\/p>\n","protected":false},"author":2,"featured_media":0,"parent":0,"menu_order":0,"comment_status":"closed","ping_status":"closed","template":"","meta":{"_acf_changed":false,"inline_featured_image":false,"_exactmetrics_skip_tracking":false,"_exactmetrics_sitenote_active":false,"_exactmetrics_sitenote_note":"","_exactmetrics_sitenote_category":0,"_monsterinsights_skip_tracking":false,"_monsterinsights_sitenote_active":false,"_monsterinsights_sitenote_note":"","_monsterinsights_sitenote_category":0,"footnotes":""},"class_list":["post-3152","page","type-page","status-publish","hentry"],"acf":[],"yoast_head":"<!-- This site is optimized with the Yoast SEO plugin v23.1 - https:\/\/yoast.com\/wordpress\/plugins\/seo\/ -->\n<title>Hem | Scantank<\/title>\n<meta name=\"description\" content=\"Scantank AB \u00e4r ett modernt f\u00f6retag med ett brett utbud, som s\u00e4ljer glasfibertankar och markr\u00e4nnor. Vi installerar alla produkter i v\u00e5rt sortiment och hanterar \u00e4ven andra byggnadsarbeten f\u00f6r vatten och avlopp.\" \/>\n<meta name=\"robots\" content=\"index, follow, max-snippet:-1, max-image-preview:large, max-video-preview:-1\" \/>\n<link rel=\"canonical\" href=\"https:\/\/www.scantank.ee\/sv\/\" \/>\n<meta property=\"og:locale\" content=\"sv_SE\" \/>\n<meta property=\"og:type\" content=\"article\" \/>\n<meta property=\"og:title\" content=\"Scantank AB\" \/>\n<meta property=\"og:description\" content=\"Scantank AB \u00e4r ett modernt f\u00f6retag med ett brett utbud, som s\u00e4ljer glasfibertankar och markr\u00e4nnor. Vi installerar alla produkter i v\u00e5rt sortiment och hanterar \u00e4ven andra byggnadsarbeten f\u00f6r vatten och avlopp.\" \/>\n<meta property=\"og:url\" content=\"https:\/\/www.scantank.ee\/sv\/\" \/>\n<meta property=\"og:site_name\" content=\"Scantank\" \/>\n<meta property=\"article:publisher\" content=\"http:\/\/www.facebook.com\/scantank\" \/>\n<meta property=\"article:modified_time\" content=\"2025-07-28T19:19:37+00:00\" \/>\n<meta property=\"og:image\" content=\"https:\/\/scantank.ee\/wp-content\/uploads\/2020\/02\/Scantank-social-share.png\" \/>\n<meta name=\"twitter:card\" content=\"summary_large_image\" \/>\n<meta name=\"twitter:label1\" content=\"Ber\u00e4knad l\u00e4stid\" \/>\n\t<meta name=\"twitter:data1\" content=\"2 minuter\" \/>\n<script type=\"application\/ld+json\" class=\"yoast-schema-graph\">{\"@context\":\"https:\/\/schema.org\",\"@graph\":[{\"@type\":\"WebPage\",\"@id\":\"https:\/\/www.scantank.ee\/sv\/\",\"url\":\"https:\/\/www.scantank.ee\/sv\/\",\"name\":\"Hem | Scantank\",\"isPartOf\":{\"@id\":\"https:\/\/scantank.ee\/#website\"},\"primaryImageOfPage\":{\"@id\":\"https:\/\/www.scantank.ee\/sv\/#primaryimage\"},\"image\":{\"@id\":\"https:\/\/www.scantank.ee\/sv\/#primaryimage\"},\"thumbnailUrl\":\"https:\/\/scantank.ee\/wp-content\/uploads\/2025\/04\/gray-tank-1024x768.jpeg\",\"datePublished\":\"2019-10-15T16:09:54+00:00\",\"dateModified\":\"2025-07-28T19:19:37+00:00\",\"description\":\"Scantank AB \u00e4r ett modernt f\u00f6retag med ett brett utbud, som s\u00e4ljer glasfibertankar och markr\u00e4nnor. Vi installerar alla produkter i v\u00e5rt sortiment och hanterar \u00e4ven andra byggnadsarbeten f\u00f6r vatten och avlopp.\",\"breadcrumb\":{\"@id\":\"https:\/\/www.scantank.ee\/sv\/#breadcrumb\"},\"inLanguage\":\"sv-SE\",\"potentialAction\":[{\"@type\":\"ReadAction\",\"target\":[\"https:\/\/www.scantank.ee\/sv\/\"]}]},{\"@type\":\"ImageObject\",\"inLanguage\":\"sv-SE\",\"@id\":\"https:\/\/www.scantank.ee\/sv\/#primaryimage\",\"url\":\"https:\/\/scantank.ee\/wp-content\/uploads\/2025\/04\/gray-tank-1024x768.jpeg\",\"contentUrl\":\"https:\/\/scantank.ee\/wp-content\/uploads\/2025\/04\/gray-tank-1024x768.jpeg\"},{\"@type\":\"BreadcrumbList\",\"@id\":\"https:\/\/www.scantank.ee\/sv\/#breadcrumb\",\"itemListElement\":[{\"@type\":\"ListItem\",\"position\":1,\"name\":\"Home\",\"item\":\"https:\/\/scantank.ee\/sv\/\"},{\"@type\":\"ListItem\",\"position\":2,\"name\":\"Hem\"}]},{\"@type\":\"WebSite\",\"@id\":\"https:\/\/scantank.ee\/#website\",\"url\":\"https:\/\/scantank.ee\/\",\"name\":\"Scantank\",\"description\":\"\",\"publisher\":{\"@id\":\"https:\/\/scantank.ee\/#organization\"},\"potentialAction\":[{\"@type\":\"SearchAction\",\"target\":{\"@type\":\"EntryPoint\",\"urlTemplate\":\"https:\/\/scantank.ee\/?s={search_term_string}\"},\"query-input\":\"required name=search_term_string\"}],\"inLanguage\":\"sv-SE\"},{\"@type\":\"Organization\",\"@id\":\"https:\/\/scantank.ee\/#organization\",\"name\":\"Scantank O\u00dc\",\"url\":\"https:\/\/scantank.ee\/\",\"logo\":{\"@type\":\"ImageObject\",\"inLanguage\":\"sv-SE\",\"@id\":\"https:\/\/scantank.ee\/#\/schema\/logo\/image\/\",\"url\":\"https:\/\/scantank.ee\/wp-content\/uploads\/2019\/08\/scantank-new.png\",\"contentUrl\":\"https:\/\/scantank.ee\/wp-content\/uploads\/2019\/08\/scantank-new.png\",\"width\":1041,\"height\":221,\"caption\":\"Scantank O\u00dc\"},\"image\":{\"@id\":\"https:\/\/scantank.ee\/#\/schema\/logo\/image\/\"},\"sameAs\":[\"http:\/\/www.facebook.com\/scantank\"]}]}<\/script>\n<!-- \/ Yoast SEO plugin. -->","yoast_head_json":{"title":"Hem | Scantank","description":"Scantank AB \u00e4r ett modernt f\u00f6retag med ett brett utbud, som s\u00e4ljer glasfibertankar och markr\u00e4nnor. Vi installerar alla produkter i v\u00e5rt sortiment och hanterar \u00e4ven andra byggnadsarbeten f\u00f6r vatten och avlopp.","robots":{"index":"index","follow":"follow","max-snippet":"max-snippet:-1","max-image-preview":"max-image-preview:large","max-video-preview":"max-video-preview:-1"},"canonical":"https:\/\/www.scantank.ee\/sv\/","og_locale":"sv_SE","og_type":"article","og_title":"Scantank AB","og_description":"Scantank AB \u00e4r ett modernt f\u00f6retag med ett brett utbud, som s\u00e4ljer glasfibertankar och markr\u00e4nnor. Vi installerar alla produkter i v\u00e5rt sortiment och hanterar \u00e4ven andra byggnadsarbeten f\u00f6r vatten och avlopp.","og_url":"https:\/\/www.scantank.ee\/sv\/","og_site_name":"Scantank","article_publisher":"http:\/\/www.facebook.com\/scantank","article_modified_time":"2025-07-28T19:19:37+00:00","og_image":[{"url":"https:\/\/scantank.ee\/wp-content\/uploads\/2020\/02\/Scantank-social-share.png"}],"twitter_card":"summary_large_image","twitter_misc":{"Ber\u00e4knad l\u00e4stid":"2 minuter"},"schema":{"@context":"https:\/\/schema.org","@graph":[{"@type":"WebPage","@id":"https:\/\/www.scantank.ee\/sv\/","url":"https:\/\/www.scantank.ee\/sv\/","name":"Hem | Scantank","isPartOf":{"@id":"https:\/\/scantank.ee\/#website"},"primaryImageOfPage":{"@id":"https:\/\/www.scantank.ee\/sv\/#primaryimage"},"image":{"@id":"https:\/\/www.scantank.ee\/sv\/#primaryimage"},"thumbnailUrl":"https:\/\/scantank.ee\/wp-content\/uploads\/2025\/04\/gray-tank-1024x768.jpeg","datePublished":"2019-10-15T16:09:54+00:00","dateModified":"2025-07-28T19:19:37+00:00","description":"Scantank AB \u00e4r ett modernt f\u00f6retag med ett brett utbud, som s\u00e4ljer glasfibertankar och markr\u00e4nnor. Vi installerar alla produkter i v\u00e5rt sortiment och hanterar \u00e4ven andra byggnadsarbeten f\u00f6r vatten och avlopp.","breadcrumb":{"@id":"https:\/\/www.scantank.ee\/sv\/#breadcrumb"},"inLanguage":"sv-SE","potentialAction":[{"@type":"ReadAction","target":["https:\/\/www.scantank.ee\/sv\/"]}]},{"@type":"ImageObject","inLanguage":"sv-SE","@id":"https:\/\/www.scantank.ee\/sv\/#primaryimage","url":"https:\/\/scantank.ee\/wp-content\/uploads\/2025\/04\/gray-tank-1024x768.jpeg","contentUrl":"https:\/\/scantank.ee\/wp-content\/uploads\/2025\/04\/gray-tank-1024x768.jpeg"},{"@type":"BreadcrumbList","@id":"https:\/\/www.scantank.ee\/sv\/#breadcrumb","itemListElement":[{"@type":"ListItem","position":1,"name":"Home","item":"https:\/\/scantank.ee\/sv\/"},{"@type":"ListItem","position":2,"name":"Hem"}]},{"@type":"WebSite","@id":"https:\/\/scantank.ee\/#website","url":"https:\/\/scantank.ee\/","name":"Scantank","description":"","publisher":{"@id":"https:\/\/scantank.ee\/#organization"},"potentialAction":[{"@type":"SearchAction","target":{"@type":"EntryPoint","urlTemplate":"https:\/\/scantank.ee\/?s={search_term_string}"},"query-input":"required name=search_term_string"}],"inLanguage":"sv-SE"},{"@type":"Organization","@id":"https:\/\/scantank.ee\/#organization","name":"Scantank O\u00dc","url":"https:\/\/scantank.ee\/","logo":{"@type":"ImageObject","inLanguage":"sv-SE","@id":"https:\/\/scantank.ee\/#\/schema\/logo\/image\/","url":"https:\/\/scantank.ee\/wp-content\/uploads\/2019\/08\/scantank-new.png","contentUrl":"https:\/\/scantank.ee\/wp-content\/uploads\/2019\/08\/scantank-new.png","width":1041,"height":221,"caption":"Scantank O\u00dc"},"image":{"@id":"https:\/\/scantank.ee\/#\/schema\/logo\/image\/"},"sameAs":["http:\/\/www.facebook.com\/scantank"]}]}},"_links":{"self":[{"href":"https:\/\/www.scantank.ee\/sv\/wp-json\/wp\/v2\/pages\/3152"}],"collection":[{"href":"https:\/\/www.scantank.ee\/sv\/wp-json\/wp\/v2\/pages"}],"about":[{"href":"https:\/\/www.scantank.ee\/sv\/wp-json\/wp\/v2\/types\/page"}],"author":[{"embeddable":true,"href":"https:\/\/www.scantank.ee\/sv\/wp-json\/wp\/v2\/users\/2"}],"replies":[{"embeddable":true,"href":"https:\/\/www.scantank.ee\/sv\/wp-json\/wp\/v2\/comments?post=3152"}],"version-history":[{"count":5,"href":"https:\/\/www.scantank.ee\/sv\/wp-json\/wp\/v2\/pages\/3152\/revisions"}],"predecessor-version":[{"id":8389,"href":"https:\/\/www.scantank.ee\/sv\/wp-json\/wp\/v2\/pages\/3152\/revisions\/8389"}],"wp:attachment":[{"href":"https:\/\/www.scantank.ee\/sv\/wp-json\/wp\/v2\/media?parent=3152"}],"curies":[{"name":"wp","href":"https:\/\/api.w.org\/{rel}","templated":true}]}}