{"id":4797,"date":"2019-12-27T13:43:04","date_gmt":"2019-12-27T13:43:04","guid":{"rendered":"https:\/\/scantank.ee\/toode\/birco-sir-40-40-avloppsbrunn-e600\/"},"modified":"2019-12-27T13:43:04","modified_gmt":"2019-12-27T13:43:04","slug":"birco-sir-40-40-avloppsbrunn-e600","status":"publish","type":"product","link":"https:\/\/www.scantank.ee\/sv\/toode\/birco-sir-40-40-avloppsbrunn-e600\/","title":{"rendered":"Birco Sir 40\/40 avloppsbrunn E600"},"content":{"rendered":"<p>Faktablad: <a href=\"https:\/\/scantank.ee\/wp-content\/uploads\/2019\/09\/BIRCO-Sir-Point-Drainage.pdf\">BIRCO Sir Avloppsbrunn datablad ENG<\/a><\/p>\n<p>F\u00f6rs\u00e4kran om \u00f6verensst\u00e4mmelse:\u00a0<a href=\"https:\/\/scantank.ee\/wp-content\/uploads\/2019\/09\/DoC-BIRCO-Point-Drainage.pdf\">DoC BIRCO Avloppsbrunn ENG<\/a><\/p>\n<p><strong>Birco Sir 40\/40 avloppsbrunn i betong<\/strong><\/p>\n<p>Dr\u00e4neringssystem f\u00f6r \u00f6ppna omr\u00e5den och platser:<\/p>\n<p>BIRCOsir betongavloppsbrunnar har en h\u00f6g hydraulisk kapacitet, f\u00f6r att s\u00e4kerst\u00e4lla en snabb dr\u00e4nering av vatten. Deras h\u00f6ga belastningsf\u00f6rm\u00e5ga och attraktiva utbud av galler g\u00f6r systemet allm\u00e4nt till\u00e4mpligt och erbjuder ett brett utbud av designl\u00f6sningar, f\u00f6r b\u00e5de den privata och den kommersiella sektorn.<\/p>\n<p><strong>Fakta om BIRCOsir betongavloppsbrunnar:<\/strong><\/p>\n<p>+ Tv\u00e5 storlekar: 30\/30 och 40\/40 cm<\/p>\n<p>+ Ramvinklar i galvaniserat st\u00e5l<\/p>\n<p>+ En eller flera delar<\/p>\n<p>+ Kan ocks\u00e5 anv\u00e4ndas som en sumpbrunn (40\/40 cm)<\/p>\n<p>+ Belastningsklass A15\u2013E600<\/p>\n<p>+ Galler med bultanslutningar eller Easylock-f\u00e4stning<\/p>\n<p><strong>Huvudsakliga anv\u00e4ndningsomr\u00e5den f\u00f6r BIRCOsir betongavloppsbrunnar:<\/strong><\/p>\n<p>+ \u00d6ppna omr\u00e5den och omr\u00e5den hos de kommersiella och privata sektorerna, g\u00e5rdar<\/p>\n<p>+ Tungt trafikerade omr\u00e5den<\/p>\n<p>+ Parkeringsplatser som anv\u00e4nds av lastbilar (stormarknader, fraktf\u00f6retag etc.)<\/p>\n<p>+ Sumpbrunnar<\/p>\n<p>+ Belysning kan installeras<\/p>\n<p><strong>Tekniska specifikationer &#8211; Sir 40\/40 betongavloppsbrunnar:<\/strong><\/p>\n<table border=\"0\" width=\"296\" cellspacing=\"0\" cellpadding=\"2\">\n<tbody>\n<tr>\n<td>Produkt<\/td>\n<td colspan=\"2\">BIRCOsir 30\/30 avloppsbrunn<\/td>\n<\/tr>\n<tr>\n<td>Bredd<\/td>\n<td colspan=\"2\">400\u00d7400 mm<\/td>\n<\/tr>\n<tr>\n<td>H\u00f6jd f\u00f6r 1\/2\/3 delar<\/td>\n<td colspan=\"2\">575\/880\/1200 mm<\/td>\n<\/tr>\n<tr>\n<td>Vikt f\u00f6r 1\/2\/3 delar<\/td>\n<td colspan=\"2\">121\/180\/232 kg<\/td>\n<\/tr>\n<tr>\n<td>Slamhink<\/td>\n<td colspan=\"2\">Ja<\/td>\n<\/tr>\n<tr>\n<td>Luktf\u00e4lla<\/td>\n<td colspan=\"2\">Ja<\/td>\n<\/tr>\n<tr>\n<td>Galler<\/td>\n<td colspan=\"2\">segj\u00e4rn \/ galvaniserat st\u00e5l<\/td>\n<\/tr>\n<tr>\n<td colspan=\"3\"><\/td>\n<\/tr>\n<tr>\n<td><\/td>\n<td><\/td>\n<td colspan=\"1\"><\/td>\n<\/tr>\n<\/tbody>\n<\/table>\n<p>Birco avloppsbrunnar kan kombineras med olika galler och de kan best\u00e4llas i en, tv\u00e5 eller tre delar. Du kan hitta hela utbudet av avloppsbrunnar genom att \u00f6ppna databladet.<\/p>\n<p><em>Kontakta oss f\u00f6r mer information.<\/em><\/p>\n","protected":false},"excerpt":{"rendered":"<p>Faktablad: BIRCO Sir Avloppsbrunn datablad ENG F\u00f6rs\u00e4kran om \u00f6verensst\u00e4mmelse:\u00a0DoC BIRCO Avloppsbrunn ENG Birco Sir 40\/40 avloppsbrunn i betong Dr\u00e4neringssystem f\u00f6r \u00f6ppna omr\u00e5den och platser: BIRCOsir betongavloppsbrunnar har en h\u00f6g hydraulisk kapacitet, f\u00f6r att s\u00e4kerst\u00e4lla en snabb dr\u00e4nering av vatten. Deras h\u00f6ga belastningsf\u00f6rm\u00e5ga och attraktiva utbud av galler g\u00f6r systemet allm\u00e4nt till\u00e4mpligt och erbjuder ett brett [&hellip;]<\/p>\n","protected":false},"featured_media":3065,"template":"","meta":{"_acf_changed":false,"inline_featured_image":false,"_exactmetrics_skip_tracking":false,"_exactmetrics_sitenote_active":false,"_exactmetrics_sitenote_note":"","_exactmetrics_sitenote_category":0,"_monsterinsights_skip_tracking":false,"_monsterinsights_sitenote_active":false,"_monsterinsights_sitenote_note":"","_monsterinsights_sitenote_category":0},"product_cat":[208],"product_tag":[],"class_list":{"0":"post-4797","1":"product","2":"type-product","3":"status-publish","4":"has-post-thumbnail","6":"product_cat-birco-light-e600-sv","8":"first","9":"instock","10":"shipping-taxable","11":"product-type-simple"},"acf":[],"yoast_head":"<!-- This site is optimized with the Yoast SEO plugin v23.1 - https:\/\/yoast.com\/wordpress\/plugins\/seo\/ -->\n<title>Birco Sir 40\/40 avloppsbrunn E600 | Scantank<\/title>\n<meta name=\"robots\" content=\"index, follow, max-snippet:-1, max-image-preview:large, max-video-preview:-1\" \/>\n<link rel=\"canonical\" href=\"https:\/\/www.scantank.ee\/sv\/toode\/birco-sir-40-40-avloppsbrunn-e600\/\" \/>\n<meta property=\"og:locale\" content=\"sv_SE\" \/>\n<meta property=\"og:type\" content=\"article\" \/>\n<meta property=\"og:title\" content=\"Birco Sir 40\/40 avloppsbrunn E600 | Scantank\" \/>\n<meta property=\"og:description\" content=\"Faktablad: BIRCO Sir Avloppsbrunn datablad ENG F\u00f6rs\u00e4kran om \u00f6verensst\u00e4mmelse:\u00a0DoC BIRCO Avloppsbrunn ENG Birco Sir 40\/40 avloppsbrunn i betong Dr\u00e4neringssystem f\u00f6r \u00f6ppna omr\u00e5den och platser: BIRCOsir betongavloppsbrunnar har en h\u00f6g hydraulisk kapacitet, f\u00f6r att s\u00e4kerst\u00e4lla en snabb dr\u00e4nering av vatten. Deras h\u00f6ga belastningsf\u00f6rm\u00e5ga och attraktiva utbud av galler g\u00f6r systemet allm\u00e4nt till\u00e4mpligt och erbjuder ett brett [&hellip;]\" \/>\n<meta property=\"og:url\" content=\"https:\/\/www.scantank.ee\/sv\/toode\/birco-sir-40-40-avloppsbrunn-e600\/\" \/>\n<meta property=\"og:site_name\" content=\"Scantank\" \/>\n<meta property=\"article:publisher\" content=\"http:\/\/www.facebook.com\/scantank\" \/>\n<meta property=\"og:image\" content=\"https:\/\/scantank.ee\/wp-content\/uploads\/2019\/08\/BIRCOsir-trapp.jpg\" \/>\n\t<meta property=\"og:image:width\" content=\"638\" \/>\n\t<meta property=\"og:image:height\" content=\"541\" \/>\n\t<meta property=\"og:image:type\" content=\"image\/jpeg\" \/>\n<meta name=\"twitter:card\" content=\"summary_large_image\" \/>\n<meta name=\"twitter:label1\" content=\"Ber\u00e4knad l\u00e4stid\" \/>\n\t<meta name=\"twitter:data1\" content=\"1 minut\" \/>\n<script type=\"application\/ld+json\" class=\"yoast-schema-graph\">{\"@context\":\"https:\/\/schema.org\",\"@graph\":[{\"@type\":\"WebPage\",\"@id\":\"https:\/\/www.scantank.ee\/sv\/toode\/birco-sir-40-40-avloppsbrunn-e600\/\",\"url\":\"https:\/\/www.scantank.ee\/sv\/toode\/birco-sir-40-40-avloppsbrunn-e600\/\",\"name\":\"Birco Sir 40\/40 avloppsbrunn E600 | Scantank\",\"isPartOf\":{\"@id\":\"https:\/\/scantank.ee\/#website\"},\"primaryImageOfPage\":{\"@id\":\"https:\/\/www.scantank.ee\/sv\/toode\/birco-sir-40-40-avloppsbrunn-e600\/#primaryimage\"},\"image\":{\"@id\":\"https:\/\/www.scantank.ee\/sv\/toode\/birco-sir-40-40-avloppsbrunn-e600\/#primaryimage\"},\"thumbnailUrl\":\"https:\/\/www.scantank.ee\/wp-content\/uploads\/2019\/08\/BIRCOsir-trapp.jpg\",\"datePublished\":\"2019-12-27T13:43:04+00:00\",\"dateModified\":\"2019-12-27T13:43:04+00:00\",\"breadcrumb\":{\"@id\":\"https:\/\/www.scantank.ee\/sv\/toode\/birco-sir-40-40-avloppsbrunn-e600\/#breadcrumb\"},\"inLanguage\":\"sv-SE\",\"potentialAction\":[{\"@type\":\"ReadAction\",\"target\":[\"https:\/\/www.scantank.ee\/sv\/toode\/birco-sir-40-40-avloppsbrunn-e600\/\"]}]},{\"@type\":\"ImageObject\",\"inLanguage\":\"sv-SE\",\"@id\":\"https:\/\/www.scantank.ee\/sv\/toode\/birco-sir-40-40-avloppsbrunn-e600\/#primaryimage\",\"url\":\"https:\/\/www.scantank.ee\/wp-content\/uploads\/2019\/08\/BIRCOsir-trapp.jpg\",\"contentUrl\":\"https:\/\/www.scantank.ee\/wp-content\/uploads\/2019\/08\/BIRCOsir-trapp.jpg\",\"width\":638,\"height\":541},{\"@type\":\"BreadcrumbList\",\"@id\":\"https:\/\/www.scantank.ee\/sv\/toode\/birco-sir-40-40-avloppsbrunn-e600\/#breadcrumb\",\"itemListElement\":[{\"@type\":\"ListItem\",\"position\":1,\"name\":\"Home\",\"item\":\"https:\/\/scantank.ee\/sv\/\"},{\"@type\":\"ListItem\",\"position\":2,\"name\":\"Produktkatalog\",\"item\":\"https:\/\/scantank.ee\/sv\/produktkatalog\/\"},{\"@type\":\"ListItem\",\"position\":3,\"name\":\"Birco Sir 40\/40 avloppsbrunn E600\"}]},{\"@type\":\"WebSite\",\"@id\":\"https:\/\/scantank.ee\/#website\",\"url\":\"https:\/\/scantank.ee\/\",\"name\":\"Scantank\",\"description\":\"\",\"publisher\":{\"@id\":\"https:\/\/scantank.ee\/#organization\"},\"potentialAction\":[{\"@type\":\"SearchAction\",\"target\":{\"@type\":\"EntryPoint\",\"urlTemplate\":\"https:\/\/scantank.ee\/?s={search_term_string}\"},\"query-input\":\"required name=search_term_string\"}],\"inLanguage\":\"sv-SE\"},{\"@type\":\"Organization\",\"@id\":\"https:\/\/scantank.ee\/#organization\",\"name\":\"Scantank O\u00dc\",\"url\":\"https:\/\/scantank.ee\/\",\"logo\":{\"@type\":\"ImageObject\",\"inLanguage\":\"sv-SE\",\"@id\":\"https:\/\/scantank.ee\/#\/schema\/logo\/image\/\",\"url\":\"https:\/\/scantank.ee\/wp-content\/uploads\/2019\/08\/scantank-new.png\",\"contentUrl\":\"https:\/\/scantank.ee\/wp-content\/uploads\/2019\/08\/scantank-new.png\",\"width\":1041,\"height\":221,\"caption\":\"Scantank O\u00dc\"},\"image\":{\"@id\":\"https:\/\/scantank.ee\/#\/schema\/logo\/image\/\"},\"sameAs\":[\"http:\/\/www.facebook.com\/scantank\"]}]}<\/script>\n<!-- \/ Yoast SEO plugin. -->","yoast_head_json":{"title":"Birco Sir 40\/40 avloppsbrunn E600 | Scantank","robots":{"index":"index","follow":"follow","max-snippet":"max-snippet:-1","max-image-preview":"max-image-preview:large","max-video-preview":"max-video-preview:-1"},"canonical":"https:\/\/www.scantank.ee\/sv\/toode\/birco-sir-40-40-avloppsbrunn-e600\/","og_locale":"sv_SE","og_type":"article","og_title":"Birco Sir 40\/40 avloppsbrunn E600 | Scantank","og_description":"Faktablad: BIRCO Sir Avloppsbrunn datablad ENG F\u00f6rs\u00e4kran om \u00f6verensst\u00e4mmelse:\u00a0DoC BIRCO Avloppsbrunn ENG Birco Sir 40\/40 avloppsbrunn i betong Dr\u00e4neringssystem f\u00f6r \u00f6ppna omr\u00e5den och platser: BIRCOsir betongavloppsbrunnar har en h\u00f6g hydraulisk kapacitet, f\u00f6r att s\u00e4kerst\u00e4lla en snabb dr\u00e4nering av vatten. Deras h\u00f6ga belastningsf\u00f6rm\u00e5ga och attraktiva utbud av galler g\u00f6r systemet allm\u00e4nt till\u00e4mpligt och erbjuder ett brett [&hellip;]","og_url":"https:\/\/www.scantank.ee\/sv\/toode\/birco-sir-40-40-avloppsbrunn-e600\/","og_site_name":"Scantank","article_publisher":"http:\/\/www.facebook.com\/scantank","og_image":[{"width":638,"height":541,"url":"https:\/\/scantank.ee\/wp-content\/uploads\/2019\/08\/BIRCOsir-trapp.jpg","type":"image\/jpeg"}],"twitter_card":"summary_large_image","twitter_misc":{"Ber\u00e4knad l\u00e4stid":"1 minut"},"schema":{"@context":"https:\/\/schema.org","@graph":[{"@type":"WebPage","@id":"https:\/\/www.scantank.ee\/sv\/toode\/birco-sir-40-40-avloppsbrunn-e600\/","url":"https:\/\/www.scantank.ee\/sv\/toode\/birco-sir-40-40-avloppsbrunn-e600\/","name":"Birco Sir 40\/40 avloppsbrunn E600 | Scantank","isPartOf":{"@id":"https:\/\/scantank.ee\/#website"},"primaryImageOfPage":{"@id":"https:\/\/www.scantank.ee\/sv\/toode\/birco-sir-40-40-avloppsbrunn-e600\/#primaryimage"},"image":{"@id":"https:\/\/www.scantank.ee\/sv\/toode\/birco-sir-40-40-avloppsbrunn-e600\/#primaryimage"},"thumbnailUrl":"https:\/\/www.scantank.ee\/wp-content\/uploads\/2019\/08\/BIRCOsir-trapp.jpg","datePublished":"2019-12-27T13:43:04+00:00","dateModified":"2019-12-27T13:43:04+00:00","breadcrumb":{"@id":"https:\/\/www.scantank.ee\/sv\/toode\/birco-sir-40-40-avloppsbrunn-e600\/#breadcrumb"},"inLanguage":"sv-SE","potentialAction":[{"@type":"ReadAction","target":["https:\/\/www.scantank.ee\/sv\/toode\/birco-sir-40-40-avloppsbrunn-e600\/"]}]},{"@type":"ImageObject","inLanguage":"sv-SE","@id":"https:\/\/www.scantank.ee\/sv\/toode\/birco-sir-40-40-avloppsbrunn-e600\/#primaryimage","url":"https:\/\/www.scantank.ee\/wp-content\/uploads\/2019\/08\/BIRCOsir-trapp.jpg","contentUrl":"https:\/\/www.scantank.ee\/wp-content\/uploads\/2019\/08\/BIRCOsir-trapp.jpg","width":638,"height":541},{"@type":"BreadcrumbList","@id":"https:\/\/www.scantank.ee\/sv\/toode\/birco-sir-40-40-avloppsbrunn-e600\/#breadcrumb","itemListElement":[{"@type":"ListItem","position":1,"name":"Home","item":"https:\/\/scantank.ee\/sv\/"},{"@type":"ListItem","position":2,"name":"Produktkatalog","item":"https:\/\/scantank.ee\/sv\/produktkatalog\/"},{"@type":"ListItem","position":3,"name":"Birco Sir 40\/40 avloppsbrunn E600"}]},{"@type":"WebSite","@id":"https:\/\/scantank.ee\/#website","url":"https:\/\/scantank.ee\/","name":"Scantank","description":"","publisher":{"@id":"https:\/\/scantank.ee\/#organization"},"potentialAction":[{"@type":"SearchAction","target":{"@type":"EntryPoint","urlTemplate":"https:\/\/scantank.ee\/?s={search_term_string}"},"query-input":"required name=search_term_string"}],"inLanguage":"sv-SE"},{"@type":"Organization","@id":"https:\/\/scantank.ee\/#organization","name":"Scantank O\u00dc","url":"https:\/\/scantank.ee\/","logo":{"@type":"ImageObject","inLanguage":"sv-SE","@id":"https:\/\/scantank.ee\/#\/schema\/logo\/image\/","url":"https:\/\/scantank.ee\/wp-content\/uploads\/2019\/08\/scantank-new.png","contentUrl":"https:\/\/scantank.ee\/wp-content\/uploads\/2019\/08\/scantank-new.png","width":1041,"height":221,"caption":"Scantank O\u00dc"},"image":{"@id":"https:\/\/scantank.ee\/#\/schema\/logo\/image\/"},"sameAs":["http:\/\/www.facebook.com\/scantank"]}]}},"_links":{"self":[{"href":"https:\/\/www.scantank.ee\/sv\/wp-json\/wp\/v2\/product\/4797"}],"collection":[{"href":"https:\/\/www.scantank.ee\/sv\/wp-json\/wp\/v2\/product"}],"about":[{"href":"https:\/\/www.scantank.ee\/sv\/wp-json\/wp\/v2\/types\/product"}],"wp:featuredmedia":[{"embeddable":true,"href":"https:\/\/www.scantank.ee\/sv\/wp-json\/wp\/v2\/media\/3065"}],"wp:attachment":[{"href":"https:\/\/www.scantank.ee\/sv\/wp-json\/wp\/v2\/media?parent=4797"}],"wp:term":[{"taxonomy":"product_cat","embeddable":true,"href":"https:\/\/www.scantank.ee\/sv\/wp-json\/wp\/v2\/product_cat?post=4797"},{"taxonomy":"product_tag","embeddable":true,"href":"https:\/\/www.scantank.ee\/sv\/wp-json\/wp\/v2\/product_tag?post=4797"}],"curies":[{"name":"wp","href":"https:\/\/api.w.org\/{rel}","templated":true}]}}